{"id":9965,"date":"2022-07-13T15:02:27","date_gmt":"2022-07-13T15:02:27","guid":{"rendered":"https:\/\/nerba.pt\/site\/?page_id=9965"},"modified":"2023-03-14T14:21:41","modified_gmt":"2023-03-14T14:21:41","slug":"timmis-2","status":"publish","type":"page","link":"https:\/\/nerba.pt\/site\/timmis-2\/","title":{"rendered":"TIMMIS"},"content":{"rendered":"\t\t<div data-elementor-type=\"wp-page\" data-elementor-id=\"9965\" class=\"elementor elementor-9965\" data-elementor-post-type=\"page\">\n\t\t\t\t\t\t\t\t\t<section class=\"elementor-section elementor-top-section elementor-element elementor-element-70805cc elementor-section-boxed elementor-section-height-default elementor-section-height-default\" data-id=\"70805cc\" data-element_type=\"section\">\n\t\t\t\t\t\t<div class=\"elementor-container elementor-column-gap-default\">\n\t\t\t\t\t<div class=\"elementor-column elementor-col-33 elementor-top-column elementor-element elementor-element-66f0e4d\" data-id=\"66f0e4d\" data-element_type=\"column\">\n\t\t\t<div class=\"elementor-widget-wrap\">\n\t\t\t\t\t\t\t\t\t<\/div>\n\t\t<\/div>\n\t\t\t\t<div class=\"elementor-column elementor-col-33 elementor-top-column elementor-element elementor-element-6b45cef\" data-id=\"6b45cef\" data-element_type=\"column\">\n\t\t\t<div class=\"elementor-widget-wrap elementor-element-populated\">\n\t\t\t\t\t\t\t\t<div class=\"elementor-element elementor-element-0641919 elementor-widget elementor-widget-image\" data-id=\"0641919\" data-element_type=\"widget\" data-widget_type=\"image.default\">\n\t\t\t\t<div class=\"elementor-widget-container\">\n\t\t\t\t\t\t\t\t\t\t\t\t\t\t\t<img decoding=\"async\" width=\"900\" height=\"247\" data-src=\"https:\/\/nerba.pt\/site\/wp-content\/uploads\/2022\/07\/8ee107fb8e11fa27c5eb0c84c03d7dff_XL.jpg\" class=\"attachment-large size-large wp-image-9971 lazyload\" alt=\"\" src=\"data:image\/svg+xml;base64,PHN2ZyB3aWR0aD0iMSIgaGVpZ2h0PSIxIiB4bWxucz0iaHR0cDovL3d3dy53My5vcmcvMjAwMC9zdmciPjwvc3ZnPg==\" style=\"--smush-placeholder-width: 900px; --smush-placeholder-aspect-ratio: 900\/247;\" \/>\t\t\t\t\t\t\t\t\t\t\t\t\t\t\t<\/div>\n\t\t\t\t<\/div>\n\t\t\t\t\t<\/div>\n\t\t<\/div>\n\t\t\t\t<div class=\"elementor-column elementor-col-33 elementor-top-column elementor-element elementor-element-a37e4b5\" data-id=\"a37e4b5\" data-element_type=\"column\">\n\t\t\t<div class=\"elementor-widget-wrap\">\n\t\t\t\t\t\t\t\t\t<\/div>\n\t\t<\/div>\n\t\t\t\t\t\t\t<\/div>\n\t\t<\/section>\n\t\t\t\t<section class=\"elementor-section elementor-top-section elementor-element elementor-element-2ed0e3a elementor-section-boxed elementor-section-height-default elementor-section-height-default\" data-id=\"2ed0e3a\" data-element_type=\"section\">\n\t\t\t\t\t\t<div class=\"elementor-container elementor-column-gap-default\">\n\t\t\t\t\t<div class=\"elementor-column elementor-col-100 elementor-top-column elementor-element elementor-element-69e1e83\" data-id=\"69e1e83\" data-element_type=\"column\">\n\t\t\t<div class=\"elementor-widget-wrap elementor-element-populated\">\n\t\t\t\t\t\t\t\t<div class=\"elementor-element elementor-element-b124e23 elementor-widget elementor-widget-spacer\" data-id=\"b124e23\" data-element_type=\"widget\" data-widget_type=\"spacer.default\">\n\t\t\t\t<div class=\"elementor-widget-container\">\n\t\t\t\t\t<div class=\"elementor-spacer\">\n\t\t\t<div class=\"elementor-spacer-inner\"><\/div>\n\t\t<\/div>\n\t\t\t\t<\/div>\n\t\t\t\t<\/div>\n\t\t\t\t<div class=\"elementor-element elementor-element-3839ab3 elementor-widget elementor-widget-text-editor\" data-id=\"3839ab3\" data-element_type=\"widget\" data-widget_type=\"text-editor.default\">\n\t\t\t\t<div class=\"elementor-widget-container\">\n\t\t\t\t\t\t\t<p><strong>Identifica\u00e7\u00e3o e Enquadramento:<\/strong><br \/>Benefici\u00e1rio Principal: ESQ-4718001C, Universidad de Valladolid-UVA<br \/>C\u00f3digo do Projeto 0422_TIMMIS Emprendedurismo_2_E<br \/>Eixo 2 &#8211; Crescimento integrador atrav\u00e9s da coopera\u00e7\u00e3o transfronteiri\u00e7a para o desenvolvimento da competitividade empresarial<br \/>Prioridade de Investimento 3A \u2013 Promo\u00e7\u00e3o do esp\u00edrito empresarial, nomeadamente facilitando o aproveitamento econ\u00f3mico de ideias novas e incentivando a cria\u00e7\u00e3o de novas empresas, incluindo as incubadoras de empresas<br \/>Objetivo Tem\u00e1tico 3: Melhorar a competitividade das pequenas e m\u00e9dias empresas<br \/>Objetivo Espec\u00edfico: OE3A Cria\u00e7\u00e3o das condi\u00e7\u00f5es necess\u00e1rias e prop\u00edcias para o surgimento de novas iniciativas empresariais.<br \/>Programa INTERREG V-A Espanha-Portugal 2014-2020<br \/>Fundo \u2013 Fundo Europeu de Desenvolvimento Regional<\/p><p><b>Convocat\u00f3ria<\/b><strong>\u00a01<\/strong><\/p><p><strong>\u00c1rea de coopera\u00e7\u00e3o:<\/strong>\u00a02 &#8211; NORTE DE PORTUGAL- CASTILLA Y LE\u00d3N<\/p><p><strong>Parceria:<\/strong><br \/>Q4773002C, C\u00e2mara Oficial de Comercio, Industria y Servicios de Valladolid.<br \/>600013758, Instituto Polit\u00e9cnico de Bragan\u00e7a &#8211; IPB<br \/>G-40156713, Fundaci\u00f3n Universidades y Ense\u00f1anzas Superiores de Castilla y Le\u00f3n \u2013 FUESCYL<br \/>502280344, NERBA &#8211; Associa\u00e7\u00e3o Empresarial do Distrito de Bragan\u00e7a<br \/>B47744339, Export Blue Market SL &#8211; Exportun<\/p><p><strong>Modalidade de Financiamento:<\/strong><br \/>Valor total do projeto 1.545.013,37 \u20ac<\/p><p>Data de In\u00edcio do projeto: 01-01-2015<br \/>Data de Fim do projeto: 31-12-2019<\/p><p><strong>S\u00edntese do projeto<\/strong><br \/>Promover o espirito empresarial nas institui\u00e7\u00f5es do ensino superior, atrav\u00e9s da constitui\u00e7\u00e3o de grupos de trabalho multidisciplinares, multiculturais e inclusivos para desenvolver o empreendedorismo nacional e internacional a partir da elabora\u00e7\u00e3o de trabalhos de fim de curso e mestrados<\/p><p><strong>Objetivos<\/strong><\/p><ul><li>Cria\u00e7\u00e3o de novas empresas com pessoal jovem proveniente do ensino superior com o fim de reduzir o desemprego, fomentar o empreendedorismo evitar a fuga de capital humano altamente qualificado e fomentar o desenvolvimento da especializa\u00e7\u00e3o inteligente.<\/li><li>Impulsionar o associativismo como ferramenta de crescimento empresarial.<\/li><li>Cria\u00e7\u00e3o de novos servi\u00e7os para o desenvolvimento da uni\u00e3o empresarial.<\/li><li>Incremento da colabora\u00e7\u00e3o p\u00fablico-privada.<\/li><\/ul><p><strong>Resultados<\/strong><br \/>Resultados diretos:<br \/>Dois novos organismos ligados ao ensino superior de promo\u00e7\u00e3o empresarial em fase pr\u00e9 incuba\u00e7\u00e3o<br \/>Cria\u00e7\u00e3o de 13 novas empresas.<br \/>Mapa atualizado das associa\u00e7\u00f5es empresariais existentes.<br \/>Guia do associativismo empresarial.<br \/>Novos servi\u00e7os de assessoria.<br \/>Congressos para o desenvolvimento da equipa TIMMIS, das rela\u00e7\u00f5es entre as associa\u00e7\u00f5es empresariais e dos associativismo, que abrangem mais de 200 empresas.<\/p><p>Resultados Indiretos:<br \/>O desenvolvimento de novas capacidades de intelig\u00eancia emocional e valores humanos.<br \/>Desenvolvimento do espirito empreendedor, a internacionaliza\u00e7\u00e3o e responsabilidade social empresarial.<\/p><table><tbody><tr><td><strong>RESULTADOS<\/strong><\/td><td>\u00a0\u00a0\u00a0\u00a0\u00a0\u00a0\u00a0\u00a0\u00a0\u00a0\u00a0<\/td><td><strong>DESCRI\u00c7\u00c3O<\/strong><\/td><td>\u00a0\u00a0\u00a0\u00a0\u00a0\u00a0<\/td><td><strong>\u00a0DATA<\/strong><\/td><\/tr><tr><td>\u00a01<\/td><td>\u00a0<\/td><td>\u00a0TIMMI Piloto<\/td><td>\u00a0<\/td><td>\u00a007\/07\/2017<\/td><\/tr><tr><td>\u00a01<\/td><td>\u00a0<\/td><td>\u00a0C\u00e1tedra de Comercio Exterior no IPB para a Dire\u00e7\u00e3o, organiza\u00e7\u00e3o e gest\u00e3o TIMMIS<\/td><td>\u00a0<\/td><td>\u00a020\/09\/2018<\/td><\/tr><tr><td>\u00a010<\/td><td>\u00a0<\/td><td>Novas Empresas<\/td><td>\u00a0<\/td><td>\u00a020\/07\/2017<\/td><\/tr><tr><td>20<\/td><td>\u00a0<\/td><td>Novas Empresas<\/td><td>\u00a0<\/td><td>19\/07\/2019<\/td><\/tr><tr><td>50<\/td><td>\u00a0<\/td><td>Novos projetos que se iniciam em 2019<\/td><td>\u00a0<\/td><td>20\/07\/2018<\/td><\/tr><tr><td>1<\/td><td>\u00a0<\/td><td>Plataforma Tecnol\u00f3gica para a gest\u00e3o de projetos empresariais<\/td><td>\u00a0<\/td><td>29\/09\/2017<\/td><\/tr><\/tbody><\/table><p><strong>\u00a0<\/strong><\/p><p><strong>Benefici\u00e1rios<\/strong><br \/>&#8211; Institui\u00e7\u00f5es do ensino superior que promover\u00e3o o esp\u00edrito empreendedor nos seus alunos.<br \/>&#8211; Os alunos das institui\u00e7\u00f5es de ensino superior que poder\u00e3o desenvolver trabalhos que permitir\u00e3o, por sua vez, impulsionar a carreira profissional.<br \/>&#8211; As comunidades, pois tendo como resultado a cria\u00e7\u00e3o de novas empresas, produzir\u00e1 um incremento de novos postos de trabalho.<br \/>&#8211; As empresas que ao apresentar \u00e0 C\u00e1tedra das suas necessidades, disp\u00f5em de uma equipa de professores para que, a partir das suas necessidades encontrem solu\u00e7\u00f5es junto de acad\u00e9micos e profissionais.<br \/>&#8211; As institui\u00e7\u00f5es do ensino superior que procurem promover o empreendedorismo, pois disp\u00f5em de uma metodologia para dotar os alunos de compet\u00eancias para levar a cabo os seus projetos na conclus\u00e3o dos cursos e mestrados, segundo do modelo TIMMIS.<\/p>\t\t\t\t\t\t<\/div>\n\t\t\t\t<\/div>\n\t\t\t\t<div class=\"elementor-element elementor-element-7ba9e65 elementor-widget elementor-widget-spacer\" data-id=\"7ba9e65\" data-element_type=\"widget\" data-widget_type=\"spacer.default\">\n\t\t\t\t<div class=\"elementor-widget-container\">\n\t\t\t\t\t<div class=\"elementor-spacer\">\n\t\t\t<div class=\"elementor-spacer-inner\"><\/div>\n\t\t<\/div>\n\t\t\t\t<\/div>\n\t\t\t\t<\/div>\n\t\t\t\t\t<\/div>\n\t\t<\/div>\n\t\t\t\t\t\t\t<\/div>\n\t\t<\/section>\n\t\t\t\t\t\t\t<\/div>\n\t\t","protected":false},"excerpt":{"rendered":"<p>Identifica\u00e7\u00e3o e Enquadramento:Benefici\u00e1rio Principal: ESQ-4718001C, Universidad de Valladolid-UVAC\u00f3digo do Projeto 0422_TIMMIS Emprendedurismo_2_EEixo 2 &#8211; Crescimento integrador atrav\u00e9s da coopera\u00e7\u00e3o transfronteiri\u00e7a para o desenvolvimento da competitividade empresarialPrioridade de Investimento 3A \u2013 Promo\u00e7\u00e3o do esp\u00edrito empresarial, nomeadamente facilitando o aproveitamento econ\u00f3mico de ideias novas e incentivando a cria\u00e7\u00e3o de novas empresas, incluindo as incubadoras de empresasObjetivo Tem\u00e1tico&hellip;<\/p>\n","protected":false},"author":1,"featured_media":0,"parent":0,"menu_order":20,"comment_status":"closed","ping_status":"closed","template":"","meta":{"footnotes":""},"class_list":["post-9965","page","type-page","status-publish","hentry"],"_links":{"self":[{"href":"https:\/\/nerba.pt\/site\/wp-json\/wp\/v2\/pages\/9965","targetHints":{"allow":["GET"]}}],"collection":[{"href":"https:\/\/nerba.pt\/site\/wp-json\/wp\/v2\/pages"}],"about":[{"href":"https:\/\/nerba.pt\/site\/wp-json\/wp\/v2\/types\/page"}],"author":[{"embeddable":true,"href":"https:\/\/nerba.pt\/site\/wp-json\/wp\/v2\/users\/1"}],"replies":[{"embeddable":true,"href":"https:\/\/nerba.pt\/site\/wp-json\/wp\/v2\/comments?post=9965"}],"version-history":[{"count":0,"href":"https:\/\/nerba.pt\/site\/wp-json\/wp\/v2\/pages\/9965\/revisions"}],"wp:attachment":[{"href":"https:\/\/nerba.pt\/site\/wp-json\/wp\/v2\/media?parent=9965"}],"curies":[{"name":"wp","href":"https:\/\/api.w.org\/{rel}","templated":true}]}}