{"id":9950,"date":"2022-07-13T14:59:11","date_gmt":"2022-07-13T14:59:11","guid":{"rendered":"https:\/\/nerba.pt\/site\/?page_id=9950"},"modified":"2023-03-21T11:06:56","modified_gmt":"2023-03-21T11:06:56","slug":"qualifica-2","status":"publish","type":"page","link":"https:\/\/nerba.pt\/site\/qualifica-2\/","title":{"rendered":"QUALIFICA"},"content":{"rendered":"\t\t<div data-elementor-type=\"wp-page\" data-elementor-id=\"9950\" class=\"elementor elementor-9950\" data-elementor-post-type=\"page\">\n\t\t\t\t\t\t\t\t\t<section class=\"elementor-section elementor-top-section elementor-element elementor-element-2ed0e3a elementor-section-boxed elementor-section-height-default elementor-section-height-default\" data-id=\"2ed0e3a\" data-element_type=\"section\">\n\t\t\t\t\t\t<div class=\"elementor-container elementor-column-gap-default\">\n\t\t\t\t\t<div class=\"elementor-column elementor-col-100 elementor-top-column elementor-element elementor-element-69e1e83\" data-id=\"69e1e83\" data-element_type=\"column\">\n\t\t\t<div class=\"elementor-widget-wrap elementor-element-populated\">\n\t\t\t\t\t\t\t\t<div class=\"elementor-element elementor-element-d184649 elementor-widget elementor-widget-text-editor\" data-id=\"d184649\" data-element_type=\"widget\" data-widget_type=\"text-editor.default\">\n\t\t\t\t<div class=\"elementor-widget-container\">\n\t\t\t\t\t\t\t<p><strong>Identifica\u00e7\u00e3o e Enquadramento:<\/strong><\/p><p>Entidade Benefici\u00e1ria: 502280344, NERBA &#8211; Associa\u00e7\u00e3o Empresarial do Distrito de Bragan\u00e7a<\/p><p>N.\u00ba da candidatura: n.\u00ba POCH-03-5470-FSE-000704<\/p><p>T\u00edtulo da opera\u00e7\u00e3o 3.1. Centros Qualifica<\/p><p>Eixo Priorit\u00e1rio 13 &#8211; Aprendizagem, qualifica\u00e7\u00e3o ao longo da vida e refor\u00e7o da empregabilidade<\/p><p>Prioridade de Investimento 10.iii \u00a0Melhoria da igualdade de acesso \u00e0 aprendizagem ao longo da vida para todas as faixas et\u00e1rias em contextos formais, n\u00e3o-formais e informais, atualiza\u00e7\u00e3o do conhecimento, das aptid\u00f5es e das compet\u00eancias dos trabalhadores, e promo\u00e7\u00e3o de percursos de aprendizagem flex\u00edveis, inclusive atrav\u00e9s de orienta\u00e7\u00e3o profissional e da valida\u00e7\u00e3o das compet\u00eancias adquiridas.<\/p><p>Tipologia da interven\u00e7\u00e3o 70 Aprendizagem ao longo da vida<\/p><p>Programa Operacional Capital Humano<\/p><p>Fundo &#8211; Fundo Social Europeu<\/p><p><strong>Modalidade de Financiamento:<\/strong><\/p><p>Contribui\u00e7\u00e3o Fundo \u20ac176.325,88<\/p><p>Contribui\u00e7\u00e3o P\u00fablica Nacional \u20ac31.116,68<\/p><p>\u00a0Or\u00e7amento do Estado \u20ac31.116,68<\/p><p>Financiamento P\u00fablico \u20ac207.444,56<\/p><p>Data de In\u00edcio do projeto: 01-10-2018<\/p><p>Data de Fim do projeto: 31-12-2020<\/p><p><strong>S\u00edntese do projeto<\/strong><\/p><p>O Centro Qualifica do NERBA-AE \u00e9 um centro especializado na qualifica\u00e7\u00e3o de adultos, vocacionados para a informa\u00e7\u00e3o, o aconselhamento e o encaminhamento para ofertas de educa\u00e7\u00e3o e forma\u00e7\u00e3o profissional de adultos com idade igual ou superior a 18 anos que procuram uma qualifica\u00e7\u00e3o.<\/p><p><strong>\u00a0<\/strong><\/p><p><strong>\u00a0<\/strong><\/p><p><strong>Objetivos<\/strong><\/p><p>\u00a0Elevar o n\u00edvel de qualifica\u00e7\u00e3o da popula\u00e7\u00e3o adulta e refor\u00e7ar a orienta\u00e7\u00e3o dos jovens que n\u00e3o se encontram em situa\u00e7\u00e3o de emprego nem a frequentar qualquer a\u00e7\u00e3o de educa\u00e7\u00e3o ou de forma\u00e7\u00e3o (NEET).<\/p><p><strong>Resultados contratualizados<\/strong><\/p><table><tbody><tr><td><p>Jovens e adultos inscritos<\/p><\/td><td><p>900<\/p><\/td><\/tr><tr><td><p>Jovens e adultos orientados e encaminhados, relativamente aos inscritos<\/p><\/td><td><p>90%<\/p><\/td><\/tr><tr><td><p>Adultos n\u00e3o desistentes no processo RVCC<\/p><\/td><td><p>90%<\/p><\/td><\/tr><\/tbody><\/table><p><strong>\u00a0<\/strong><\/p><h3>\u00a0<\/h3><p><strong>Metodologia de Implementa\u00e7\u00e3o<\/strong><\/p><ul><li>Criar uma &#8220;porta aberta&#8221; funcionando como plataforma de ofertas educativas\/formativas, dando acesso aos jovens e adultos, a uma qualifica\u00e7\u00e3o de n\u00edvel b\u00e1sico e n\u00edvel secund\u00e1rio, elevando os n\u00edveis de certifica\u00e7\u00e3o, conferindo valor social \u00e0s aprendizagens adquiridas ao longo da vida;<\/li><li>Refor\u00e7ar a empregabilidade\/qualidade e manuten\u00e7\u00e3o do emprego, evidenciando as mais-valias para os ativos do aumento da sua certifica\u00e7\u00e3o escolar, como meio de aceder a outras qualifica\u00e7\u00f5es, forma\u00e7\u00e3o profissional ou carteiras profissionais;<\/li><li>Desenvolver compet\u00eancias pessoais\/profissionais potenciadoras da Igualdade de Oportunidades e G\u00e9nero, atrav\u00e9s de sinergias com outros projetos.<\/li><li>Continuar a criar instrumentos e produtos inovadores que facilitem a desoculta\u00e7\u00e3o de compet\u00eancias e a apreens\u00e3o do referencial de compet\u00eancias-chave por parte do candidato;<\/li><li>Refor\u00e7ar a implanta\u00e7\u00e3o e reconhecimento do Centro qualifica na Regi\u00e3o, pela sua metodologia de trabalho e potenciar a rede de parceiros;<\/li><li>Continuar a promover e refor\u00e7ar a rede de partilha de pr\u00e1ticas dentro da NUT III, potenciando a partilha de novos instrumentos, solu\u00e7\u00f5es\/respostas para as necessidades que surgem no terreno.<\/li><\/ul>\t\t\t\t\t\t<\/div>\n\t\t\t\t<\/div>\n\t\t\t\t\t<\/div>\n\t\t<\/div>\n\t\t\t\t\t\t\t<\/div>\n\t\t<\/section>\n\t\t\t\t<section class=\"elementor-section elementor-top-section elementor-element elementor-element-d75d1ba elementor-section-boxed elementor-section-height-default elementor-section-height-default\" data-id=\"d75d1ba\" data-element_type=\"section\">\n\t\t\t\t\t\t<div class=\"elementor-container elementor-column-gap-default\">\n\t\t\t\t\t<div class=\"elementor-column elementor-col-100 elementor-top-column elementor-element elementor-element-4597855\" data-id=\"4597855\" data-element_type=\"column\">\n\t\t\t<div class=\"elementor-widget-wrap\">\n\t\t\t\t\t\t\t\t\t<\/div>\n\t\t<\/div>\n\t\t\t\t\t\t\t<\/div>\n\t\t<\/section>\n\t\t\t\t<section class=\"elementor-section elementor-top-section elementor-element elementor-element-5d26e9e elementor-section-boxed elementor-section-height-default elementor-section-height-default\" data-id=\"5d26e9e\" data-element_type=\"section\">\n\t\t\t\t\t\t<div class=\"elementor-container elementor-column-gap-default\">\n\t\t\t\t\t<div class=\"elementor-column elementor-col-33 elementor-top-column elementor-element elementor-element-1f11174\" data-id=\"1f11174\" data-element_type=\"column\">\n\t\t\t<div class=\"elementor-widget-wrap\">\n\t\t\t\t\t\t\t\t\t<\/div>\n\t\t<\/div>\n\t\t\t\t<div class=\"elementor-column elementor-col-33 elementor-top-column elementor-element elementor-element-8ace219\" data-id=\"8ace219\" data-element_type=\"column\">\n\t\t\t<div class=\"elementor-widget-wrap elementor-element-populated\">\n\t\t\t\t\t\t\t\t<div class=\"elementor-element elementor-element-a410821 elementor-widget elementor-widget-image\" data-id=\"a410821\" data-element_type=\"widget\" data-widget_type=\"image.default\">\n\t\t\t\t<div class=\"elementor-widget-container\">\n\t\t\t\t\t\t\t\t\t\t\t\t\t\t\t<img decoding=\"async\" width=\"1200\" height=\"170\" data-src=\"https:\/\/nerba.pt\/site\/wp-content\/uploads\/2022\/07\/BARRA-LOGOTIPOS.png\" class=\"attachment-large size-large wp-image-9869 lazyload\" alt=\"\" src=\"data:image\/svg+xml;base64,PHN2ZyB3aWR0aD0iMSIgaGVpZ2h0PSIxIiB4bWxucz0iaHR0cDovL3d3dy53My5vcmcvMjAwMC9zdmciPjwvc3ZnPg==\" style=\"--smush-placeholder-width: 1200px; --smush-placeholder-aspect-ratio: 1200\/170;\" \/>\t\t\t\t\t\t\t\t\t\t\t\t\t\t\t<\/div>\n\t\t\t\t<\/div>\n\t\t\t\t\t<\/div>\n\t\t<\/div>\n\t\t\t\t<div class=\"elementor-column elementor-col-33 elementor-top-column elementor-element elementor-element-2debc5b\" data-id=\"2debc5b\" data-element_type=\"column\">\n\t\t\t<div class=\"elementor-widget-wrap\">\n\t\t\t\t\t\t\t\t\t<\/div>\n\t\t<\/div>\n\t\t\t\t\t\t\t<\/div>\n\t\t<\/section>\n\t\t\t\t\t\t\t<\/div>\n\t\t","protected":false},"excerpt":{"rendered":"<p>Identifica\u00e7\u00e3o e Enquadramento: Entidade Benefici\u00e1ria: 502280344, NERBA &#8211; Associa\u00e7\u00e3o Empresarial do Distrito de Bragan\u00e7a N.\u00ba da candidatura: n.\u00ba POCH-03-5470-FSE-000704 T\u00edtulo da opera\u00e7\u00e3o 3.1. Centros Qualifica Eixo Priorit\u00e1rio 13 &#8211; Aprendizagem, qualifica\u00e7\u00e3o ao longo da vida e refor\u00e7o da empregabilidade Prioridade de Investimento 10.iii \u00a0Melhoria da igualdade de acesso \u00e0 aprendizagem ao longo da vida para&hellip;<\/p>\n","protected":false},"author":1,"featured_media":0,"parent":0,"menu_order":20,"comment_status":"closed","ping_status":"closed","template":"","meta":{"footnotes":""},"class_list":["post-9950","page","type-page","status-publish","hentry"],"_links":{"self":[{"href":"https:\/\/nerba.pt\/site\/wp-json\/wp\/v2\/pages\/9950","targetHints":{"allow":["GET"]}}],"collection":[{"href":"https:\/\/nerba.pt\/site\/wp-json\/wp\/v2\/pages"}],"about":[{"href":"https:\/\/nerba.pt\/site\/wp-json\/wp\/v2\/types\/page"}],"author":[{"embeddable":true,"href":"https:\/\/nerba.pt\/site\/wp-json\/wp\/v2\/users\/1"}],"replies":[{"embeddable":true,"href":"https:\/\/nerba.pt\/site\/wp-json\/wp\/v2\/comments?post=9950"}],"version-history":[{"count":0,"href":"https:\/\/nerba.pt\/site\/wp-json\/wp\/v2\/pages\/9950\/revisions"}],"wp:attachment":[{"href":"https:\/\/nerba.pt\/site\/wp-json\/wp\/v2\/media?parent=9950"}],"curies":[{"name":"wp","href":"https:\/\/api.w.org\/{rel}","templated":true}]}}