{"id":8547,"date":"2022-05-09T10:33:10","date_gmt":"2022-05-09T10:33:10","guid":{"rendered":"https:\/\/nerba.pt\/site\/?page_id=8547"},"modified":"2023-03-21T10:58:57","modified_gmt":"2023-03-21T10:58:57","slug":"inova-pme","status":"publish","type":"page","link":"https:\/\/nerba.pt\/site\/inova-pme\/","title":{"rendered":"Inova PME"},"content":{"rendered":"\t\t<div data-elementor-type=\"wp-page\" data-elementor-id=\"8547\" class=\"elementor elementor-8547\" data-elementor-post-type=\"page\">\n\t\t\t\t\t\t\t\t\t<section class=\"elementor-section elementor-top-section elementor-element elementor-element-5e577fd elementor-section-boxed elementor-section-height-default elementor-section-height-default\" data-id=\"5e577fd\" data-element_type=\"section\">\n\t\t\t\t\t\t<div class=\"elementor-container elementor-column-gap-default\">\n\t\t\t\t\t<div class=\"elementor-column elementor-col-100 elementor-top-column elementor-element elementor-element-f52f0db\" data-id=\"f52f0db\" data-element_type=\"column\">\n\t\t\t<div class=\"elementor-widget-wrap elementor-element-populated\">\n\t\t\t\t\t\t\t\t<div class=\"elementor-element elementor-element-bf01603 elementor-widget elementor-widget-image\" data-id=\"bf01603\" data-element_type=\"widget\" data-widget_type=\"image.default\">\n\t\t\t\t<div class=\"elementor-widget-container\">\n\t\t\t\t\t\t\t\t\t\t\t\t\t\t\t<img decoding=\"async\" width=\"406\" height=\"262\" data-src=\"https:\/\/nerba.pt\/site\/wp-content\/uploads\/2023\/03\/logo-Inova-PME.webp\" class=\"attachment-large size-large wp-image-14072 lazyload\" alt=\"\" data-srcset=\"https:\/\/nerba.pt\/site\/wp-content\/uploads\/2023\/03\/logo-Inova-PME.webp 406w, https:\/\/nerba.pt\/site\/wp-content\/uploads\/2023\/03\/logo-Inova-PME-18x12.webp 18w\" data-sizes=\"(max-width: 406px) 100vw, 406px\" src=\"data:image\/svg+xml;base64,PHN2ZyB3aWR0aD0iMSIgaGVpZ2h0PSIxIiB4bWxucz0iaHR0cDovL3d3dy53My5vcmcvMjAwMC9zdmciPjwvc3ZnPg==\" style=\"--smush-placeholder-width: 406px; --smush-placeholder-aspect-ratio: 406\/262;\" \/>\t\t\t\t\t\t\t\t\t\t\t\t\t\t\t<\/div>\n\t\t\t\t<\/div>\n\t\t\t\t\t<\/div>\n\t\t<\/div>\n\t\t\t\t\t\t\t<\/div>\n\t\t<\/section>\n\t\t\t\t<section class=\"elementor-section elementor-top-section elementor-element elementor-element-36fe3c1 elementor-section-height-min-height elementor-section-items-stretch elementor-section-content-middle elementor-section-boxed elementor-section-height-default\" data-id=\"36fe3c1\" data-element_type=\"section\" data-settings=\"{&quot;background_background&quot;:&quot;classic&quot;}\">\n\t\t\t\t\t\t<div class=\"elementor-container elementor-column-gap-wider\">\n\t\t\t\t\t<div class=\"elementor-column elementor-col-100 elementor-top-column elementor-element elementor-element-f51438e\" data-id=\"f51438e\" data-element_type=\"column\" data-settings=\"{&quot;background_background&quot;:&quot;classic&quot;}\">\n\t\t\t<div class=\"elementor-widget-wrap elementor-element-populated\">\n\t\t\t\t\t\t\t\t<div class=\"elementor-element elementor-element-2167ca8 elementor-widget elementor-widget-text-editor\" data-id=\"2167ca8\" data-element_type=\"widget\" data-widget_type=\"text-editor.default\">\n\t\t\t\t<div class=\"elementor-widget-container\">\n\t\t\t\t\t\t\t<p><strong>Identifica\u00e7\u00e3o e Enquadramento:<\/strong><\/p><p><strong>\u00a0<\/strong><\/p><p><strong>Designa\u00e7\u00e3o do projeto\u00a0<\/strong>Inova PME 2019-2020<\/p><p><strong>C\u00f3digo do projeto\u00a0<\/strong>POCI-02-0853-FEDER-040941<\/p><p><strong>Objetivo principal\u00a0<\/strong>Refor\u00e7ar a competitividade das pequenas e m\u00e9dias empresas<\/p><p><strong>Regi\u00e3o de interven\u00e7\u00e3o\u00a0<\/strong>Norte<\/p><p><strong>Programa Operacional\u00a0<\/strong>Programa Operacional Competitividade e Internacionaliza\u00e7\u00e3o (POCI)<\/p><p><strong>Entidade Benefici\u00e1ria\u00a0<\/strong>NERBA &#8211; Associa\u00e7\u00e3o Empresarial do Distrito de Bragan\u00e7a<\/p><p><strong>Copromotor\u00a0<\/strong>600013758 &#8211; Instituto Polit\u00e9cnico de Bragan\u00e7a<\/p><p><strong>Localiza\u00e7\u00e3o do projeto\u00a0<\/strong>Norte<\/p><p><strong>\u00a0<\/strong><\/p><p><strong>Data de aprova\u00e7\u00e3o<\/strong>\u00a012-03-2019<\/p><p><strong>Data de in\u00edcio\u00a0<\/strong>10-05-2019<\/p><p><strong>Data de conclus\u00e3o\u00a0<\/strong>30 de Mar\u00e7o de 2022 (aprovado a 15-05-2020 o pedido de altera\u00e7\u00e3o)<\/p><p><strong>Custo total eleg\u00edvel<\/strong>\u00a01.143.463,65\u20ac<\/p><p><strong>Apoio financeiro da Uni\u00e3o Europeia FEDER\u00a0<\/strong>630.869,10\u20ac<\/p><p><strong>Objetivos, atividades e resultados esperados\/atingidos<\/strong><\/p><p>O NERBA e o IPB, visam com este projeto apoiar as empresas da regi\u00e3o Norte na aposta do refor\u00e7o das suas capacidades a n\u00edvel da organiza\u00e7\u00e3o e gest\u00e3o, na ado\u00e7\u00e3o de instrumentos de marketing digital, com recurso \u00e0s TIC, melhorando assim a competitividade do tecido empresarial.<\/p><p><strong>Plano de Interven\u00e7\u00e3o e Execu\u00e7\u00e3o<br \/><\/strong><\/p><table><tbody><tr><td><p><strong>Plano de Interven\u00e7\u00e3o<\/strong><\/p><\/td><td><p><strong>A\u00e7\u00e3o<\/strong><\/p><\/td><td><p><strong>N.\u00ba de empresas candidatura<br \/><\/strong><\/p><\/td><td><strong>N.\u00ba de empresas execu\u00e7\u00e3o<\/strong><\/td><\/tr><tr><td><p>Inova\u00e7\u00e3o Organizacional e gest\u00e3o<\/p><\/td><td><p>Diagn\u00f3stico Organizacional<\/p><\/td><td><p>14 Empresas<\/p><\/td><td>16 Empresas<\/td><\/tr><tr><td><p>Qualidade<\/p><\/td><td><p>Consultoria para Implementa\u00e7\u00e3o da Norma NP EN IS0 9001<\/p><\/td><td><p>9 Empresas<\/p><\/td><td>9 empresas<\/td><\/tr><tr><td><p>Eco-inova\u00e7\u00e3o<\/p><\/td><td><p>Consultoria para Implementa\u00e7\u00e3o do Sistema de Gest\u00e3o Ambiental\/Norma ISO 14001\/ EMAS<\/p><\/td><td><p>2 Empresas<\/p><\/td><td>1 Empresa<\/td><\/tr><tr><td><p>Qualidade<\/p><\/td><td><p>Consultoria para Implementa\u00e7\u00e3o de Sistemas de Seguran\u00e7a Alimentar HACCP ISO 22000\/ FSSC22000\/ IFS\/ BRC<\/p><\/td><td><p>1 Empresa<\/p><\/td><td>5 Empresas<\/td><\/tr><tr><td><p>Qualidade<\/p><\/td><td><p>Certifica\u00e7\u00e3o do Produto<\/p><\/td><td><p>1 Empresa<\/p><\/td><td>1 Empresa<\/td><\/tr><tr><td><p>Inova\u00e7\u00e3o Organizacional e gest\u00e3o<\/p><\/td><td><p>Consultoria para Implementa\u00e7\u00e3o do Balanced Scorecard\/Reengenharia de Processos<\/p><\/td><td><p>6 Empresas<\/p><\/td><td>5 Empresas<\/td><\/tr><tr><td><p>Eco-inova\u00e7\u00e3o<\/p><\/td><td><p>Ecoefici\u00eancia<\/p><\/td><td><p>3 Empresas<\/p><\/td><td>2 Empresas<\/td><\/tr><tr><td>\u00a0<\/td><td>\u00a0<\/td><td>\u00a0<\/td><td>\u00a0<\/td><\/tr><tr><td><p>Inova\u00e7\u00e3o Organizacional e gest\u00e3o<\/p><\/td><td><p>Elabora\u00e7\u00e3o do modelo de comunica\u00e7\u00e3o empresarial sustent\u00e1vel<\/p><\/td><td><p>9 Empresas<\/p><\/td><td>3 Empresas<\/td><\/tr><tr><td><p>Economia digital e tecnologias de informa\u00e7\u00e3o e comunica\u00e7\u00e3o (TIC)<\/p><\/td><td><p>Elabora\u00e7\u00e3o de Cat\u00e1logo virtual de produtos\/servi\u00e7os<\/p><\/td><td><p>10 Empresas<\/p><\/td><td>3 Empresas<\/td><\/tr><tr><td><p>Cria\u00e7\u00e3o de marcas e design<\/p><\/td><td><p>Design (design de imagem e marca, &#8220;design digital&#8221; (webdesign,\u2026)design de produto)<\/p><\/td><td><p>6 Empresas<\/p><\/td><td>8 Empresas<\/td><\/tr><tr><td><p>Economia digital e tecnologias de informa\u00e7\u00e3o e comunica\u00e7\u00e3o (TIC)<\/p><\/td><td><p>Marketing Digital<\/p><p>\u00a0Cria\u00e7\u00e3o\/desenvolvimento de Site<\/p><p>\u00a0Cria\u00e7\u00e3o de Loja Online<\/p><p>\u00a0Cria\u00e7\u00e3o de V\u00eddeo Promocional<\/p><p>\u00a0Cria\u00e7\u00e3o de Cat\u00e1logo virtual de produtos\/servi\u00e7os<\/p><p>\u00a0Promo\u00e7\u00e3o nas redes sociais (facebook, instagram,&#8230;)<\/p><\/td><td><p>8 Empresas<\/p><\/td><td>6 Empresas<\/td><\/tr><tr><td><p>Economia digital e tecnologias de informa\u00e7\u00e3o e comunica\u00e7\u00e3o (TIC)<\/p><\/td><td><p>Equipamentos inform\u00e1ticos<\/p><\/td><td><p>14 Empresas<\/p><\/td><td>15 Empresas<\/td><\/tr><\/tbody><\/table><table><tbody><tr><td><p><strong>Plano de Interven\u00e7\u00e3o<\/strong><\/p><\/td><td colspan=\"2\"><p><strong>A\u00e7\u00e3o<\/strong><\/p><\/td><\/tr><tr><td rowspan=\"5\"><p>Inova\u00e7\u00e3o Organizacional e gest\u00e3o<\/p><\/td><td><p>Estudo sobre as potencialidades dos fatores de competitividade para as empresas da regi\u00e3o<\/p><\/td><td rowspan=\"5\"><p>Acompanhamento Desenvolvimento do projeto<\/p><p>Divulga\u00e7\u00e3o e Sensibiliza\u00e7\u00e3o<\/p><p>Inova\u00e7\u00e3o<\/p><p>Dissemina\u00e7\u00e3o<\/p><\/td><\/tr><tr><td><p>Ferramenta de Benchmarking<\/p><\/td><\/tr><tr><td><p>V\u00eddeo de Promo\u00e7\u00e3o do Projeto e Dissemina\u00e7\u00e3o de Resultados<\/p><\/td><\/tr><tr><td><p>Semin\u00e1rio &#8220;Gest\u00e3o da Inova\u00e7\u00e3o nas empresas&#8221;<\/p><\/td><\/tr><tr><td><p>Workshop &#8220;Gest\u00e3o da Inova\u00e7\u00e3o nas empresas&#8221;<\/p><\/td><\/tr><\/tbody><\/table><p><strong>\u00a0<\/strong><\/p><p><strong>P\u00e1gina web:\u00a0<\/strong><a href=\"http:\/\/inovapme.pt\/pt\/\" target=\"_blank\" rel=\"noopener\">http:\/\/inovapme.pt\/pt\/<\/a><\/p>\t\t\t\t\t\t<\/div>\n\t\t\t\t<\/div>\n\t\t\t\t\t<\/div>\n\t\t<\/div>\n\t\t\t\t\t\t\t<\/div>\n\t\t<\/section>\n\t\t\t\t<section class=\"elementor-section elementor-top-section elementor-element elementor-element-774bd8a elementor-section-boxed elementor-section-height-default elementor-section-height-default\" data-id=\"774bd8a\" data-element_type=\"section\">\n\t\t\t\t\t\t<div class=\"elementor-container elementor-column-gap-default\">\n\t\t\t\t\t<div class=\"elementor-column elementor-col-100 elementor-top-column elementor-element elementor-element-5281928\" data-id=\"5281928\" data-element_type=\"column\">\n\t\t\t<div class=\"elementor-widget-wrap\">\n\t\t\t\t\t\t\t\t\t<\/div>\n\t\t<\/div>\n\t\t\t\t\t\t\t<\/div>\n\t\t<\/section>\n\t\t\t\t<section class=\"elementor-section elementor-top-section elementor-element elementor-element-a6d058a elementor-section-boxed elementor-section-height-default elementor-section-height-default\" data-id=\"a6d058a\" data-element_type=\"section\">\n\t\t\t\t\t\t<div class=\"elementor-container elementor-column-gap-default\">\n\t\t\t\t\t<div class=\"elementor-column elementor-col-33 elementor-top-column elementor-element elementor-element-349bb21\" data-id=\"349bb21\" data-element_type=\"column\">\n\t\t\t<div class=\"elementor-widget-wrap\">\n\t\t\t\t\t\t\t\t\t<\/div>\n\t\t<\/div>\n\t\t\t\t<div class=\"elementor-column elementor-col-33 elementor-top-column elementor-element elementor-element-f33520c\" data-id=\"f33520c\" data-element_type=\"column\">\n\t\t\t<div class=\"elementor-widget-wrap elementor-element-populated\">\n\t\t\t\t\t\t\t\t<div class=\"elementor-element elementor-element-e0b7664 elementor-widget elementor-widget-image\" data-id=\"e0b7664\" data-element_type=\"widget\" data-widget_type=\"image.default\">\n\t\t\t\t<div class=\"elementor-widget-container\">\n\t\t\t\t\t\t\t\t\t\t\t\t\t\t\t<img decoding=\"async\" width=\"1200\" height=\"184\" data-src=\"https:\/\/nerba.pt\/site\/wp-content\/uploads\/2022\/07\/compete1.png\" class=\"attachment-large size-large wp-image-9938 lazyload\" alt=\"\" src=\"data:image\/svg+xml;base64,PHN2ZyB3aWR0aD0iMSIgaGVpZ2h0PSIxIiB4bWxucz0iaHR0cDovL3d3dy53My5vcmcvMjAwMC9zdmciPjwvc3ZnPg==\" style=\"--smush-placeholder-width: 1200px; --smush-placeholder-aspect-ratio: 1200\/184;\" \/>\t\t\t\t\t\t\t\t\t\t\t\t\t\t\t<\/div>\n\t\t\t\t<\/div>\n\t\t\t\t\t<\/div>\n\t\t<\/div>\n\t\t\t\t<div class=\"elementor-column elementor-col-33 elementor-top-column elementor-element elementor-element-5cbd49c\" data-id=\"5cbd49c\" data-element_type=\"column\">\n\t\t\t<div class=\"elementor-widget-wrap\">\n\t\t\t\t\t\t\t\t\t<\/div>\n\t\t<\/div>\n\t\t\t\t\t\t\t<\/div>\n\t\t<\/section>\n\t\t\t\t\t\t\t<\/div>\n\t\t","protected":false},"excerpt":{"rendered":"<p>Identifica\u00e7\u00e3o e Enquadramento: \u00a0 Designa\u00e7\u00e3o do projeto\u00a0Inova PME 2019-2020 C\u00f3digo do projeto\u00a0POCI-02-0853-FEDER-040941 Objetivo principal\u00a0Refor\u00e7ar a competitividade das pequenas e m\u00e9dias empresas Regi\u00e3o de interven\u00e7\u00e3o\u00a0Norte Programa Operacional\u00a0Programa Operacional Competitividade e Internacionaliza\u00e7\u00e3o (POCI) Entidade Benefici\u00e1ria\u00a0NERBA &#8211; Associa\u00e7\u00e3o Empresarial do Distrito de Bragan\u00e7a Copromotor\u00a0600013758 &#8211; Instituto Polit\u00e9cnico de Bragan\u00e7a Localiza\u00e7\u00e3o do projeto\u00a0Norte \u00a0 Data de aprova\u00e7\u00e3o\u00a012-03-2019 Data de&hellip;<\/p>\n","protected":false},"author":1,"featured_media":0,"parent":0,"menu_order":20,"comment_status":"closed","ping_status":"closed","template":"","meta":{"footnotes":""},"class_list":["post-8547","page","type-page","status-publish","hentry"],"_links":{"self":[{"href":"https:\/\/nerba.pt\/site\/wp-json\/wp\/v2\/pages\/8547","targetHints":{"allow":["GET"]}}],"collection":[{"href":"https:\/\/nerba.pt\/site\/wp-json\/wp\/v2\/pages"}],"about":[{"href":"https:\/\/nerba.pt\/site\/wp-json\/wp\/v2\/types\/page"}],"author":[{"embeddable":true,"href":"https:\/\/nerba.pt\/site\/wp-json\/wp\/v2\/users\/1"}],"replies":[{"embeddable":true,"href":"https:\/\/nerba.pt\/site\/wp-json\/wp\/v2\/comments?post=8547"}],"version-history":[{"count":0,"href":"https:\/\/nerba.pt\/site\/wp-json\/wp\/v2\/pages\/8547\/revisions"}],"wp:attachment":[{"href":"https:\/\/nerba.pt\/site\/wp-json\/wp\/v2\/media?parent=8547"}],"curies":[{"name":"wp","href":"https:\/\/api.w.org\/{rel}","templated":true}]}}