{"id":8545,"date":"2022-05-09T10:29:31","date_gmt":"2022-05-09T10:29:31","guid":{"rendered":"https:\/\/nerba.pt\/site\/?page_id=8545"},"modified":"2023-03-16T11:00:08","modified_gmt":"2023-03-16T11:00:08","slug":"empreender-tec","status":"publish","type":"page","link":"https:\/\/nerba.pt\/site\/empreender-tec\/","title":{"rendered":"Empreender+tec"},"content":{"rendered":"\t\t<div data-elementor-type=\"wp-page\" data-elementor-id=\"8545\" class=\"elementor elementor-8545\" data-elementor-post-type=\"page\">\n\t\t\t\t\t\t\t\t\t<section class=\"elementor-section elementor-top-section elementor-element elementor-element-c5a173f elementor-section-boxed elementor-section-height-default elementor-section-height-default\" data-id=\"c5a173f\" data-element_type=\"section\">\n\t\t\t\t\t\t<div class=\"elementor-container elementor-column-gap-default\">\n\t\t\t\t\t<div class=\"elementor-column elementor-col-100 elementor-top-column elementor-element elementor-element-cf058e2\" data-id=\"cf058e2\" data-element_type=\"column\">\n\t\t\t<div class=\"elementor-widget-wrap elementor-element-populated\">\n\t\t\t\t\t\t\t\t<div class=\"elementor-element elementor-element-0dbcbd4 elementor-widget elementor-widget-image\" data-id=\"0dbcbd4\" data-element_type=\"widget\" data-widget_type=\"image.default\">\n\t\t\t\t<div class=\"elementor-widget-container\">\n\t\t\t\t\t\t\t\t\t\t\t\t\t\t\t<img decoding=\"async\" width=\"400\" height=\"400\" data-src=\"https:\/\/nerba.pt\/site\/wp-content\/uploads\/2022\/07\/576492c356d8e0278dfa7b752bad5bc8_XL.jpg\" class=\"attachment-medium size-medium wp-image-9908 lazyload\" alt=\"\" src=\"data:image\/svg+xml;base64,PHN2ZyB3aWR0aD0iMSIgaGVpZ2h0PSIxIiB4bWxucz0iaHR0cDovL3d3dy53My5vcmcvMjAwMC9zdmciPjwvc3ZnPg==\" style=\"--smush-placeholder-width: 400px; --smush-placeholder-aspect-ratio: 400\/400;\" \/>\t\t\t\t\t\t\t\t\t\t\t\t\t\t\t<\/div>\n\t\t\t\t<\/div>\n\t\t\t\t\t<\/div>\n\t\t<\/div>\n\t\t\t\t\t\t\t<\/div>\n\t\t<\/section>\n\t\t\t\t<section class=\"elementor-section elementor-top-section elementor-element elementor-element-36fe3c1 elementor-section-height-min-height elementor-section-items-stretch elementor-section-content-middle elementor-section-boxed elementor-section-height-default\" data-id=\"36fe3c1\" data-element_type=\"section\" data-settings=\"{&quot;background_background&quot;:&quot;classic&quot;}\">\n\t\t\t\t\t\t<div class=\"elementor-container elementor-column-gap-wider\">\n\t\t\t\t\t<div class=\"elementor-column elementor-col-100 elementor-top-column elementor-element elementor-element-f51438e\" data-id=\"f51438e\" data-element_type=\"column\" data-settings=\"{&quot;background_background&quot;:&quot;classic&quot;}\">\n\t\t\t<div class=\"elementor-widget-wrap elementor-element-populated\">\n\t\t\t\t\t\t\t\t<div class=\"elementor-element elementor-element-c6d261f elementor-widget elementor-widget-text-editor\" data-id=\"c6d261f\" data-element_type=\"widget\" data-widget_type=\"text-editor.default\">\n\t\t\t\t<div class=\"elementor-widget-container\">\n\t\t\t\t\t\t\t<p><strong>Projeto cofinanciado por:\u00a0<\/strong><\/p><p>\u00a0<img decoding=\"async\" data-src=\"http:\/\/dlbc.adersousa.pt\/files\/15_barra_NORTE2020_PT2020_FEEI_cores.jpg.jpg\" alt=\"\" width=\"500\" src=\"data:image\/svg+xml;base64,PHN2ZyB3aWR0aD0iMSIgaGVpZ2h0PSIxIiB4bWxucz0iaHR0cDovL3d3dy53My5vcmcvMjAwMC9zdmciPjwvc3ZnPg==\" class=\"lazyload\" \/><\/p><p><strong>Identifica\u00e7\u00e3o e Enquadramento:\u00a0\u00a0<\/strong><\/p><p>Aviso: NORTE-51-2015-04-Sistema de Apoio \u00e0s A\u00e7\u00f5es Coletivas \u2013 Promo\u00e7\u00e3o do Esp\u00edrito Empresarial<\/p><p>N.\u00ba da opera\u00e7\u00e3o: NORTE-02-0651-FEDER-000020<\/p><p>Designa\u00e7\u00e3o da opera\u00e7\u00e3o: Promo\u00e7\u00e3o do Empreendedorismo Tecnol\u00f3gico na Regi\u00e3o de Tr\u00e1s-os-Montes e Alto Douro (EMPREENDER+.tec)<\/p><p>Tipologia de interven\u00e7\u00e3o: 51 &#8211; Empreendedorismo qualificado e criativo<\/p><p>Programa Operacional: NORTE 2020 &#8211; Programa Operacional Regional do Norte 2014\/2020<\/p><p>Fundo:<\/p><p>Benefici\u00e1rio Coordenador: 600013758, Instituto Polit\u00e9cnico de Bragan\u00e7a<\/p><p>Cobenefici\u00e1rio 1: 502280344, NERBA &#8211; Associa\u00e7\u00e3o Empresarial do Distrito de Bragan\u00e7a<\/p><p>Cobenefici\u00e1rio 2: 508767229, Associa\u00e7\u00e3o para o Desenvolvimento do Brigantia Ecopark<\/p><p><strong>Estrutura de Financiamento:<\/strong><\/p><p>Investimento Total \u20ac590.875,00<\/p><p>Investimento Eleg\u00edvel \u20ac590.875,00<\/p><p>Fundo: \u20ac502.243,75<\/p><p><strong>Taxa de comparticipa\u00e7\u00e3o 85%<\/strong><\/p><p>Data de In\u00edcio do projeto: 01-07-2016<\/p><p>Data de Fim do projeto: 30-06-2018<\/p><p><strong>S\u00edntese do projeto<\/strong><\/p><p>O projeto Empreender+tec pretende promover o esp\u00edrito empreendedor de \u00edndole tecnol\u00f3gico na regi\u00e3o NUTS III das Terras de Tr\u00e1s-os-Montes.<\/p><p>Para tal, ser\u00e1 criada uma R2PE &#8211; Rede Regional de Promo\u00e7\u00e3o do Empreendedorismo, desenvolvida uma Base de Conhecimento e de Apoio \u00e0 Inova\u00e7\u00e3o Tecnol\u00f3gica, e organizado um Concurso de ideias de neg\u00f3cio de base tecnol\u00f3gica.<\/p><p>Pretende-se que a cria\u00e7\u00e3o de empresas de base tecnol\u00f3gica sirva de ve\u00edculo para a dinamiza\u00e7\u00e3o da economia regional, utilizando ativos locais, nomeadamente estruturas j\u00e1 instaladas e \u201cknow-how\u201d existente nas institui\u00e7\u00f5es locais. Desta forma, a comunidade de empreendedores regionais ter\u00e1 acesso facilitado a servi\u00e7os especializados de proximidade, associados em rede de forma sin\u00e9rgica.<\/p><p>A parceria respons\u00e1vel pela execu\u00e7\u00e3o das a\u00e7\u00f5es referidas \u00e9 constitu\u00edda pelo Instituto Polit\u00e9cnico de Bragan\u00e7a (IPB), pelo Parque de Ci\u00eancia e Tecnologia de Tr\u00e1s-os-Montes e Alto Douro Brigantia EcoPark (PCT TMAD Brigantia-EcoPark), e pela Associa\u00e7\u00e3o Empresarial do Distrito de Bragan\u00e7a (NERBA).<\/p><p><strong>Descri\u00e7\u00e3o e objetivos do Projeto<\/strong><\/p><p>Perspetiva-se o apoio \u00e0 cria\u00e7\u00e3o de 10 novas empresas, das quais 3 em sectores de alta e m\u00e9dia-alta tecnologia e em servi\u00e7os intensivos em conhecimento.<\/p><p>Em m\u00e9dia, espera-se que cada empresa gere 3 novos postos de trabalho, o que perfaz um total de 30 novos empregos.<\/p><p>No que se refere ao processo de inova\u00e7\u00e3o, perspetiva-se a promo\u00e7\u00e3o da realiza\u00e7\u00e3o de 15 projetos de transfer\u00eancia de tecnologia e conhecimento, que podem ser materializados em presta\u00e7\u00e3o de servi\u00e7os e\/ou consultoria, em particular projetos cofinanciados pelo Sistema de Incentivos \u00e0s Empresas no \u00e2mbito do Portugal 2020.<\/p><p>Prev\u00ea-se portanto que 15 empresas beneficiem de subven\u00e7\u00f5es.<\/p><p>Com meta global, estima-se que 100 empresas beneficiem de apoio no \u00e2mbito do projeto Empreender+tec, correspondendo a um aumento de 30 postos de trabalho.<\/p><p><strong>Metodologia de Implementa\u00e7\u00e3o<\/strong><\/p><p>A metodologia de implementa\u00e7\u00e3o \u00e9 baseada nos seguintes aspetos-chave:<\/p><p>1 &#8211; \u00a0 Cria\u00e7\u00e3o de uma R2PE &#8211; Rede Regional de Promo\u00e7\u00e3o do Empreendedorismo, com estruturas de apoio locais (uma por Munic\u00edpio), apoiadas por um gabinete central instalado no Parque de Ci\u00eancia e Tecnologia Brigantia Ecopark e por uma plataforma eletr\u00f3nica integrada de suporte ao empreendedorismo;<\/p><p>2 &#8211; \u00a0 Oferta de servi\u00e7os de apoio ao empreendedor em todas as fases do processo, desde a gera\u00e7\u00e3o de ideias (e.g. via contacto com o Sistema Cient\u00edfico e Tecnol\u00f3gico no \u00e2mbito de sess\u00f5es de brokerage), an\u00e1lise preliminar do perfil de empreendedor e da viabilidade da ideia de neg\u00f3cio de base tecnol\u00f3gica, cria\u00e7\u00e3o do neg\u00f3cio (apoio \u00e0 defini\u00e7\u00e3o de modelos de neg\u00f3cio, \u00e0 realiza\u00e7\u00e3o de estudos de mercado, \u00e0 conce\u00e7\u00e3o do planeamento estrat\u00e9gico da empresa, \u00e0 formaliza\u00e7\u00e3o e financiamento de neg\u00f3cios, etc.) e coaching (empresarial e tecnol\u00f3gico) durante a consolida\u00e7\u00e3o das novas empresas;<\/p><p>3 &#8211; \u00a0 Realiza\u00e7\u00e3o de um Concurso de ideias de neg\u00f3cio de base tecnol\u00f3gica com pr\u00e9mios de relev\u00e2ncia, como reconhecimento do contributo do empreendedor para o desenvolvimento local;<\/p><p>4 &#8211; \u00a0 Parceria com a Comunidade Intermunicipal Terras de Tr\u00e1s-os-Montes, em particular no que respeita \u00e0 defini\u00e7\u00e3o e estabelecimento do Acordo de Parceria para a Rede Regional de Promo\u00e7\u00e3o do Empreendedorismo, \u00e0 instala\u00e7\u00e3o de um t\u00e9cnico\/gabinete de apoio ao empreendedorismo em cada Munic\u00edpio da CIM-TTM, \u00e0 an\u00e1lise e sele\u00e7\u00e3o das candidaturas ao Concurso de ideias de neg\u00f3cio de base tecnol\u00f3gica, e \u00e0 divulga\u00e7\u00e3o das atividades e resultados do projeto.<\/p>\t\t\t\t\t\t<\/div>\n\t\t\t\t<\/div>\n\t\t\t\t\t<\/div>\n\t\t<\/div>\n\t\t\t\t\t\t\t<\/div>\n\t\t<\/section>\n\t\t\t\t<section class=\"elementor-section elementor-top-section elementor-element elementor-element-47e003f elementor-section-boxed elementor-section-height-default elementor-section-height-default\" data-id=\"47e003f\" data-element_type=\"section\">\n\t\t\t\t\t\t<div class=\"elementor-container elementor-column-gap-default\">\n\t\t\t\t\t<div class=\"elementor-column elementor-col-100 elementor-top-column elementor-element elementor-element-b91f512\" data-id=\"b91f512\" data-element_type=\"column\">\n\t\t\t<div class=\"elementor-widget-wrap\">\n\t\t\t\t\t\t\t\t\t<\/div>\n\t\t<\/div>\n\t\t\t\t\t\t\t<\/div>\n\t\t<\/section>\n\t\t\t\t\t\t\t<\/div>\n\t\t","protected":false},"excerpt":{"rendered":"<p>Projeto cofinanciado por:\u00a0 \u00a0 Identifica\u00e7\u00e3o e Enquadramento:\u00a0\u00a0 Aviso: NORTE-51-2015-04-Sistema de Apoio \u00e0s A\u00e7\u00f5es Coletivas \u2013 Promo\u00e7\u00e3o do Esp\u00edrito Empresarial N.\u00ba da opera\u00e7\u00e3o: NORTE-02-0651-FEDER-000020 Designa\u00e7\u00e3o da opera\u00e7\u00e3o: Promo\u00e7\u00e3o do Empreendedorismo Tecnol\u00f3gico na Regi\u00e3o de Tr\u00e1s-os-Montes e Alto Douro (EMPREENDER+.tec) Tipologia de interven\u00e7\u00e3o: 51 &#8211; Empreendedorismo qualificado e criativo Programa Operacional: NORTE 2020 &#8211; Programa Operacional Regional&hellip;<\/p>\n","protected":false},"author":1,"featured_media":0,"parent":0,"menu_order":20,"comment_status":"closed","ping_status":"closed","template":"","meta":{"footnotes":""},"class_list":["post-8545","page","type-page","status-publish","hentry"],"_links":{"self":[{"href":"https:\/\/nerba.pt\/site\/wp-json\/wp\/v2\/pages\/8545","targetHints":{"allow":["GET"]}}],"collection":[{"href":"https:\/\/nerba.pt\/site\/wp-json\/wp\/v2\/pages"}],"about":[{"href":"https:\/\/nerba.pt\/site\/wp-json\/wp\/v2\/types\/page"}],"author":[{"embeddable":true,"href":"https:\/\/nerba.pt\/site\/wp-json\/wp\/v2\/users\/1"}],"replies":[{"embeddable":true,"href":"https:\/\/nerba.pt\/site\/wp-json\/wp\/v2\/comments?post=8545"}],"version-history":[{"count":0,"href":"https:\/\/nerba.pt\/site\/wp-json\/wp\/v2\/pages\/8545\/revisions"}],"wp:attachment":[{"href":"https:\/\/nerba.pt\/site\/wp-json\/wp\/v2\/media?parent=8545"}],"curies":[{"name":"wp","href":"https:\/\/api.w.org\/{rel}","templated":true}]}}