{"id":8543,"date":"2022-05-09T10:28:38","date_gmt":"2022-05-09T10:28:38","guid":{"rendered":"https:\/\/nerba.pt\/site\/?page_id=8543"},"modified":"2023-03-21T11:10:59","modified_gmt":"2023-03-21T11:10:59","slug":"exportar","status":"publish","type":"page","link":"https:\/\/nerba.pt\/site\/exportar\/","title":{"rendered":"Exportar +"},"content":{"rendered":"\t\t<div data-elementor-type=\"wp-page\" data-elementor-id=\"8543\" class=\"elementor elementor-8543\" data-elementor-post-type=\"page\">\n\t\t\t\t\t\t\t\t\t<section class=\"elementor-section elementor-top-section elementor-element elementor-element-0c34623 elementor-section-boxed elementor-section-height-default elementor-section-height-default\" data-id=\"0c34623\" data-element_type=\"section\">\n\t\t\t\t\t\t<div class=\"elementor-container elementor-column-gap-default\">\n\t\t\t\t\t<div class=\"elementor-column elementor-col-100 elementor-top-column elementor-element elementor-element-36fde46\" data-id=\"36fde46\" data-element_type=\"column\">\n\t\t\t<div class=\"elementor-widget-wrap elementor-element-populated\">\n\t\t\t\t\t\t\t\t<div class=\"elementor-element elementor-element-1c3b4fe elementor-widget elementor-widget-image\" data-id=\"1c3b4fe\" data-element_type=\"widget\" data-widget_type=\"image.default\">\n\t\t\t\t<div class=\"elementor-widget-container\">\n\t\t\t\t\t\t\t\t\t\t\t\t\t\t\t<img decoding=\"async\" width=\"1200\" height=\"238\" data-src=\"https:\/\/nerba.pt\/site\/wp-content\/uploads\/2023\/03\/exportar_nerba-1400x278.jpg\" class=\"attachment-large size-large wp-image-14090 lazyload\" alt=\"\" data-srcset=\"https:\/\/nerba.pt\/site\/wp-content\/uploads\/2023\/03\/exportar_nerba-1400x278.jpg 1400w, https:\/\/nerba.pt\/site\/wp-content\/uploads\/2023\/03\/exportar_nerba-800x159.jpg 800w, https:\/\/nerba.pt\/site\/wp-content\/uploads\/2023\/03\/exportar_nerba-768x152.jpg 768w, https:\/\/nerba.pt\/site\/wp-content\/uploads\/2023\/03\/exportar_nerba-1536x304.jpg 1536w, https:\/\/nerba.pt\/site\/wp-content\/uploads\/2023\/03\/exportar_nerba-2048x406.jpg 2048w, https:\/\/nerba.pt\/site\/wp-content\/uploads\/2023\/03\/exportar_nerba-18x4.jpg 18w\" data-sizes=\"(max-width: 1200px) 100vw, 1200px\" src=\"data:image\/svg+xml;base64,PHN2ZyB3aWR0aD0iMSIgaGVpZ2h0PSIxIiB4bWxucz0iaHR0cDovL3d3dy53My5vcmcvMjAwMC9zdmciPjwvc3ZnPg==\" style=\"--smush-placeholder-width: 1200px; --smush-placeholder-aspect-ratio: 1200\/238;\" \/>\t\t\t\t\t\t\t\t\t\t\t\t\t\t\t<\/div>\n\t\t\t\t<\/div>\n\t\t\t\t\t<\/div>\n\t\t<\/div>\n\t\t\t\t\t\t\t<\/div>\n\t\t<\/section>\n\t\t\t\t<section class=\"elementor-section elementor-top-section elementor-element elementor-element-36fe3c1 elementor-section-height-min-height elementor-section-items-stretch elementor-section-content-middle elementor-section-boxed elementor-section-height-default\" data-id=\"36fe3c1\" data-element_type=\"section\" data-settings=\"{&quot;background_background&quot;:&quot;classic&quot;}\">\n\t\t\t\t\t\t<div class=\"elementor-container elementor-column-gap-wider\">\n\t\t\t\t\t<div class=\"elementor-column elementor-col-100 elementor-top-column elementor-element elementor-element-f51438e\" data-id=\"f51438e\" data-element_type=\"column\" data-settings=\"{&quot;background_background&quot;:&quot;classic&quot;}\">\n\t\t\t<div class=\"elementor-widget-wrap elementor-element-populated\">\n\t\t\t\t\t\t\t\t<div class=\"elementor-element elementor-element-b8f8a51 elementor-widget elementor-widget-text-editor\" data-id=\"b8f8a51\" data-element_type=\"widget\" data-widget_type=\"text-editor.default\">\n\t\t\t\t<div class=\"elementor-widget-container\">\n\t\t\t\t\t\t\t<p><strong>Projeto cofinanciado por:\u00a0<\/strong><\/p><p><img decoding=\"async\" data-src=\"http:\/\/dlbc.adersousa.pt\/files\/15_barra_NORTE2020_PT2020_FEEI_cores.jpg.jpg\" alt=\"\" width=\"500\" src=\"data:image\/svg+xml;base64,PHN2ZyB3aWR0aD0iMSIgaGVpZ2h0PSIxIiB4bWxucz0iaHR0cDovL3d3dy53My5vcmcvMjAwMC9zdmciPjwvc3ZnPg==\" class=\"lazyload\" \/><\/p><p><strong>Identifica\u00e7\u00e3o e Enquadramento:<\/strong><\/p><p>Aviso: NORTE-02-0752-FEDER-000019<\/p><p>Designa\u00e7\u00e3o SISTEMA DE APOIO \u00c0S A\u00c7\u00d5ES COLETIVAS PARA TERRIT\u00d3RIOS DE BAIXA DENSIDADE &#8211; \u201cINTERNACIONALIZA\u00c7\u00c3O\u201d<\/p><p>Programa Operacional Programa Operacional Regional do Norte<\/p><p>Eixo Priorit\u00e1rio Competitividade das Pequenas e M\u00e9dias Empresas<\/p><p>Objetivo Tem\u00e1tico: Refor\u00e7ar a competitividade das pequenas e m\u00e9dias empresas<\/p><p>Designa\u00e7\u00e3o O desenvolvimento e aplica\u00e7\u00e3o de novos modelos empresariais para as PME, especialmente no que respeita \u00e0 internacionaliza\u00e7\u00e3o.<\/p><p>Plano Estrat\u00e9gico<\/p><p><strong>Benefici\u00e1rio l\u00edder:<\/strong>\u00a0NERVIR ASSOCIA\u00c7\u00c3O EMPRESARIAL, 502280271 \u00a0\u00a0\u00a0\u00a0\u00a0\u00a0\u00a0<\/p><p><strong>Benefici\u00e1rio 1: <\/strong>NERBA ASSOCIA\u00c7\u00c3O EMPRESARIAL DO DISTRITO DE BRAGAN\u00c7A, 502280344 \u00a0\u00a0\u00a0\u00a0\u00a0\u00a0\u00a0<\/p><p><strong>Benefici\u00e1rio 2:<\/strong>\u00a0ACISAT- ASSOCIA\u00c7\u00c3O EMPRESARIAL DO ALTO T\u00c2MEGA, 501132333 \u00a0\u00a0\u00a0\u00a0\u00a0\u00a0<\/p><p><strong>Estrutura de Financiamento:<\/strong><\/p><p>Investimento Total 621 889,23 \u20ac<\/p><p>Investimento Eleg\u00edvel 616 713,95 \u20ac<\/p><p>Investimento N\u00e3o Eleg\u00edvel 5 175,28 \u20ac<\/p><p>Contribui\u00e7\u00e3o Comunit\u00e1ria 524 206,86 \u20ac<\/p><p>Financiamento Privado 92 507,09 \u20ac<\/p><p><strong>Taxa de comparticipa\u00e7\u00e3o 85%<\/strong><\/p><p><strong>\u00a0<\/strong><\/p><p><strong>Data de In\u00edcio do projeto:<\/strong>\u00a001-01-2016<\/p><p><strong>Data de Fim do projeto:<\/strong>\u00a031-12-2017<\/p><p><strong>S\u00edntese do projeto<\/strong><\/p><p>O Projeto EXPORTAR+ | Valoriza\u00e7\u00e3o dos Recursos da Regi\u00e3o de Terras de Tr\u00e1s-os-Montes, Douro e Alto T\u00e2mega \u00e9 uma opera\u00e7\u00e3o no \u00e2mbito do Sistema de Apoio a A\u00e7\u00f5es Coletivas (SIAC), enquadrada no Aviso de Abertura de Concurso NORTE &#8211; 52 &#8211; 2015 &#8211; 07 do Programa Operacional Regional do Norte 2014-2020 (PO Norte 2020), mais especificamente na tipologia &#8216;Internacionaliza\u00e7\u00e3o&#8217;, de acordo com a al\u00ednea o Ponto 3 do referido Aviso de Abertura de Concurso, e o disposto no n\u00ba 4 do Art.\u00ba 128 da Portaria 57-A\/2015 (RECI).<\/p><p>\u00c9 desenvolvido em cons\u00f3rcio pela NERVIR \u2013 Associa\u00e7\u00e3o Empresarial (benefici\u00e1rio l\u00edder\/chefe de fila), NERBA \u2013 Associa\u00e7\u00e3o Empresarial do Distrito de Bragan\u00e7a, e ACISAT \u2013 Associa\u00e7\u00e3o Empresarial do Alto T\u00e2mega, em colabora\u00e7\u00e3o com as Comunidades Intermunicipais do Alto T\u00e2mega, em parceria com a Universidade de Tr\u00e1s-os-Montes e Alto Douro, e o Instituto Polit\u00e9cnico de Bragan\u00e7a. O Projeto beneficiar\u00e1 ainda da colabora\u00e7\u00e3o das Comunidades Intermunicipais do Alto T\u00e2mega, Doutro e Terras de Tr\u00e1s-os-Montes, na qualidade de facilitadores das A\u00e7\u00f5es a desenvolver no territ\u00f3rio. O Projeto tem um \u00e2mbito geogr\u00e1fico de interven\u00e7\u00e3o que abrange as NUT III correspondentes \u2013 Alto T\u00e2mega, Douro e Terras de Tr\u00e1s-os-Montes.<\/p><p><strong>Entidades Promotoras:\u00a0<\/strong>Nervir; Nerba e Acisat.<\/p><p><strong>Parceiros:<\/strong><\/p><p>Institui\u00e7\u00f5es de Ensino Superior:<\/p><p>IPB -Instituto Polit\u00e9cnico de Bragan\u00e7a<\/p><p>UTAD -Universidade de Tr\u00e1s-os-Montes e Alto Douro<\/p><p>Comunidades Intermunicipais:<\/p><p>CIMAT -Comunidade Intermunicipal do Alto T\u00e2mega<\/p><p>CIMD -Comunidade Intermunicipal do Douro<\/p><p>CIMTTM -Comunidade Intermunicipal das Terras de Tr\u00e1s-os-Montes | Tr\u00e1s-os-Montes<\/p><p><strong>Descri\u00e7\u00e3o e objetivos do Projeto<\/strong><\/p><p>O Projeto tem como objetivo central potenciar o sucesso da internacionaliza\u00e7\u00e3o das PME da regi\u00e3o de Terras de Tr\u00e1s-os-Montes, Douro e Alto T\u00e2mega, atrav\u00e9s de um melhor conhecimento sobre os mercados e do est\u00edmulo a iniciativas coletivas de coopera\u00e7\u00e3o interempresarial, para a internacionaliza\u00e7\u00e3o dos bens e servi\u00e7os produzidos na regi\u00e3o, assente na estrat\u00e9gia regional de especializa\u00e7\u00e3o inteligente (RIS3)<\/p><h3><strong>Metodologia de Implementa\u00e7\u00e3o<\/strong><\/h3><p>Para dar resposta aos objetivos foram definidas quatro a\u00e7\u00f5es, que se consubstanciam num conjunto de atividades:<\/p><p>1. Identificar e dinamizar fileiras econ\u00f3micas priorit\u00e1rias com maior potencial de internacionaliza\u00e7\u00e3o (smart specialisation), atrav\u00e9s de um trabalho inicial de base territorial descentralizada para identificar empresas com potencial exportador, e a cria\u00e7\u00e3o de grupos de trabalho interempresas, numa metodologia de interven\u00e7\u00e3o baseada na organiza\u00e7\u00e3o das mesmas por fileiras\/sectores econ\u00f3micos priorit\u00e1rios para a abordagem dos mercados internacionais;<\/p><p>2. Identificar e caracterizar oportunidades de mercado internacionais de destino para as fileiras econ\u00f3micas priorit\u00e1rias, atrav\u00e9s de trabalho exaustivo de identifica\u00e7\u00e3o de reais oportunidades de neg\u00f3cio nos mercados internacionais para as fileiras identificadas, e ainda o planeamento e realiza\u00e7\u00e3o um conjunto de a\u00e7\u00f5es explorat\u00f3rias\u00a0 de interc\u00e2mbio na regi\u00e3o e nos mercados externos;\u00a0<\/p><p>3. Desenvolver um programa de Apoio \u00e0 Internacionaliza\u00e7\u00e3o das fileiras econ\u00f3micas priorit\u00e1rias, atrav\u00e9s da defini\u00e7\u00e3o e elabora\u00e7\u00e3o de planos de a\u00e7\u00e3o de curto e m\u00e9dio prazo para a Internacionaliza\u00e7\u00e3o das fileiras\/sectores priorit\u00e1rios identificados;<\/p><p>4. Criar Gabinetes de Apoio \u00e0 Internacionaliza\u00e7\u00e3o, com um car\u00e1cter complementar \u00e0s a\u00e7\u00f5es descritas anteriormente, e uma natureza transversal no apoio a todas as empresas envolvidas no projeto, incluindo as empresas\/mercados\/fileiras onde n\u00e3o haja massa cr\u00edtica suficiente para criar grupos de trabalho referidos anteriormente.\u00a0<\/p>\t\t\t\t\t\t<\/div>\n\t\t\t\t<\/div>\n\t\t\t\t\t<\/div>\n\t\t<\/div>\n\t\t\t\t\t\t\t<\/div>\n\t\t<\/section>\n\t\t\t\t\t\t\t<\/div>\n\t\t","protected":false},"excerpt":{"rendered":"<p>Projeto cofinanciado por:\u00a0 Identifica\u00e7\u00e3o e Enquadramento: Aviso: NORTE-02-0752-FEDER-000019 Designa\u00e7\u00e3o SISTEMA DE APOIO \u00c0S A\u00c7\u00d5ES COLETIVAS PARA TERRIT\u00d3RIOS DE BAIXA DENSIDADE &#8211; \u201cINTERNACIONALIZA\u00c7\u00c3O\u201d Programa Operacional Programa Operacional Regional do Norte Eixo Priorit\u00e1rio Competitividade das Pequenas e M\u00e9dias Empresas Objetivo Tem\u00e1tico: Refor\u00e7ar a competitividade das pequenas e m\u00e9dias empresas Designa\u00e7\u00e3o O desenvolvimento e aplica\u00e7\u00e3o de novos modelos&hellip;<\/p>\n","protected":false},"author":1,"featured_media":0,"parent":0,"menu_order":20,"comment_status":"closed","ping_status":"closed","template":"","meta":{"footnotes":""},"class_list":["post-8543","page","type-page","status-publish","hentry"],"_links":{"self":[{"href":"https:\/\/nerba.pt\/site\/wp-json\/wp\/v2\/pages\/8543","targetHints":{"allow":["GET"]}}],"collection":[{"href":"https:\/\/nerba.pt\/site\/wp-json\/wp\/v2\/pages"}],"about":[{"href":"https:\/\/nerba.pt\/site\/wp-json\/wp\/v2\/types\/page"}],"author":[{"embeddable":true,"href":"https:\/\/nerba.pt\/site\/wp-json\/wp\/v2\/users\/1"}],"replies":[{"embeddable":true,"href":"https:\/\/nerba.pt\/site\/wp-json\/wp\/v2\/comments?post=8543"}],"version-history":[{"count":0,"href":"https:\/\/nerba.pt\/site\/wp-json\/wp\/v2\/pages\/8543\/revisions"}],"wp:attachment":[{"href":"https:\/\/nerba.pt\/site\/wp-json\/wp\/v2\/media?parent=8543"}],"curies":[{"name":"wp","href":"https:\/\/api.w.org\/{rel}","templated":true}]}}