{"id":17651,"date":"2024-10-21T09:08:05","date_gmt":"2024-10-21T09:08:05","guid":{"rendered":"https:\/\/nerba.pt\/site\/?page_id=17651"},"modified":"2025-10-22T08:29:57","modified_gmt":"2025-10-22T08:29:57","slug":"emprego-mais-digital","status":"publish","type":"page","link":"https:\/\/nerba.pt\/site\/emprego-mais-digital\/","title":{"rendered":"Emprego Mais Digital"},"content":{"rendered":"\t\t<div data-elementor-type=\"wp-page\" data-elementor-id=\"17651\" class=\"elementor elementor-17651\" data-elementor-post-type=\"page\">\n\t\t\t\t\t\t\t\t\t<section class=\"elementor-section elementor-top-section elementor-element elementor-element-614bb41 elementor-section-boxed elementor-section-height-default elementor-section-height-default\" data-id=\"614bb41\" data-element_type=\"section\">\n\t\t\t\t\t\t<div class=\"elementor-container elementor-column-gap-default\">\n\t\t\t\t\t<div class=\"elementor-column elementor-col-100 elementor-top-column elementor-element elementor-element-7cf42cf\" data-id=\"7cf42cf\" data-element_type=\"column\">\n\t\t\t<div class=\"elementor-widget-wrap elementor-element-populated\">\n\t\t\t\t\t\t\t\t<div class=\"elementor-element elementor-element-e0b8950 elementor-widget elementor-widget-spacer\" data-id=\"e0b8950\" data-element_type=\"widget\" data-widget_type=\"spacer.default\">\n\t\t\t\t<div class=\"elementor-widget-container\">\n\t\t\t\t\t<div class=\"elementor-spacer\">\n\t\t\t<div class=\"elementor-spacer-inner\"><\/div>\n\t\t<\/div>\n\t\t\t\t<\/div>\n\t\t\t\t<\/div>\n\t\t\t\t\t<\/div>\n\t\t<\/div>\n\t\t\t\t\t\t\t<\/div>\n\t\t<\/section>\n\t\t\t\t<section class=\"elementor-section elementor-top-section elementor-element elementor-element-66775d3 elementor-section-boxed elementor-section-height-default elementor-section-height-default\" data-id=\"66775d3\" data-element_type=\"section\">\n\t\t\t\t\t\t<div class=\"elementor-container elementor-column-gap-default\">\n\t\t\t\t\t<div class=\"elementor-column elementor-col-100 elementor-top-column elementor-element elementor-element-4e791e0\" data-id=\"4e791e0\" data-element_type=\"column\">\n\t\t\t<div class=\"elementor-widget-wrap elementor-element-populated\">\n\t\t\t\t\t\t\t\t<div class=\"elementor-element elementor-element-0e34b5a elementor-widget elementor-widget-heading\" data-id=\"0e34b5a\" data-element_type=\"widget\" data-widget_type=\"heading.default\">\n\t\t\t\t<div class=\"elementor-widget-container\">\n\t\t\t<h2 class=\"elementor-heading-title elementor-size-default\">Emprego Mais Digital<\/h2>\t\t<\/div>\n\t\t\t\t<\/div>\n\t\t\t\t\t<\/div>\n\t\t<\/div>\n\t\t\t\t\t\t\t<\/div>\n\t\t<\/section>\n\t\t\t\t<section class=\"elementor-section elementor-top-section elementor-element elementor-element-1f2a652 elementor-section-boxed elementor-section-height-default elementor-section-height-default\" data-id=\"1f2a652\" data-element_type=\"section\">\n\t\t\t\t\t\t<div class=\"elementor-container elementor-column-gap-default\">\n\t\t\t\t\t<div class=\"elementor-column elementor-col-100 elementor-top-column elementor-element elementor-element-d0ae100\" data-id=\"d0ae100\" data-element_type=\"column\">\n\t\t\t<div class=\"elementor-widget-wrap elementor-element-populated\">\n\t\t\t\t\t\t\t\t<div class=\"elementor-element elementor-element-648d3b7 elementor-widget elementor-widget-image\" data-id=\"648d3b7\" data-element_type=\"widget\" data-widget_type=\"image.default\">\n\t\t\t\t<div class=\"elementor-widget-container\">\n\t\t\t\t\t\t\t\t\t\t\t\t\t\t\t<img decoding=\"async\" width=\"1200\" height=\"162\" data-src=\"https:\/\/nerba.pt\/site\/wp-content\/uploads\/2024\/07\/aaa-1400x189.png\" class=\"attachment-large size-large wp-image-17127 lazyload\" alt=\"\" data-srcset=\"https:\/\/nerba.pt\/site\/wp-content\/uploads\/2024\/07\/aaa-1400x189.png 1400w, https:\/\/nerba.pt\/site\/wp-content\/uploads\/2024\/07\/aaa-800x108.png 800w, https:\/\/nerba.pt\/site\/wp-content\/uploads\/2024\/07\/aaa-768x104.png 768w, https:\/\/nerba.pt\/site\/wp-content\/uploads\/2024\/07\/aaa-1536x208.png 1536w, https:\/\/nerba.pt\/site\/wp-content\/uploads\/2024\/07\/aaa-18x2.png 18w, https:\/\/nerba.pt\/site\/wp-content\/uploads\/2024\/07\/aaa.png 1618w\" data-sizes=\"(max-width: 1200px) 100vw, 1200px\" src=\"data:image\/svg+xml;base64,PHN2ZyB3aWR0aD0iMSIgaGVpZ2h0PSIxIiB4bWxucz0iaHR0cDovL3d3dy53My5vcmcvMjAwMC9zdmciPjwvc3ZnPg==\" style=\"--smush-placeholder-width: 1200px; --smush-placeholder-aspect-ratio: 1200\/162;\" \/>\t\t\t\t\t\t\t\t\t\t\t\t\t\t\t<\/div>\n\t\t\t\t<\/div>\n\t\t\t\t\t<\/div>\n\t\t<\/div>\n\t\t\t\t\t\t\t<\/div>\n\t\t<\/section>\n\t\t\t\t<section class=\"elementor-section elementor-top-section elementor-element elementor-element-36fe3c1 elementor-section-height-min-height elementor-section-items-stretch elementor-section-content-middle elementor-section-boxed elementor-section-height-default\" data-id=\"36fe3c1\" data-element_type=\"section\" data-settings=\"{&quot;background_background&quot;:&quot;classic&quot;}\">\n\t\t\t\t\t\t<div class=\"elementor-container elementor-column-gap-wider\">\n\t\t\t\t\t<div class=\"elementor-column elementor-col-100 elementor-top-column elementor-element elementor-element-f51438e\" data-id=\"f51438e\" data-element_type=\"column\" data-settings=\"{&quot;background_background&quot;:&quot;classic&quot;}\">\n\t\t\t<div class=\"elementor-widget-wrap elementor-element-populated\">\n\t\t\t\t\t\t\t\t<div class=\"elementor-element elementor-element-126d1f1 elementor-widget__width-initial elementor-widget elementor-widget-text-editor\" data-id=\"126d1f1\" data-element_type=\"widget\" data-widget_type=\"text-editor.default\">\n\t\t\t\t<div class=\"elementor-widget-container\">\n\t\t\t\t\t\t\t<p><strong>Ficha de projeto<\/strong><\/p><p><strong>Projecto Cofinanciado <\/strong><\/p><p><strong>Medida 1 &#8211; Forma\u00e7\u00e3o Emprego mais Digital<\/strong><\/p><p><strong>Candidatura n.\u00ba 1991900, Processo n.\u00ba 00113\/D+\/24<\/strong><\/p><p><strong>\u00a0\u00a0\u00a0\u00a0\u00a0\u00a0\u00a0\u00a0\u00a0\u00a0\u00a0\u00a0\u00a0\u00a0\u00a0\u00a0\u00a0\u00a0 <\/strong><\/p><p>Cofinanciado pelo Plano de Recupera\u00e7\u00e3o e Resili\u00eancia (PRR), no \u00e2mbito do investimento 1 \u2013 Capacita\u00e7\u00e3o Digital das Empresas (Academia Portugal Digital e Emprego + Digital 2025), inserido na Componente 16, numa articula\u00e7\u00e3o entre o IEFP, I.P. e a Estrutura de Miss\u00e3o Portugal Digital (EMPD), enquanto respons\u00e1vel pelo acompanhamento das diversas medidas inclu\u00eddas no Plano de A\u00e7\u00e3o para a Transi\u00e7\u00e3o Digital (PATD).<\/p><p><strong>Or\u00e7amento \u20ac<\/strong>245.329,98<\/p><p><strong>Calend\u00e1rio de execu\u00e7\u00e3o <\/strong>29\/10\/2024 a 30\/09\/2025<\/p><p><strong>Resumo<\/strong><\/p><p>O contributo da Forma\u00e7\u00e3o Emprego + Digital do NERBA para a transforma\u00e7\u00e3o digital entende-se como efetivo, dado que ser\u00e3o ministrados conte\u00fados e percursos para o desenvolvimento de compet\u00eancias digitais, permitindo a aquisi\u00e7\u00e3o ou atualiza\u00e7\u00e3o de conhecimentos, mantendo-se relevantes no mercado de trabalho.<\/p><p>Refira-se a integra\u00e7\u00e3o de UFCD\/percursos e temas extra cat\u00e1logo de promo\u00e7\u00e3o <a href=\"https:\/\/dre.pt\/web\/guest\/home\/-\/dre\/170322930\/details\/maximized\">de compet\u00eancias digitais<\/a> como fator de resposta \u00e0s necessidades emergentes da economia e sociedade digitais, que poder\u00e1 ainda facilitar a certifica\u00e7\u00e3o de compet\u00eancias, em linha com os n\u00edveis de profici\u00eancia do Quadro Din\u00e2mico de Refer\u00eancia para a Compet\u00eancia Digital, ou, espera-se, refor\u00e7ar os n\u00edveis de digitaliza\u00e7\u00e3o das empresas, em estreita comunh\u00e3o com a medida L\u00edder + Digital.<\/p><p>\u00a0Refere-se que ser\u00e1 realizado um diagn\u00f3stico inicial e final de compet\u00eancias digitais, em linha com os n\u00edveis de profici\u00eancia do Quadro Din\u00e2mico de Refer\u00eancia para a Compet\u00eancia Digital, atrav\u00e9s da plataforma Academia Portugal Digital, replicando uma pr\u00e1tica j\u00e1 estabelecida no projeto anterior do NERBA, nesta medida.<\/p><p>Estas iniciativas de forma\u00e7\u00e3o desempenham um papel vital em preparar o tecido produtivo e a sociedade para as transforma\u00e7\u00f5es econ\u00f3micas e ambientais iminentes, alinhando-se perfeitamente com os objetivos estrat\u00e9gicos de desenvolvimento sustent\u00e1vel (ODS) e inova\u00e7\u00e3o tecnol\u00f3gica do Pa\u00eds. E ainda mais especificamente no territ\u00f3rio de atua\u00e7\u00e3o do NERBA, alinhado com a Reserva da Biosfera da Meseta Ib\u00e9rica e com a certifica\u00e7\u00e3o Biosphere Sustainable do territ\u00f3rio<\/p><p><strong>Destinat\u00e1rios<\/strong><\/p><ul><li>Trabalhadores que possuam um v\u00ednculo contratual de emprego com a respetiva entidade empregadora (sector provado)<\/li><li>Membro de \u00d3rg\u00e3o Estatut\u00e1rio (MOE) de uma empresa tamb\u00e9m \u00e9 eleg\u00edvel para a forma\u00e7\u00e3o, desde que fa\u00e7a prova, por exemplo, mediante a apresenta\u00e7\u00e3o de declara\u00e7\u00e3o a atestar que pertence ao mapa de pessoal dos Recursos Humanos.<\/li><li>Os prestadores de servi\u00e7os trabalhadores independentes (a recibos verdes), podem participar desde que constem de mapa de pessoal da entidade (enquanto trabalhador).<\/li><li>Todos os trabalhadores filiados em organiza\u00e7\u00f5es sindicais associadas das confedera\u00e7\u00f5es sindicais com assento\u00a0na Confedera\u00e7\u00f5es Patronais e as Confedera\u00e7\u00f5es Sindicais-CPCS mesmo que sejam funcion\u00e1rios p\u00fablicos ou trabalhadores independentes.<\/li><\/ul><p><strong>Cursos de forma\u00e7\u00e3o<\/strong><\/p><table width=\"589\"><tbody><tr><td width=\"117\"><p><strong>Percurso 3<\/strong><\/p><\/td><td width=\"471\"><p><strong>E-Marketing<\/strong><\/p><\/td><\/tr><tr><td width=\"117\"><p>440<\/p><\/td><td width=\"471\"><p>T\u00e9cnicas de marketing digital e gest\u00e3o de redes sociais<\/p><\/td><\/tr><tr><td width=\"117\"><p>0394<\/p><\/td><td width=\"471\"><p>Database marketing<\/p><\/td><\/tr><tr><td width=\"117\"><p>9210<\/p><\/td><td width=\"471\"><p>Atendimento n\u00e3o presencial ao cliente<\/p><\/td><\/tr><tr><td width=\"117\"><p><strong>Percurso 5<\/strong><\/p><\/td><td width=\"471\"><p><strong>E-Vendas<\/strong><\/p><\/td><\/tr><tr><td width=\"117\"><p>Extra cat\u00e1logo<\/p><\/td><td width=\"471\"><p>Neg\u00f3cio Online: Cria\u00e7\u00e3o, constru\u00e7\u00e3o, gest\u00e3o e manuten\u00e7\u00e3o<\/p><\/td><\/tr><tr><td width=\"117\"><p>9222<\/p><\/td><td width=\"471\"><p>Processo de venda n\u00e3o presencial<\/p><\/td><\/tr><tr><td width=\"117\"><p>Extra cat\u00e1logo<\/p><\/td><td width=\"471\"><p>Marketing Direto<\/p><\/td><\/tr><tr><td width=\"117\"><p>10785<\/p><\/td><td width=\"471\"><p>Publicidade nas redes sociais<\/p><\/td><\/tr><tr><td width=\"117\"><p><strong>Percurso 5 <\/strong><\/p><\/td><td width=\"471\"><p><strong>Gest\u00e3o de redes sociais<\/strong><\/p><\/td><\/tr><tr><td width=\"117\"><p>9221<\/p><\/td><td width=\"471\"><p>Gest\u00e3o de mobile<\/p><\/td><\/tr><tr><td width=\"117\"><p>9216<\/p><\/td><td width=\"471\"><p>Meios de comunica\u00e7\u00e3o digital<\/p><\/td><\/tr><tr><td width=\"117\"><p>9215<\/p><\/td><td width=\"471\"><p>Marketing 3.0<\/p><\/td><\/tr><tr><td width=\"117\"><p><strong>Percurso 6<\/strong><\/p><\/td><td width=\"471\"><p><strong>Digitaliza\u00e7\u00e3o dos processos<\/strong><\/p><\/td><\/tr><tr><td width=\"117\"><p>9224<\/p><\/td><td width=\"471\"><p>Sistemas digitais e gest\u00e3o documental<\/p><\/td><\/tr><tr><td width=\"117\"><p>Extra cat\u00e1logo<\/p><\/td><td width=\"471\"><p>Gest\u00e3o da informa\u00e7\u00e3o<\/p><\/td><\/tr><tr><td width=\"117\"><p>Extra cat\u00e1logo<\/p><\/td><td width=\"471\"><p>Ferramentas de Cria\u00e7\u00e3o\/Gest\u00e3o de Projetos<\/p><\/td><\/tr><tr><td width=\"117\"><p><strong>Percurso 7<\/strong><\/p><\/td><td width=\"471\"><p><strong>Gest\u00e3o da informa\u00e7\u00e3o<\/strong><\/p><\/td><\/tr><tr><td width=\"117\"><p>Extra cat\u00e1logo<\/p><\/td><td width=\"471\"><p>Estrat\u00e9gias de an\u00e1lise de dados<\/p><\/td><\/tr><tr><td width=\"117\"><p>5299<\/p><\/td><td width=\"471\"><p>Tecnologias de informa\u00e7\u00e3o e comunica\u00e7\u00e3o<\/p><\/td><\/tr><tr><td width=\"117\"><p>9224<\/p><\/td><td width=\"471\"><p>Sistemas digitais e gest\u00e3o documental<\/p><\/td><\/tr><tr><td width=\"117\"><p><strong>Percurso 8<\/strong><\/p><\/td><td width=\"471\"><p><strong>Ciberseguran\u00e7a<\/strong><\/p><\/td><\/tr><tr><td width=\"117\"><p>10672<\/p><\/td><td width=\"471\"><p>Introdu\u00e7\u00e3o \u00e0 utiliza\u00e7\u00e3o e prote\u00e7\u00e3o dos dados pessoais<\/p><\/td><\/tr><tr><td width=\"117\"><p>Extra cat\u00e1logo<\/p><\/td><td width=\"471\"><p>Curso de Ciberseguran\u00e7a<\/p><\/td><\/tr><tr><td width=\"117\"><p><strong>Percurso 9<\/strong><\/p><\/td><td width=\"471\"><p><strong>Gest\u00e3o do cliente<\/strong><\/p><\/td><\/tr><tr><td width=\"117\"><p>9226<\/p><\/td><td width=\"471\"><p>Gest\u00e3o de informa\u00e7\u00e3o do cliente<\/p><\/td><\/tr><tr><td width=\"117\"><p>9212<\/p><\/td><td width=\"471\"><p>Gest\u00e3o de reclama\u00e7\u00f5es \u2013 venda n\u00e3o presencial<\/p><\/td><\/tr><tr><td width=\"117\"><p>Extra cat\u00e1logo<\/p><\/td><td width=\"471\"><p>CRM (Customer Relationship Management)<\/p><\/td><\/tr><tr><td width=\"117\"><p>10868<\/p><\/td><td width=\"471\"><p>CRM analytics<\/p><\/td><\/tr><tr><td width=\"117\"><p><strong>Percurso 2<\/strong><\/p><\/td><td width=\"471\"><p><strong>Intelig\u00eancia artificial<\/strong><\/p><\/td><\/tr><tr><td width=\"117\"><p>Extra cat\u00e1logo<\/p><\/td><td width=\"471\"><p>Ci\u00eancia de Dados e Intelig\u00eancia Artificial: Percursos Profissionais<\/p><\/td><\/tr><tr><td width=\"117\"><p>Extra cat\u00e1logo<\/p><\/td><td width=\"471\"><p>Ferramentas de Intelig\u00eancia Artificial: Introdu\u00e7\u00e3o e Aplica\u00e7\u00f5es Pr\u00e1ticas<\/p><\/td><\/tr><tr><td width=\"117\"><p>Extra cat\u00e1logo<\/p><\/td><td width=\"471\"><p>Desenvolvimento de Novas Solu\u00e7\u00f5es com Intelig\u00eancia Artificial no seu Neg\u00f3cio<\/p><\/td><\/tr><tr><td width=\"117\"><p><strong>Percurso 1<\/strong><\/p><\/td><td width=\"471\"><p><strong>Marketing Digital<\/strong><\/p><\/td><\/tr><tr><td width=\"117\"><p>Extra cat\u00e1logo<\/p><\/td><td width=\"471\"><p>Canva design<\/p><\/td><\/tr><tr><td width=\"117\"><p>Extra cat\u00e1logo<\/p><\/td><td width=\"471\"><p>Comunica\u00e7\u00e3o no ambiente on-line<\/p><\/td><\/tr><tr><td width=\"117\"><p>Extra cat\u00e1logo<\/p><\/td><td width=\"471\"><p>Marketing relacional<\/p><\/td><\/tr><tr><td width=\"117\"><p>0430<\/p><\/td><td width=\"471\"><p>Inova\u00e7\u00e3o em servi\u00e7os &#8211; plataformas tecnol\u00f3gicas<\/p><\/td><\/tr><tr><td width=\"117\"><p>Extra cat\u00e1logo<\/p><\/td><td width=\"471\"><p>Folha de c\u00e1lculo &#8211; Novas f\u00f3rmulas, filtros, tabelas e gr\u00e1ficos din\u00e2micos<\/p><\/td><\/tr><tr><td width=\"117\"><p>Extra cat\u00e1logo<\/p><\/td><td width=\"471\"><p>Curso B\u00e1sico de An\u00e1lise de dados<\/p><\/td><\/tr><\/tbody><\/table><p><strong>\u00a0<\/strong><\/p><p><strong>Pode inscrever-se atrav\u00e9s do formul\u00e1rio | <\/strong>Ficha de Identifica\u00e7\u00e3o\/Inscri\u00e7\u00e3o de forma\u00e7\u00e3o &#8211; NERBA<\/p><p><strong><a href=\"https:\/\/forms.office.com\/pages\/responsepage.aspx?id=5mKg3SrWMkePjrobVeB3VAyn8rS9W81Lu1hK1eCIDwhUOTFTWDJKNDdJTVEwTlpKSVY0WVRVR1o4Uy4u&amp;origin=lprLink&amp;utm_source=e-goi&amp;utm_medium=email&amp;utm_term=%22NERBA_Percurso+Formativo+em+Marketing+Digital+-+Participa%5cu00e7%5cu00e3o+Gratuita%22&amp;utm_campaign=NEWSLETTER+NERBA-AE&amp;utm_content=&amp;eg_sub=3225dd5298&amp;eg_cam=c318c7fb3ddba454ded7a7008d55aea0&amp;eg_list=14&amp;route=shorturl\">https:\/\/forms.office.com\/pages\/responsepage.aspx?id=5mKg3SrWMkePjrobVeB3VAyn8rS9W81Lu1hK1eCIDwhUOTFTWDJKNDdJTVEwTlpKSVY0WVRVR1o4Uy4u&amp;origin=lprLink&amp;utm_source=e-goi&amp;utm_medium=email&amp;utm_term=%22NERBA_Percurso+Formativo+em+Marketing+Digital+-+Participa%5cu00e7%5cu00e3o+Gratuita%22&amp;utm_campaign=NEWSLETTER+NERBA-AE&amp;utm_content=&amp;eg_sub=3225dd5298&amp;eg_cam=c318c7fb3ddba454ded7a7008d55aea0&amp;eg_list=14&amp;route=shorturl<\/a><\/strong><\/p><p><strong>\u00a0<\/strong><\/p><p><strong>\u00a0<\/strong><\/p><p><strong>Para saber mais, contactar<\/strong><\/p><p>NERBA &#8211; Associa\u00e7\u00e3o Empresarial do Distrito de Bragan\u00e7a<\/p><p>Avenida das Cantarias, n.\u00ba 140<\/p><p>5300-107 BRAGAN\u00c7A<\/p><p>Telefone: 273.30.46.30<\/p><p>Telem\u00f3vel: 938.436.214<\/p><p>E-mail: <a href=\"mailto:plouzada@nerba.pt\">plouzada@nerba.pt<\/a><\/p>\t\t\t\t\t\t<\/div>\n\t\t\t\t<\/div>\n\t\t\t\t\t<\/div>\n\t\t<\/div>\n\t\t\t\t\t\t\t<\/div>\n\t\t<\/section>\n\t\t\t\t\t\t\t<\/div>\n\t\t","protected":false},"excerpt":{"rendered":"<p>Emprego Mais Digital Ficha de projeto Projecto Cofinanciado Medida 1 &#8211; Forma\u00e7\u00e3o Emprego mais Digital Candidatura n.\u00ba 1991900, Processo n.\u00ba 00113\/D+\/24 \u00a0\u00a0\u00a0\u00a0\u00a0\u00a0\u00a0\u00a0\u00a0\u00a0\u00a0\u00a0\u00a0\u00a0\u00a0\u00a0\u00a0\u00a0 Cofinanciado pelo Plano de Recupera\u00e7\u00e3o e Resili\u00eancia (PRR), no \u00e2mbito do investimento 1 \u2013 Capacita\u00e7\u00e3o Digital das Empresas (Academia Portugal Digital e Emprego + Digital 2025), inserido na Componente 16, numa articula\u00e7\u00e3o entre&hellip;<\/p>\n","protected":false},"author":5,"featured_media":0,"parent":0,"menu_order":20,"comment_status":"closed","ping_status":"closed","template":"","meta":{"footnotes":""},"class_list":["post-17651","page","type-page","status-publish","hentry"],"_links":{"self":[{"href":"https:\/\/nerba.pt\/site\/wp-json\/wp\/v2\/pages\/17651","targetHints":{"allow":["GET"]}}],"collection":[{"href":"https:\/\/nerba.pt\/site\/wp-json\/wp\/v2\/pages"}],"about":[{"href":"https:\/\/nerba.pt\/site\/wp-json\/wp\/v2\/types\/page"}],"author":[{"embeddable":true,"href":"https:\/\/nerba.pt\/site\/wp-json\/wp\/v2\/users\/5"}],"replies":[{"embeddable":true,"href":"https:\/\/nerba.pt\/site\/wp-json\/wp\/v2\/comments?post=17651"}],"version-history":[{"count":10,"href":"https:\/\/nerba.pt\/site\/wp-json\/wp\/v2\/pages\/17651\/revisions"}],"predecessor-version":[{"id":21516,"href":"https:\/\/nerba.pt\/site\/wp-json\/wp\/v2\/pages\/17651\/revisions\/21516"}],"wp:attachment":[{"href":"https:\/\/nerba.pt\/site\/wp-json\/wp\/v2\/media?parent=17651"}],"curies":[{"name":"wp","href":"https:\/\/api.w.org\/{rel}","templated":true}]}}