{"id":16609,"date":"2024-01-24T09:41:14","date_gmt":"2024-01-24T09:41:14","guid":{"rendered":"https:\/\/nerba.pt\/site\/?page_id=16609"},"modified":"2025-10-22T08:36:25","modified_gmt":"2025-10-22T08:36:25","slug":"icco","status":"publish","type":"page","link":"https:\/\/nerba.pt\/site\/icco\/","title":{"rendered":"ICCO"},"content":{"rendered":"\t\t<div data-elementor-type=\"wp-page\" data-elementor-id=\"16609\" class=\"elementor elementor-16609\" data-elementor-post-type=\"page\">\n\t\t\t\t\t\t\t\t\t<section class=\"elementor-section elementor-top-section elementor-element elementor-element-1b98b51 elementor-section-boxed elementor-section-height-default elementor-section-height-default\" data-id=\"1b98b51\" data-element_type=\"section\">\n\t\t\t\t\t\t<div class=\"elementor-container elementor-column-gap-default\">\n\t\t\t\t\t<div class=\"elementor-column elementor-col-100 elementor-top-column elementor-element elementor-element-450f011\" data-id=\"450f011\" data-element_type=\"column\">\n\t\t\t<div class=\"elementor-widget-wrap elementor-element-populated\">\n\t\t\t\t\t\t\t\t<div class=\"elementor-element elementor-element-6c58d17 elementor-widget elementor-widget-spacer\" data-id=\"6c58d17\" data-element_type=\"widget\" data-widget_type=\"spacer.default\">\n\t\t\t\t<div class=\"elementor-widget-container\">\n\t\t\t\t\t<div class=\"elementor-spacer\">\n\t\t\t<div class=\"elementor-spacer-inner\"><\/div>\n\t\t<\/div>\n\t\t\t\t<\/div>\n\t\t\t\t<\/div>\n\t\t\t\t\t<\/div>\n\t\t<\/div>\n\t\t\t\t\t\t\t<\/div>\n\t\t<\/section>\n\t\t\t\t<section class=\"elementor-section elementor-top-section elementor-element elementor-element-353746f elementor-section-boxed elementor-section-height-default elementor-section-height-default\" data-id=\"353746f\" data-element_type=\"section\">\n\t\t\t\t\t\t<div class=\"elementor-container elementor-column-gap-default\">\n\t\t\t\t\t<div class=\"elementor-column elementor-col-100 elementor-top-column elementor-element elementor-element-4a3b4a9\" data-id=\"4a3b4a9\" data-element_type=\"column\">\n\t\t\t<div class=\"elementor-widget-wrap elementor-element-populated\">\n\t\t\t\t\t\t\t\t<div class=\"elementor-element elementor-element-d307411 elementor-widget elementor-widget-heading\" data-id=\"d307411\" data-element_type=\"widget\" data-widget_type=\"heading.default\">\n\t\t\t\t<div class=\"elementor-widget-container\">\n\t\t\t<h2 class=\"elementor-heading-title elementor-size-default\">ICCO<\/h2>\t\t<\/div>\n\t\t\t\t<\/div>\n\t\t\t\t\t<\/div>\n\t\t<\/div>\n\t\t\t\t\t\t\t<\/div>\n\t\t<\/section>\n\t\t\t\t<section class=\"elementor-section elementor-top-section elementor-element elementor-element-e4db4fc elementor-section-boxed elementor-section-height-default elementor-section-height-default\" data-id=\"e4db4fc\" data-element_type=\"section\">\n\t\t\t\t\t\t<div class=\"elementor-container elementor-column-gap-default\">\n\t\t\t\t\t<div class=\"elementor-column elementor-col-100 elementor-top-column elementor-element elementor-element-796c380\" data-id=\"796c380\" data-element_type=\"column\">\n\t\t\t<div class=\"elementor-widget-wrap elementor-element-populated\">\n\t\t\t\t\t\t\t\t<div class=\"elementor-element elementor-element-9bee9c8 elementor-widget elementor-widget-image\" data-id=\"9bee9c8\" data-element_type=\"widget\" data-widget_type=\"image.default\">\n\t\t\t\t<div class=\"elementor-widget-container\">\n\t\t\t\t\t\t\t\t\t\t\t\t\t\t\t<img decoding=\"async\" width=\"594\" height=\"242\" data-src=\"https:\/\/nerba.pt\/site\/wp-content\/uploads\/2023\/12\/interregespanha-portugal_logomedio-1.jpg\" class=\"attachment-full size-full wp-image-16588 lazyload\" alt=\"\" data-srcset=\"https:\/\/nerba.pt\/site\/wp-content\/uploads\/2023\/12\/interregespanha-portugal_logomedio-1.jpg 594w, https:\/\/nerba.pt\/site\/wp-content\/uploads\/2023\/12\/interregespanha-portugal_logomedio-1-18x7.jpg 18w\" data-sizes=\"(max-width: 594px) 100vw, 594px\" src=\"data:image\/svg+xml;base64,PHN2ZyB3aWR0aD0iMSIgaGVpZ2h0PSIxIiB4bWxucz0iaHR0cDovL3d3dy53My5vcmcvMjAwMC9zdmciPjwvc3ZnPg==\" style=\"--smush-placeholder-width: 594px; --smush-placeholder-aspect-ratio: 594\/242;\" \/>\t\t\t\t\t\t\t\t\t\t\t\t\t\t\t<\/div>\n\t\t\t\t<\/div>\n\t\t\t\t\t<\/div>\n\t\t<\/div>\n\t\t\t\t\t\t\t<\/div>\n\t\t<\/section>\n\t\t\t\t<section class=\"elementor-section elementor-top-section elementor-element elementor-element-36fe3c1 elementor-section-height-min-height elementor-section-items-stretch elementor-section-content-middle elementor-section-boxed elementor-section-height-default\" data-id=\"36fe3c1\" data-element_type=\"section\" data-settings=\"{&quot;background_background&quot;:&quot;classic&quot;}\">\n\t\t\t\t\t\t<div class=\"elementor-container elementor-column-gap-wider\">\n\t\t\t\t\t<div class=\"elementor-column elementor-col-100 elementor-top-column elementor-element elementor-element-f51438e\" data-id=\"f51438e\" data-element_type=\"column\" data-settings=\"{&quot;background_background&quot;:&quot;classic&quot;}\">\n\t\t\t<div class=\"elementor-widget-wrap elementor-element-populated\">\n\t\t\t\t\t\t\t\t<div class=\"elementor-element elementor-element-126d1f1 elementor-widget elementor-widget-text-editor\" data-id=\"126d1f1\" data-element_type=\"widget\" data-widget_type=\"text-editor.default\">\n\t\t\t\t<div class=\"elementor-widget-container\">\n\t\t\t\t\t\t\t<p>Acr\u00f3nimo ICCO<\/p><p>T\u00edtulo Rede Transfronteiri\u00e7a de inova\u00e7\u00e3o e competitividade para o com\u00e9rcio de proximidade<\/p><p><strong>\u00a0<\/strong><\/p><p><strong>Identifica\u00e7\u00e3o e Enquadramento do projeto:<\/strong><\/p><p>Benefici\u00e1rio Principal: Universidad de Valladolid (Espa\u00f1a)<\/p><p>C\u00f3digo do Projecto 0173_ICCO_2_E<\/p><p>Prioridade de investimento P1 &#8211;\u00a0 Aproveitar o potencial de coopera\u00e7\u00e3o para consolidar o ecosistema de inova\u00e7\u00e3o cient\u00edfica e tecnol\u00f3gica, potenciar a cria\u00e7\u00e3o de redes de coopera\u00e7\u00e3o<\/p><p>Objetivo Espec\u00edfico 1.3 &#8211;\u00a0 Refor\u00e7ar o crescimento sustent\u00e1vel e de competitividade das PME\u00a0 e a cria\u00e7\u00e3o de emprego nestas empresas, mediante investimentos produtivo.<\/p><p>Objetivo Pol\u00edtico Una Europa m\u00e1s competitiva e inteligente, promoviendo una transformaci\u00f3n econ\u00f3mica innovadora e inteligente y una conectividad regional a las tecnolog\u00edas de la informaci\u00f3n y de las comunicaciones<\/p><p>Programa INTERREG V-A Espanha-Portugal 2021-2027<\/p><p>Fundo \u2013 Fundo Europeu de Desenvolvimento Regional<\/p><p>\u00a0<\/p><p><strong>\u00c1rea de coopera\u00e7\u00e3o: 2 &#8211;<\/strong> NORTE DE PORTUGAL- CASTILLA Y LE\u00d3N<\/p><p>\u00a0<\/p><p><strong>Or\u00e7amento<\/strong> 1.838.452,07<\/p><p><strong>Web do Programa<\/strong> <a href=\"https:\/\/www.poctep.eu\/\">https:\/\/www.poctep.eu\/<\/a><\/p><p><strong>Calend\u00e1rio de execu\u00e7\u00e3o<\/strong> 01\/01\/2024 a 31\/12\/2026<\/p><p><strong>Resumo<\/strong><\/p><p>O projecto ICCO prop\u00f5e-se incrementar a competividade dos comercio a retalho de proximidade, em pequenos municipios despovoados, atrav\u00e9s da aua adapata\u00e7\u00e3o \u00e0 procura e tendencias atuais de consumo, que se analizar\u00e3o mediante a implementa\u00e7\u00e3o de tecnoclogias emergentes (cloud, analises estatisticas de daos neurocinencia, big data),<\/p><p><strong>\u00a0<\/strong><\/p><p><strong>Actividades Principais<\/strong><\/p><p>1 \u2013 Identifica\u00e7\u00e3o da procura e tendencias de consumo, a partir do uso de tecnolog\u00edas emergentes.<\/p><p>2 \u2013 Solu\u00e7\u00f5es e actua\u00e7\u00f5es para a adapta\u00e7\u00e3o do com\u00e9rcio a retalho de proximidade, em fun\u00e7\u00e3o da procura e tend\u00eancias de consumo detectadas.<\/p><p>3 \u2013 Rede transfronteiri\u00e7a de inova\u00e7\u00e3o e competividiade para o comercio de proximidade<\/p><p>5 \u2013 Coopedena\u00e7\u00e3o<\/p><p>6 \u2013 Visibilidade, Transpar\u00eancia e Comunica\u00e7\u00e3o<\/p><p>\u00a0<\/p><p><strong>Parceria<\/strong><\/p><p><strong>Beneficiarios<\/strong><\/p><ul><li>Universidad de Valladolid (Espa\u00f1a) \u2013 Beneficiario Principal<\/li><li>C\u00e1mara Oficial de Comercio, Industria y Servicios de Valladolid (Espa\u00f1a)<\/li><li>C\u00e1mara Oficial de Comercio, Industria y Servicios de Zamora (Espa\u00f1a)<\/li><li>NERBA \u2013 Associa\u00e7\u00e3o Empresarial do Distrito de Bragan\u00e7a (Portugal)<\/li><li>NERVIR \u2013 Associa\u00e7\u00e3o Empresarial (Portugal)<\/li><li>Instituto Polit\u00e9cnico de Bragan\u00e7a (Portugal)<\/li><li>Associa\u00e7\u00e3o Portuguesa para a Defesa do Consumidor \u2013 DECO (Portugal)<\/li><\/ul>\t\t\t\t\t\t<\/div>\n\t\t\t\t<\/div>\n\t\t\t\t\t<\/div>\n\t\t<\/div>\n\t\t\t\t\t\t\t<\/div>\n\t\t<\/section>\n\t\t\t\t\t\t\t<\/div>\n\t\t","protected":false},"excerpt":{"rendered":"<p>ICCO Acr\u00f3nimo ICCO T\u00edtulo Rede Transfronteiri\u00e7a de inova\u00e7\u00e3o e competitividade para o com\u00e9rcio de proximidade \u00a0 Identifica\u00e7\u00e3o e Enquadramento do projeto: Benefici\u00e1rio Principal: Universidad de Valladolid (Espa\u00f1a) C\u00f3digo do Projecto 0173_ICCO_2_E Prioridade de investimento P1 &#8211;\u00a0 Aproveitar o potencial de coopera\u00e7\u00e3o para consolidar o ecosistema de inova\u00e7\u00e3o cient\u00edfica e tecnol\u00f3gica, potenciar a cria\u00e7\u00e3o de redes&hellip;<\/p>\n","protected":false},"author":1,"featured_media":0,"parent":0,"menu_order":20,"comment_status":"closed","ping_status":"closed","template":"","meta":{"footnotes":""},"class_list":["post-16609","page","type-page","status-publish","hentry"],"_links":{"self":[{"href":"https:\/\/nerba.pt\/site\/wp-json\/wp\/v2\/pages\/16609","targetHints":{"allow":["GET"]}}],"collection":[{"href":"https:\/\/nerba.pt\/site\/wp-json\/wp\/v2\/pages"}],"about":[{"href":"https:\/\/nerba.pt\/site\/wp-json\/wp\/v2\/types\/page"}],"author":[{"embeddable":true,"href":"https:\/\/nerba.pt\/site\/wp-json\/wp\/v2\/users\/1"}],"replies":[{"embeddable":true,"href":"https:\/\/nerba.pt\/site\/wp-json\/wp\/v2\/comments?post=16609"}],"version-history":[{"count":7,"href":"https:\/\/nerba.pt\/site\/wp-json\/wp\/v2\/pages\/16609\/revisions"}],"predecessor-version":[{"id":21528,"href":"https:\/\/nerba.pt\/site\/wp-json\/wp\/v2\/pages\/16609\/revisions\/21528"}],"wp:attachment":[{"href":"https:\/\/nerba.pt\/site\/wp-json\/wp\/v2\/media?parent=16609"}],"curies":[{"name":"wp","href":"https:\/\/api.w.org\/{rel}","templated":true}]}}