{"id":16585,"date":"2023-12-22T09:56:43","date_gmt":"2023-12-22T09:56:43","guid":{"rendered":"https:\/\/nerba.pt\/site\/?page_id=16585"},"modified":"2025-10-22T08:34:01","modified_gmt":"2025-10-22T08:34:01","slug":"naturfab","status":"publish","type":"page","link":"https:\/\/nerba.pt\/site\/naturfab\/","title":{"rendered":"NaturFAB"},"content":{"rendered":"\t\t<div data-elementor-type=\"wp-page\" data-elementor-id=\"16585\" class=\"elementor elementor-16585\" data-elementor-post-type=\"page\">\n\t\t\t\t\t\t\t\t\t<section class=\"elementor-section elementor-top-section elementor-element elementor-element-e4db4fc elementor-section-boxed elementor-section-height-default elementor-section-height-default\" data-id=\"e4db4fc\" data-element_type=\"section\">\n\t\t\t\t\t\t<div class=\"elementor-container elementor-column-gap-default\">\n\t\t\t\t\t<div class=\"elementor-column elementor-col-100 elementor-top-column elementor-element elementor-element-796c380\" data-id=\"796c380\" data-element_type=\"column\">\n\t\t\t<div class=\"elementor-widget-wrap elementor-element-populated\">\n\t\t\t\t\t\t\t\t<div class=\"elementor-element elementor-element-6025926 elementor-widget elementor-widget-spacer\" data-id=\"6025926\" data-element_type=\"widget\" data-widget_type=\"spacer.default\">\n\t\t\t\t<div class=\"elementor-widget-container\">\n\t\t\t\t\t<div class=\"elementor-spacer\">\n\t\t\t<div class=\"elementor-spacer-inner\"><\/div>\n\t\t<\/div>\n\t\t\t\t<\/div>\n\t\t\t\t<\/div>\n\t\t\t\t<div class=\"elementor-element elementor-element-701b88f elementor-widget elementor-widget-heading\" data-id=\"701b88f\" data-element_type=\"widget\" data-widget_type=\"heading.default\">\n\t\t\t\t<div class=\"elementor-widget-container\">\n\t\t\t<h2 class=\"elementor-heading-title elementor-size-default\">NaturFAB<\/h2>\t\t<\/div>\n\t\t\t\t<\/div>\n\t\t\t\t<div class=\"elementor-element elementor-element-9bee9c8 elementor-widget elementor-widget-image\" data-id=\"9bee9c8\" data-element_type=\"widget\" data-widget_type=\"image.default\">\n\t\t\t\t<div class=\"elementor-widget-container\">\n\t\t\t\t\t\t\t\t\t\t\t\t\t\t\t<img decoding=\"async\" width=\"594\" height=\"242\" data-src=\"https:\/\/nerba.pt\/site\/wp-content\/uploads\/2023\/12\/interregespanha-portugal_logomedio-1.jpg\" class=\"attachment-full size-full wp-image-16588 lazyload\" alt=\"\" data-srcset=\"https:\/\/nerba.pt\/site\/wp-content\/uploads\/2023\/12\/interregespanha-portugal_logomedio-1.jpg 594w, https:\/\/nerba.pt\/site\/wp-content\/uploads\/2023\/12\/interregespanha-portugal_logomedio-1-18x7.jpg 18w\" data-sizes=\"(max-width: 594px) 100vw, 594px\" src=\"data:image\/svg+xml;base64,PHN2ZyB3aWR0aD0iMSIgaGVpZ2h0PSIxIiB4bWxucz0iaHR0cDovL3d3dy53My5vcmcvMjAwMC9zdmciPjwvc3ZnPg==\" style=\"--smush-placeholder-width: 594px; --smush-placeholder-aspect-ratio: 594\/242;\" \/>\t\t\t\t\t\t\t\t\t\t\t\t\t\t\t<\/div>\n\t\t\t\t<\/div>\n\t\t\t\t\t<\/div>\n\t\t<\/div>\n\t\t\t\t\t\t\t<\/div>\n\t\t<\/section>\n\t\t\t\t<section class=\"elementor-section elementor-top-section elementor-element elementor-element-36fe3c1 elementor-section-height-min-height elementor-section-items-stretch elementor-section-content-middle elementor-section-boxed elementor-section-height-default\" data-id=\"36fe3c1\" data-element_type=\"section\" data-settings=\"{&quot;background_background&quot;:&quot;classic&quot;}\">\n\t\t\t\t\t\t<div class=\"elementor-container elementor-column-gap-wider\">\n\t\t\t\t\t<div class=\"elementor-column elementor-col-100 elementor-top-column elementor-element elementor-element-f51438e\" data-id=\"f51438e\" data-element_type=\"column\" data-settings=\"{&quot;background_background&quot;:&quot;classic&quot;}\">\n\t\t\t<div class=\"elementor-widget-wrap elementor-element-populated\">\n\t\t\t\t\t\t\t\t<div class=\"elementor-element elementor-element-126d1f1 elementor-widget elementor-widget-text-editor\" data-id=\"126d1f1\" data-element_type=\"widget\" data-widget_type=\"text-editor.default\">\n\t\t\t\t<div class=\"elementor-widget-container\">\n\t\t\t\t\t\t\t<p>Acr\u00f3nimo NaturFAB<\/p><p>T\u00edtulo Fomento da especializa\u00e7\u00e3o inteligente, transi\u00e7\u00e3o industrial e empreendedorismo atrav\u00e9s de novos materiais com base nos recursos end\u00f3genos compat\u00edveis com tecnolog\u00edas de fabrica\u00e7\u00e3o aditiva em grande formato<\/p><p>\u00a0<\/p><p><strong>\u00a0<\/strong><\/p><p><strong>Identifica\u00e7\u00e3o e Enquadramento do projeto:<\/strong><\/p><p>Benefici\u00e1rio Principal: Universidad de Salamanca (Espa\u00f1a)<\/p><p>C\u00f3digo do Projecto 0049_NATUR_FAB_2_E<\/p><p>Prioridade de investimento P2 \u2013 Fomentar la cooperaci\u00f3n para maximizar el aprovechamiento de los recursos end\u00f3genos del territorio y el desarrollo de iniciativas y sectores clave, avanzando en la especializaci\u00f3n inteligente<\/p><p>Objetivo Espec\u00edfico 1.4 \u2013 Desarrollar capacidades para la especializaci\u00f3n inteligente, la transici\u00f3n industrial y el emprendimiento<\/p><p>Objetivo Pol\u00edtico Una Europa m\u00e1s competitiva e inteligente, promoviendo una transformaci\u00f3n econ\u00f3mica innovadora e inteligente y una conectividad regional a las tecnolog\u00edas de la informaci\u00f3n y de las comunicaciones<\/p><p>Programa INTERREG V-A Espanha-Portugal 2021-2027<\/p><p>Fundo \u2013 Fundo Europeu de Desenvolvimento Regional<\/p><p>\u00a0<\/p><p><strong>\u00c1rea de coopera\u00e7\u00e3o: 2 &#8211;<\/strong> NORTE DE PORTUGAL- CASTILLA Y LE\u00d3N<\/p><p>\u00a0<\/p><p><strong>Or\u00e7amento<\/strong> 1.077.148,21<\/p><p><strong>Web do Projecto<\/strong> <a href=\"http:\/\/www.naturfab.eu\">www.naturfab.eu<\/a><\/p><p><strong>Web do Programa<\/strong> <a href=\"https:\/\/www.poctep.eu\/\">https:\/\/www.poctep.eu\/<\/a><\/p><p><strong>Calend\u00e1rio de execu\u00e7\u00e3o<\/strong> 01\/09\/2023 a 31\/08\/2026<\/p><p><strong>Resumo<\/strong><\/p><p>O objetivo o projecto NaturFAB \u00e9 unir tradi\u00e7\u00e3o e modernidade, mediante o aproveitamento de fibras e residuos provenientes de recursos end\u00f3genos do territorio (agr\u00edcolas, florestais e mineiros) para a sua incorpora\u00e7\u00e3o nos processos produtivos circulares atrav\u00e9s de t\u00e9cnicas de fabrico aditiva, posibilitando a transi\u00e7\u00e3o industrial para modelos mas sustent\u00e1veis e competitivos, a especializa\u00e7\u00e3o inteligente e ainda a dinamiza\u00e7\u00e3o das economias de perfil rural.<\/p><p><strong>\u00a0<\/strong><\/p><p><strong>Actividades Principais<\/strong><\/p><p>1 \u2013 Di\u00e1logo com o mercado e defini\u00e7\u00e3o de solu\u00e7\u00f5es<\/p><p>2 \u2013 Processamento de materiais e produ\u00e7\u00e3o piloto<\/p><p>3 \u2013 avalia\u00e7\u00e3o da \u00a0qualidade e estandardiza\u00e7\u00e3o do processo produtivo<\/p><p>4 \u2013 Transfer\u00eancia para o mercado e incuba\u00e7\u00e3o<\/p><p>6 \u2013 Visibilidade, Transpar\u00eancia e Comunica\u00e7\u00e3o<\/p><p>\u00a0<\/p><p><strong>Parceria<\/strong><\/p><p><strong>Beneficiarios<\/strong><\/p><ul><li>Universidad de Salamanca (Espa\u00f1a) \u2013 Beneficiario Principal<\/li><li>Instituto Polit\u00e9cnico de Bragan\u00e7a (Portugal)<\/li><li>Universidad de Le\u00f3n (Espa\u00f1a)<\/li><li>Diputaci\u00f3n Provincial de \u00c1vila (Espa\u00f1a)<\/li><li>Fundaci\u00f3n Universidades y Ense\u00f1anzas Superiores de Castilla y Le\u00f3n \u2013 FUESCYL (Junta de Castilla y Le\u00f3n) Espa\u00f1a<\/li><li>C\u00e1mara Oficial de Comercio, Industria y Servicios de Zamora (Espa\u00f1a)<\/li><li>NERBA \u2013 Associa\u00e7\u00e3o Empresarial do Distrito de Bragan\u00e7a (Portugal<\/li><li>Associa\u00e7\u00e3o para o Desenvolvimento do Brigantia Ecopark (Portugal)<\/li><\/ul><p><strong>S\u00f3cios<\/strong><\/p><ul><li>Diputaci\u00f3n Provincial de Zamora (Espa\u00f1a)<\/li><li>Colegio Oficial de Peritos e Ingenieros T\u00e9cnicos Industriales de Zamora (Espa\u00f1a)<\/li><li>Nagami Design, S.L.<\/li><li>Fundaci\u00f3n Cerezales Antonino y Cinia (Espa\u00f1a)<\/li><li>Muni\u00e7\u00edpio de Bragan\u00e7a (Portugal)<\/li><\/ul>\t\t\t\t\t\t<\/div>\n\t\t\t\t<\/div>\n\t\t\t\t\t<\/div>\n\t\t<\/div>\n\t\t\t\t\t\t\t<\/div>\n\t\t<\/section>\n\t\t\t\t<section class=\"elementor-section elementor-top-section elementor-element elementor-element-b992d5d elementor-section-boxed elementor-section-height-default elementor-section-height-default\" data-id=\"b992d5d\" data-element_type=\"section\">\n\t\t\t\t\t\t<div class=\"elementor-container elementor-column-gap-default\">\n\t\t\t\t\t<div class=\"elementor-column elementor-col-50 elementor-top-column elementor-element elementor-element-65ce11d\" data-id=\"65ce11d\" data-element_type=\"column\">\n\t\t\t<div class=\"elementor-widget-wrap elementor-element-populated\">\n\t\t\t\t\t\t\t\t<div class=\"elementor-element elementor-element-9df218e elementor-widget elementor-widget-image\" data-id=\"9df218e\" data-element_type=\"widget\" data-widget_type=\"image.default\">\n\t\t\t\t<div class=\"elementor-widget-container\">\n\t\t\t\t\t\t\t\t\t\t\t\t\t\t\t<img decoding=\"async\" width=\"750\" height=\"562\" data-src=\"https:\/\/nerba.pt\/site\/wp-content\/uploads\/2023\/12\/img1.jpg\" class=\"attachment-large size-large wp-image-16593 lazyload\" alt=\"\" data-srcset=\"https:\/\/nerba.pt\/site\/wp-content\/uploads\/2023\/12\/img1.jpg 750w, https:\/\/nerba.pt\/site\/wp-content\/uploads\/2023\/12\/img1-534x400.jpg 534w, https:\/\/nerba.pt\/site\/wp-content\/uploads\/2023\/12\/img1-16x12.jpg 16w\" data-sizes=\"(max-width: 750px) 100vw, 750px\" src=\"data:image\/svg+xml;base64,PHN2ZyB3aWR0aD0iMSIgaGVpZ2h0PSIxIiB4bWxucz0iaHR0cDovL3d3dy53My5vcmcvMjAwMC9zdmciPjwvc3ZnPg==\" style=\"--smush-placeholder-width: 750px; --smush-placeholder-aspect-ratio: 750\/562;\" \/>\t\t\t\t\t\t\t\t\t\t\t\t\t\t\t<\/div>\n\t\t\t\t<\/div>\n\t\t\t\t\t<\/div>\n\t\t<\/div>\n\t\t\t\t<div class=\"elementor-column elementor-col-50 elementor-top-column elementor-element elementor-element-c2753cf\" data-id=\"c2753cf\" data-element_type=\"column\">\n\t\t\t<div class=\"elementor-widget-wrap elementor-element-populated\">\n\t\t\t\t\t\t\t\t<div class=\"elementor-element elementor-element-3aee50a elementor-widget elementor-widget-image\" data-id=\"3aee50a\" data-element_type=\"widget\" data-widget_type=\"image.default\">\n\t\t\t\t<div class=\"elementor-widget-container\">\n\t\t\t\t\t\t\t\t\t\t\t\t\t\t\t<img decoding=\"async\" width=\"1067\" height=\"800\" data-src=\"https:\/\/nerba.pt\/site\/wp-content\/uploads\/2023\/12\/imginterreg-1067x800.jpg\" class=\"attachment-large size-large wp-image-16594 lazyload\" alt=\"\" data-srcset=\"https:\/\/nerba.pt\/site\/wp-content\/uploads\/2023\/12\/imginterreg-1067x800.jpg 1067w, https:\/\/nerba.pt\/site\/wp-content\/uploads\/2023\/12\/imginterreg-533x400.jpg 533w, https:\/\/nerba.pt\/site\/wp-content\/uploads\/2023\/12\/imginterreg-768x576.jpg 768w, https:\/\/nerba.pt\/site\/wp-content\/uploads\/2023\/12\/imginterreg-16x12.jpg 16w, https:\/\/nerba.pt\/site\/wp-content\/uploads\/2023\/12\/imginterreg.jpg 1299w\" data-sizes=\"(max-width: 1067px) 100vw, 1067px\" src=\"data:image\/svg+xml;base64,PHN2ZyB3aWR0aD0iMSIgaGVpZ2h0PSIxIiB4bWxucz0iaHR0cDovL3d3dy53My5vcmcvMjAwMC9zdmciPjwvc3ZnPg==\" style=\"--smush-placeholder-width: 1067px; --smush-placeholder-aspect-ratio: 1067\/800;\" \/>\t\t\t\t\t\t\t\t\t\t\t\t\t\t\t<\/div>\n\t\t\t\t<\/div>\n\t\t\t\t\t<\/div>\n\t\t<\/div>\n\t\t\t\t\t\t\t<\/div>\n\t\t<\/section>\n\t\t\t\t\t\t\t<\/div>\n\t\t","protected":false},"excerpt":{"rendered":"<p>NaturFAB Acr\u00f3nimo NaturFAB T\u00edtulo Fomento da especializa\u00e7\u00e3o inteligente, transi\u00e7\u00e3o industrial e empreendedorismo atrav\u00e9s de novos materiais com base nos recursos end\u00f3genos compat\u00edveis com tecnolog\u00edas de fabrica\u00e7\u00e3o aditiva em grande formato \u00a0 \u00a0 Identifica\u00e7\u00e3o e Enquadramento do projeto: Benefici\u00e1rio Principal: Universidad de Salamanca (Espa\u00f1a) C\u00f3digo do Projecto 0049_NATUR_FAB_2_E Prioridade de investimento P2 \u2013 Fomentar la cooperaci\u00f3n&hellip;<\/p>\n","protected":false},"author":1,"featured_media":0,"parent":0,"menu_order":20,"comment_status":"closed","ping_status":"closed","template":"","meta":{"footnotes":""},"class_list":["post-16585","page","type-page","status-publish","hentry"],"_links":{"self":[{"href":"https:\/\/nerba.pt\/site\/wp-json\/wp\/v2\/pages\/16585","targetHints":{"allow":["GET"]}}],"collection":[{"href":"https:\/\/nerba.pt\/site\/wp-json\/wp\/v2\/pages"}],"about":[{"href":"https:\/\/nerba.pt\/site\/wp-json\/wp\/v2\/types\/page"}],"author":[{"embeddable":true,"href":"https:\/\/nerba.pt\/site\/wp-json\/wp\/v2\/users\/1"}],"replies":[{"embeddable":true,"href":"https:\/\/nerba.pt\/site\/wp-json\/wp\/v2\/comments?post=16585"}],"version-history":[{"count":10,"href":"https:\/\/nerba.pt\/site\/wp-json\/wp\/v2\/pages\/16585\/revisions"}],"predecessor-version":[{"id":21525,"href":"https:\/\/nerba.pt\/site\/wp-json\/wp\/v2\/pages\/16585\/revisions\/21525"}],"wp:attachment":[{"href":"https:\/\/nerba.pt\/site\/wp-json\/wp\/v2\/media?parent=16585"}],"curies":[{"name":"wp","href":"https:\/\/api.w.org\/{rel}","templated":true}]}}