{"id":14248,"date":"2023-03-22T11:25:09","date_gmt":"2023-03-22T11:25:09","guid":{"rendered":"https:\/\/nerba.pt\/site\/?page_id=14248"},"modified":"2023-06-21T08:28:04","modified_gmt":"2023-06-21T08:28:04","slug":"tap2-0","status":"publish","type":"page","link":"https:\/\/nerba.pt\/site\/tap2-0\/","title":{"rendered":"TAP 2.0"},"content":{"rendered":"\t\t<div data-elementor-type=\"wp-page\" data-elementor-id=\"14248\" class=\"elementor elementor-14248\" data-elementor-post-type=\"page\">\n\t\t\t\t\t\t\t\t\t<section class=\"elementor-section elementor-top-section elementor-element elementor-element-bf0f258 elementor-section-boxed elementor-section-height-default elementor-section-height-default\" data-id=\"bf0f258\" data-element_type=\"section\">\n\t\t\t\t\t\t<div class=\"elementor-container elementor-column-gap-default\">\n\t\t\t\t\t<div class=\"elementor-column elementor-col-33 elementor-top-column elementor-element elementor-element-28aa2b5\" data-id=\"28aa2b5\" data-element_type=\"column\">\n\t\t\t<div class=\"elementor-widget-wrap\">\n\t\t\t\t\t\t\t\t\t<\/div>\n\t\t<\/div>\n\t\t\t\t<div class=\"elementor-column elementor-col-33 elementor-top-column elementor-element elementor-element-b0921c9\" data-id=\"b0921c9\" data-element_type=\"column\">\n\t\t\t<div class=\"elementor-widget-wrap elementor-element-populated\">\n\t\t\t\t\t\t\t\t<div class=\"elementor-element elementor-element-a410821 elementor-widget elementor-widget-image\" data-id=\"a410821\" data-element_type=\"widget\" data-widget_type=\"image.default\">\n\t\t\t\t<div class=\"elementor-widget-container\">\n\t\t\t\t\t\t\t\t\t\t\t\t\t\t\t<img decoding=\"async\" width=\"768\" height=\"118\" data-src=\"https:\/\/nerba.pt\/site\/wp-content\/uploads\/2023\/03\/Modelos-Barras-FUNDOS-v04_3logos-FEDER.webp\" class=\"attachment-full size-full wp-image-14255 lazyload\" alt=\"\" data-srcset=\"https:\/\/nerba.pt\/site\/wp-content\/uploads\/2023\/03\/Modelos-Barras-FUNDOS-v04_3logos-FEDER.webp 768w, https:\/\/nerba.pt\/site\/wp-content\/uploads\/2023\/03\/Modelos-Barras-FUNDOS-v04_3logos-FEDER-18x3.webp 18w\" data-sizes=\"(max-width: 768px) 100vw, 768px\" src=\"data:image\/svg+xml;base64,PHN2ZyB3aWR0aD0iMSIgaGVpZ2h0PSIxIiB4bWxucz0iaHR0cDovL3d3dy53My5vcmcvMjAwMC9zdmciPjwvc3ZnPg==\" style=\"--smush-placeholder-width: 768px; --smush-placeholder-aspect-ratio: 768\/118;\" \/>\t\t\t\t\t\t\t\t\t\t\t\t\t\t\t<\/div>\n\t\t\t\t<\/div>\n\t\t\t\t\t<\/div>\n\t\t<\/div>\n\t\t\t\t<div class=\"elementor-column elementor-col-33 elementor-top-column elementor-element elementor-element-b981b5e\" data-id=\"b981b5e\" data-element_type=\"column\">\n\t\t\t<div class=\"elementor-widget-wrap\">\n\t\t\t\t\t\t\t\t\t<\/div>\n\t\t<\/div>\n\t\t\t\t\t\t\t<\/div>\n\t\t<\/section>\n\t\t\t\t<section class=\"elementor-section elementor-top-section elementor-element elementor-element-e4db4fc elementor-section-boxed elementor-section-height-default elementor-section-height-default\" data-id=\"e4db4fc\" data-element_type=\"section\">\n\t\t\t\t\t\t<div class=\"elementor-container elementor-column-gap-default\">\n\t\t\t\t\t<div class=\"elementor-column elementor-col-100 elementor-top-column elementor-element elementor-element-796c380\" data-id=\"796c380\" data-element_type=\"column\">\n\t\t\t<div class=\"elementor-widget-wrap elementor-element-populated\">\n\t\t\t\t\t\t\t\t<div class=\"elementor-element elementor-element-9bee9c8 elementor-widget elementor-widget-image\" data-id=\"9bee9c8\" data-element_type=\"widget\" data-widget_type=\"image.default\">\n\t\t\t\t<div class=\"elementor-widget-container\">\n\t\t\t\t\t\t\t\t\t\t\t\t\t\t\t<img decoding=\"async\" width=\"280\" height=\"280\" data-src=\"https:\/\/nerba.pt\/site\/wp-content\/uploads\/2023\/03\/terras_altas-280x280.webp\" class=\"attachment-thumbnail size-thumbnail wp-image-14251 lazyload\" alt=\"\" data-srcset=\"https:\/\/nerba.pt\/site\/wp-content\/uploads\/2023\/03\/terras_altas-280x280.webp 280w, https:\/\/nerba.pt\/site\/wp-content\/uploads\/2023\/03\/terras_altas-400x400.webp 400w, https:\/\/nerba.pt\/site\/wp-content\/uploads\/2023\/03\/terras_altas-12x12.webp 12w, https:\/\/nerba.pt\/site\/wp-content\/uploads\/2023\/03\/terras_altas.webp 768w\" data-sizes=\"(max-width: 280px) 100vw, 280px\" src=\"data:image\/svg+xml;base64,PHN2ZyB3aWR0aD0iMSIgaGVpZ2h0PSIxIiB4bWxucz0iaHR0cDovL3d3dy53My5vcmcvMjAwMC9zdmciPjwvc3ZnPg==\" style=\"--smush-placeholder-width: 280px; --smush-placeholder-aspect-ratio: 280\/280;\" \/>\t\t\t\t\t\t\t\t\t\t\t\t\t\t\t<\/div>\n\t\t\t\t<\/div>\n\t\t\t\t\t<\/div>\n\t\t<\/div>\n\t\t\t\t\t\t\t<\/div>\n\t\t<\/section>\n\t\t\t\t<section class=\"elementor-section elementor-top-section elementor-element elementor-element-2ed0e3a elementor-section-boxed elementor-section-height-default elementor-section-height-default\" data-id=\"2ed0e3a\" data-element_type=\"section\">\n\t\t\t\t\t\t<div class=\"elementor-container elementor-column-gap-default\">\n\t\t\t\t\t<div class=\"elementor-column elementor-col-100 elementor-top-column elementor-element elementor-element-69e1e83\" data-id=\"69e1e83\" data-element_type=\"column\">\n\t\t\t<div class=\"elementor-widget-wrap elementor-element-populated\">\n\t\t\t\t\t\t\t\t<div class=\"elementor-element elementor-element-b214152 elementor-widget elementor-widget-text-editor\" data-id=\"b214152\" data-element_type=\"widget\" data-widget_type=\"text-editor.default\">\n\t\t\t\t<div class=\"elementor-widget-container\">\n\t\t\t\t\t\t\t<p>Designa\u00e7\u00e3o do Projeto: TERRAS ALTAS DE PORTUGAL 2.0 (TAP2.0) &#8211; VALORIZA\u00c7\u00c3O INTERNACIONAL DO SETOR AGROALIMENTAR DAS TERRAS ALTAS DE PORTUGAL<br \/>C\u00f3digo do Projeto: POCI-02-0752-FEDER-046016<br \/>Objetivo Principal: Visa a promo\u00e7\u00e3o da competitividade das empresas por via da internacionaliza\u00e7\u00e3o, atrav\u00e9s do reconhecimento internacional da imagem de Portugal associado \u00e0 qualidade e sustentabilidade dos seus produtos de \u201cexcel\u00eancia\u201d, sua sofistica\u00e7\u00e3o e inova\u00e7\u00e3o, destacando a singularidade da oferta TAP.<br \/>Regi\u00e3o de Interven\u00e7\u00e3o: Centro e Norte<br \/>Entidades Promotoras:<br \/>502280271 | NERVIR \u2013 Associa\u00e7\u00e3o Empresarial (Benefici\u00e1rio L\u00edder)<br \/>502280360 | AEBB &#8211; Associa\u00e7\u00e3o Empresarial da Beira Baixa<br \/>501339612 | AIRV &#8211; Associa\u00e7\u00e3o Empresarial da Regi\u00e3o de Viseu<br \/>502280344 | NERBA \u2013 Associa\u00e7\u00e3o Empresarial do Distrito de Bragan\u00e7a<br \/>502280310 | NERGA &#8211; N\u00facleo Empresarial da Regi\u00e3o da Guarda &#8211; Associa\u00e7\u00e3o Empresarial<br \/>Data de aprova\u00e7\u00e3o: 02-07-2020<br \/>Data de in\u00edcio: 01-10-2020<br \/>Data de conclus\u00e3o: 29-09-2022<br \/>Custo total eleg\u00edvel: 543.693,36\u20ac<br \/>Apoio financeiro da UE: 380.585,35\u20ac<br \/>NERVIR | 141.874,16\u20ac<br \/>AEBB | 41.327,99\u20ac<br \/>AIRV | 40.641,22\u20ac<br \/>NERBA | 64.602,72\u20ac<br \/>NERGA | 92.139,26\u20ac<br \/>Objetivos, atividades e resultados esperados:<br \/>Objetivos Estrat\u00e9gicos<br \/>&#8211; Desenvolver a\u00e7\u00e3o coletiva capaz de promover o reconhecimento internacional da imagem de Portugal associado \u00e0 qualidade e sustentabilidade dos seus produtos de \u201cexcel\u00eancia\u201d, sua sofistica\u00e7\u00e3o e inova\u00e7\u00e3o, destacando a singularidade da oferta Terras Altas de Portugal (2.0);<br \/>&#8211; Melhorar a competitividade internacional das empresas, atrav\u00e9s da disponibiliza\u00e7\u00e3o \u00e0s PME de bens e servi\u00e7os coletivos que potenciem mais e melhor intelig\u00eancia econ\u00f3mica e competitividade dos mercados internacionais;<br \/>&#8211; Alavancar o crescimento das empresas da regi\u00e3o Terras Altas de Portugal atrav\u00e9s de processos sustentados de internacionaliza\u00e7\u00e3o, seja pelo aumento das exporta\u00e7\u00f5es, seja pela presen\u00e7a\/ refor\u00e7o em mercados externos, que sinalizem oportunidades e constrangimentos em mercados externos, promovam a explora\u00e7\u00e3o de janelas de oportunidade de neg\u00f3cios e criem condi\u00e7\u00f5es de suporte para uma melhor inserir externamente a oferta qualificada e inovadora da Regi\u00e3o Terras Altas de Portugal e do Pa\u00eds.<br \/>Atividades do Projeto<br \/>&#8211; Atividade 1 | Programa base de dinamiza\u00e7\u00e3o da plataforma TAP para a internacionaliza\u00e7\u00e3o e partilha de conhecimento e capacita\u00e7\u00e3o sobre mercados externos<br \/>&#8211; Atividade 2 | Opera\u00e7\u00e3o explorat\u00f3ria internacional das TAP para prospe\u00e7\u00e3o, conhecimento e acesso a novos mercados<br \/>&#8211; Atividade 3 | Promo\u00e7\u00e3o internacional das TAP<br \/>&#8211; Atividade 4 | Divulga\u00e7\u00e3o das atividades e produtos do projeto<br \/>&#8211; Atividade 5 | Gest\u00e3o do projeto.<br \/>Indicadores<br \/>&#8211; Novos acordos de parceria\/colabora\u00e7\u00e3o firmados face ao n\u00famero de presen\u00e7as institucionais por mercado externo<br \/>&#8211; PME que consideraram \u00fatil a informa\u00e7\u00e3o, metodologias ou ferramentas disponibilizadas no \u00e2mbito do projeto face ao total das PME que beneficiaram das a\u00e7\u00f5es e resultados<br \/>&#8211; Not\u00edcias\/artigos gerados pela imprensa dos mercados alvo de promo\u00e7\u00e3o internacional integrada da oferta nacional de bens e servi\u00e7os com refer\u00eancia \u00e0s mensagens chave da campanha face ao total de not\u00edcias\/artigos gerados pela imprensa desses mercados alvo<\/p>\t\t\t\t\t\t<\/div>\n\t\t\t\t<\/div>\n\t\t\t\t\t<\/div>\n\t\t<\/div>\n\t\t\t\t\t\t\t<\/div>\n\t\t<\/section>\n\t\t\t\t<section class=\"elementor-section elementor-top-section elementor-element elementor-element-aee8965 elementor-section-boxed elementor-section-height-default elementor-section-height-default\" data-id=\"aee8965\" data-element_type=\"section\">\n\t\t\t\t\t\t<div class=\"elementor-container elementor-column-gap-default\">\n\t\t\t\t\t<div class=\"elementor-column elementor-col-50 elementor-top-column elementor-element elementor-element-2e269c1\" data-id=\"2e269c1\" data-element_type=\"column\">\n\t\t\t<div class=\"elementor-widget-wrap elementor-element-populated\">\n\t\t\t\t\t\t\t\t<div class=\"elementor-element elementor-element-8cbdbf4 elementor-align-center elementor-widget elementor-widget-button\" data-id=\"8cbdbf4\" data-element_type=\"widget\" data-widget_type=\"button.default\">\n\t\t\t\t<div class=\"elementor-widget-container\">\n\t\t\t\t\t<div class=\"elementor-button-wrapper\">\n\t\t\t<a class=\"elementor-button elementor-button-link elementor-size-sm\" href=\"https:\/\/terrasaltasdeportugal.pt\/\" target=\"_blank\">\n\t\t\t\t\t\t<span class=\"elementor-button-content-wrapper\">\n\t\t\t\t\t\t<span class=\"elementor-button-text\">Terras Altas de Portugal<\/span>\n\t\t<\/span>\n\t\t\t\t\t<\/a>\n\t\t<\/div>\n\t\t\t\t<\/div>\n\t\t\t\t<\/div>\n\t\t\t\t\t<\/div>\n\t\t<\/div>\n\t\t\t\t<div class=\"elementor-column elementor-col-50 elementor-top-column elementor-element elementor-element-dafd435\" data-id=\"dafd435\" data-element_type=\"column\">\n\t\t\t<div class=\"elementor-widget-wrap elementor-element-populated\">\n\t\t\t\t\t\t\t\t<div class=\"elementor-element elementor-element-d742b90 elementor-align-center elementor-widget elementor-widget-button\" data-id=\"d742b90\" data-element_type=\"widget\" data-widget_type=\"button.default\">\n\t\t\t\t<div class=\"elementor-widget-container\">\n\t\t\t\t\t<div class=\"elementor-button-wrapper\">\n\t\t\t<a class=\"elementor-button elementor-button-link elementor-size-sm\" href=\"https:\/\/nerba.pt\/site\/wp-content\/uploads\/2023\/03\/Ficha-de-Projeto-TAP-2.0.pdf\" target=\"_blank\">\n\t\t\t\t\t\t<span class=\"elementor-button-content-wrapper\">\n\t\t\t\t\t\t<span class=\"elementor-button-text\">Ficha de Projeto<\/span>\n\t\t<\/span>\n\t\t\t\t\t<\/a>\n\t\t<\/div>\n\t\t\t\t<\/div>\n\t\t\t\t<\/div>\n\t\t\t\t\t<\/div>\n\t\t<\/div>\n\t\t\t\t\t\t\t<\/div>\n\t\t<\/section>\n\t\t\t\t\t\t\t<\/div>\n\t\t","protected":false},"excerpt":{"rendered":"<p>Designa\u00e7\u00e3o do Projeto: TERRAS ALTAS DE PORTUGAL 2.0 (TAP2.0) &#8211; VALORIZA\u00c7\u00c3O INTERNACIONAL DO SETOR AGROALIMENTAR DAS TERRAS ALTAS DE PORTUGALC\u00f3digo do Projeto: POCI-02-0752-FEDER-046016Objetivo Principal: Visa a promo\u00e7\u00e3o da competitividade das empresas por via da internacionaliza\u00e7\u00e3o, atrav\u00e9s do reconhecimento internacional da imagem de Portugal associado \u00e0 qualidade e sustentabilidade dos seus produtos de \u201cexcel\u00eancia\u201d, sua sofistica\u00e7\u00e3o&hellip;<\/p>\n","protected":false},"author":1,"featured_media":0,"parent":0,"menu_order":20,"comment_status":"closed","ping_status":"closed","template":"","meta":{"footnotes":""},"class_list":["post-14248","page","type-page","status-publish","hentry"],"_links":{"self":[{"href":"https:\/\/nerba.pt\/site\/wp-json\/wp\/v2\/pages\/14248","targetHints":{"allow":["GET"]}}],"collection":[{"href":"https:\/\/nerba.pt\/site\/wp-json\/wp\/v2\/pages"}],"about":[{"href":"https:\/\/nerba.pt\/site\/wp-json\/wp\/v2\/types\/page"}],"author":[{"embeddable":true,"href":"https:\/\/nerba.pt\/site\/wp-json\/wp\/v2\/users\/1"}],"replies":[{"embeddable":true,"href":"https:\/\/nerba.pt\/site\/wp-json\/wp\/v2\/comments?post=14248"}],"version-history":[{"count":0,"href":"https:\/\/nerba.pt\/site\/wp-json\/wp\/v2\/pages\/14248\/revisions"}],"wp:attachment":[{"href":"https:\/\/nerba.pt\/site\/wp-json\/wp\/v2\/media?parent=14248"}],"curies":[{"name":"wp","href":"https:\/\/api.w.org\/{rel}","templated":true}]}}