{"id":13435,"date":"2022-10-19T14:33:11","date_gmt":"2022-10-19T14:33:11","guid":{"rendered":"https:\/\/nerba.pt\/site\/?page_id=13435"},"modified":"2025-09-30T20:44:55","modified_gmt":"2025-09-30T20:44:55","slug":"concursos-publicos","status":"publish","type":"page","link":"https:\/\/nerba.pt\/site\/concursos-publicos\/","title":{"rendered":"Contrata\u00e7\u00e3o"},"content":{"rendered":"\t\t<div data-elementor-type=\"wp-page\" data-elementor-id=\"13435\" class=\"elementor elementor-13435\" data-elementor-post-type=\"page\">\n\t\t\t\t\t\t\t\t\t<section class=\"elementor-section elementor-top-section elementor-element elementor-element-e122093 elementor-section-boxed elementor-section-height-default elementor-section-height-default\" data-id=\"e122093\" data-element_type=\"section\">\n\t\t\t\t\t\t<div class=\"elementor-container elementor-column-gap-default\">\n\t\t\t\t\t<div class=\"elementor-column elementor-col-100 elementor-top-column elementor-element elementor-element-8bc2f17\" data-id=\"8bc2f17\" data-element_type=\"column\">\n\t\t\t<div class=\"elementor-widget-wrap elementor-element-populated\">\n\t\t\t\t\t\t\t\t<div class=\"elementor-element elementor-element-552b848 elementor-widget elementor-widget-spacer\" data-id=\"552b848\" data-element_type=\"widget\" data-widget_type=\"spacer.default\">\n\t\t\t\t<div class=\"elementor-widget-container\">\n\t\t\t\t\t<div class=\"elementor-spacer\">\n\t\t\t<div class=\"elementor-spacer-inner\"><\/div>\n\t\t<\/div>\n\t\t\t\t<\/div>\n\t\t\t\t<\/div>\n\t\t\t\t\t<\/div>\n\t\t<\/div>\n\t\t\t\t\t\t\t<\/div>\n\t\t<\/section>\n\t\t\t\t<section class=\"elementor-section elementor-top-section elementor-element elementor-element-33d1425 elementor-section-boxed elementor-section-height-default elementor-section-height-default\" data-id=\"33d1425\" data-element_type=\"section\">\n\t\t\t\t\t\t<div class=\"elementor-container elementor-column-gap-default\">\n\t\t\t\t\t<div class=\"elementor-column elementor-col-100 elementor-top-column elementor-element elementor-element-f67a494\" data-id=\"f67a494\" data-element_type=\"column\">\n\t\t\t<div class=\"elementor-widget-wrap elementor-element-populated\">\n\t\t\t\t\t\t\t\t<div class=\"elementor-element elementor-element-4b33dc3 elementor-widget elementor-widget-heading\" data-id=\"4b33dc3\" data-element_type=\"widget\" data-widget_type=\"heading.default\">\n\t\t\t\t<div class=\"elementor-widget-container\">\n\t\t\t<h2 class=\"elementor-heading-title elementor-size-default\">Contrata\u00e7\u00e3o<\/h2>\t\t<\/div>\n\t\t\t\t<\/div>\n\t\t\t\t\t<\/div>\n\t\t<\/div>\n\t\t\t\t\t\t\t<\/div>\n\t\t<\/section>\n\t\t\t\t<section class=\"elementor-section elementor-top-section elementor-element elementor-element-8d5189b elementor-section-boxed elementor-section-height-default elementor-section-height-default\" data-id=\"8d5189b\" data-element_type=\"section\">\n\t\t\t\t\t\t<div class=\"elementor-container elementor-column-gap-default\">\n\t\t\t\t\t<div class=\"elementor-column elementor-col-100 elementor-top-column elementor-element elementor-element-cf74c50\" data-id=\"cf74c50\" data-element_type=\"column\">\n\t\t\t<div class=\"elementor-widget-wrap elementor-element-populated\">\n\t\t\t\t\t\t\t\t<div class=\"elementor-element elementor-element-aa5847f elementor-widget elementor-widget-the7_elements\" data-id=\"aa5847f\" data-element_type=\"widget\" data-widget_type=\"the7_elements.default\">\n\t\t\t\t<div class=\"elementor-widget-container\">\n\t\t\t<div class=\"portfolio-shortcode the7-elementor-widget the7_elements-aa5847f mode-masonry content-rollover-layout-list description-on-hover quick-scale-img disable-layout-hover content-bg-on enable-bg-rollover resize-by-browser-width widget-with-filter loading-effect-none\" data-padding=\"15px\" data-mobile-columns-num=\"1\" data-tablet-columns-num=\"2\" data-desktop-columns-num=\"3\" data-wide-desktop-columns-num=\"3\" data-post-limit=\"-1\" data-pagination-mode=\"standard\" data-scroll-offset=\"\"><div class=\"iso-filter filter-decorations without-isotope filter filter-pointer-default hide-filter-categories   filter-underline-decoration\"><div class=\"filter-extras\"><div class=\"filter-by\"><a href=\"https:\/\/nerba.pt\/site\/concursos-publicos\/?orderby=date&#038;order=desc\" class=\"sort-by-date act\" data-by=\"date\"><i class=\"dt-icon-the7-sort-02\"><\/i><span class=\"filter-popup\">Sort by date<\/span><\/a><span class=\"filter-switch\"><\/span><a href=\"https:\/\/nerba.pt\/site\/concursos-publicos\/?orderby=name&#038;order=desc\" class=\"sort-by-name\" data-by=\"name\"><i class=\"dt-icon-the7-sort-03\" aria-hidden=\"true\"><\/i><span class=\"filter-popup\">Sort by name<\/span><\/a><\/div><div class=\"filter-sorting\" style=\"display: none;\"><a href=\"https:\/\/nerba.pt\/site\/concursos-publicos\/?orderby=date&#038;order=desc\" class=\"sort-by-desc act\" data-sort=\"desc\"><i class=\"dt-icon-the7-sort-00\" aria-hidden=\"true\"><\/i><span class=\"filter-popup\">Descending<\/span><\/a><span class=\"filter-switch\"><\/span><a href=\"https:\/\/nerba.pt\/site\/concursos-publicos\/?orderby=date&#038;order=asc\" class=\"sort-by-asc\" data-sort=\"asc\"><i class=\"dt-icon-the7-sort-01\" aria-hidden=\"true\"><\/i><span class=\"filter-popup\">Ascending<\/span><\/a><\/div><\/div><\/div><div class=\"iso-container dt-isotope custom-iso-columns\"><div class=\"visible wf-cell iso-item\" data-post-id=\"19238\" data-date=\"2025-03-14T18:07:12+00:00\" data-name=\"Consulta Pr\u00e9via n.\u00ba 02\/2025 \u2013 Forma\u00e7\u00e3o Modular\"><article class=\"post visible forward-post post-19238 type-post status-publish format-standard has-post-thumbnail hentry category-concursos-publicos\" data-name=\"Consulta Pr\u00e9via n.\u00ba 02\/2025 \u2013 Forma\u00e7\u00e3o Modular\" data-date=\"2025-03-14T18:07:12+00:00\">\n<div class=\"post-thumbnail-wrap \">\n\t<div class=\"post-thumbnail \">\n\n\t\t<a href=\"https:\/\/nerba.pt\/site\/consulta-previa-n-o-02-2025-formacao-modular\/\" class=\"post-thumbnail-rollover layzr-bg\" aria-label=\"Post image\"><img decoding=\"async\" class=\"preload-me iso-lazy-load\" src=\"data:image\/svg+xml,%3Csvg%20xmlns%3D&#39;http%3A%2F%2Fwww.w3.org%2F2000%2Fsvg&#39;%20viewBox%3D&#39;0%200%20768%20432&#39;%2F%3E\" data-src=\"https:\/\/nerba.pt\/site\/wp-content\/uploads\/2022\/05\/nerba_icon-scaled-768x432.jpg\" data-srcset=\"https:\/\/nerba.pt\/site\/wp-content\/uploads\/2022\/05\/nerba_icon-scaled-768x432.jpg 768w, https:\/\/nerba.pt\/site\/wp-content\/uploads\/2022\/05\/nerba_icon-scaled-1152x648.jpg 1152w\" alt=\"\" title=\"nerba_icon\" width=\"768\" height=\"432\"  \/><\/a>\n\t<\/div>\n<\/div>\n\n<div class=\"post-entry-content\">\n\t<div class=\"post-entry-wrapper\">\n\t\t<div class=\"post-entry-body\">\n\t\t\t<h3 class=\"ele-entry-title\"><a href=\"https:\/\/nerba.pt\/site\/consulta-previa-n-o-02-2025-formacao-modular\/\" title=\"Consulta Pr\u00e9via n.\u00ba 02\/2025 \u2013 Forma\u00e7\u00e3o Modular\" rel=\"bookmark\">Consulta Pr\u00e9via n.\u00ba 02\/2025 \u2013 Forma\u00e7\u00e3o Modular<\/a><\/h3><div class=\"entry-meta\"><a href=\"https:\/\/nerba.pt\/site\/2025\/03\/14\/\" title=\"18:07\" class=\"meta-item data-link\" rel=\"bookmark\"><time class=\"entry-date updated\" datetime=\"2025-03-14T18:07:12+00:00\">14 de Mar\u00e7o, 2025<\/time><\/a><\/div>\t\t<\/div>\n\t<\/div>\n<\/div><\/article><\/div><div class=\"visible wf-cell iso-item\" data-post-id=\"18866\" data-date=\"2025-01-08T16:37:30+00:00\" data-name=\"Consulta Pr\u00e9via CP n.\u00ba 01\/2024 - Consulta Pr\u00e9via ICCO\"><article class=\"post visible forward-post post-18866 type-post status-publish format-standard has-post-thumbnail hentry category-concursos-publicos\" data-name=\"Consulta Pr\u00e9via CP n.\u00ba 01\/2024 &#8211; Consulta Pr\u00e9via ICCO\" data-date=\"2025-01-08T16:37:30+00:00\">\n<div class=\"post-thumbnail-wrap \">\n\t<div class=\"post-thumbnail \">\n\n\t\t<a href=\"https:\/\/nerba.pt\/site\/consulta-previa-cp-n-o-01-2024-consulta-previa-icco\/\" class=\"post-thumbnail-rollover layzr-bg\" aria-label=\"Post image\"><img decoding=\"async\" class=\"preload-me iso-lazy-load\" src=\"data:image\/svg+xml,%3Csvg%20xmlns%3D&#39;http%3A%2F%2Fwww.w3.org%2F2000%2Fsvg&#39;%20viewBox%3D&#39;0%200%20768%20432&#39;%2F%3E\" data-src=\"https:\/\/nerba.pt\/site\/wp-content\/uploads\/2022\/05\/nerba_icon-scaled-768x432.jpg\" data-srcset=\"https:\/\/nerba.pt\/site\/wp-content\/uploads\/2022\/05\/nerba_icon-scaled-768x432.jpg 768w, https:\/\/nerba.pt\/site\/wp-content\/uploads\/2022\/05\/nerba_icon-scaled-1152x648.jpg 1152w\" alt=\"\" title=\"nerba_icon\" width=\"768\" height=\"432\"  \/><\/a>\n\t<\/div>\n<\/div>\n\n<div class=\"post-entry-content\">\n\t<div class=\"post-entry-wrapper\">\n\t\t<div class=\"post-entry-body\">\n\t\t\t<h3 class=\"ele-entry-title\"><a href=\"https:\/\/nerba.pt\/site\/consulta-previa-cp-n-o-01-2024-consulta-previa-icco\/\" title=\"Consulta Pr\u00e9via CP n.\u00ba 01\/2024 &#8211; Consulta Pr\u00e9via ICCO\" rel=\"bookmark\">Consulta Pr\u00e9via CP n.\u00ba 01\/2024 &#8211; Consulta Pr\u00e9via ICCO<\/a><\/h3><div class=\"entry-meta\"><a href=\"https:\/\/nerba.pt\/site\/2025\/01\/08\/\" title=\"16:37\" class=\"meta-item data-link\" rel=\"bookmark\"><time class=\"entry-date updated\" datetime=\"2025-01-08T16:37:30+00:00\">8 de Janeiro, 2025<\/time><\/a><\/div>\t\t<\/div>\n\t<\/div>\n<\/div><\/article><\/div><div class=\"visible wf-cell iso-item\" data-post-id=\"14156\" data-date=\"2023-01-25T14:36:23+00:00\" data-name=\"Aquisi\u00e7\u00e3o de Servi\u00e7os de Forma\u00e7\u00e3o-A\u00e7\u00e3o e Consultoria Formativa para PME - 2\u00ba Ciclo, no \u00e2mbito do Projeto POCI-03-3560-FSE-000504 \u2013 Altera\u00e7\u00e3o\"><article class=\"post visible forward-post post-14156 type-post status-publish format-standard has-post-thumbnail hentry category-concursos-publicos\" data-name=\"Aquisi\u00e7\u00e3o de Servi\u00e7os de Forma\u00e7\u00e3o-A\u00e7\u00e3o e Consultoria Formativa para PME &#8211; 2\u00ba Ciclo, no \u00e2mbito do Projeto POCI-03-3560-FSE-000504 \u2013 Altera\u00e7\u00e3o\" data-date=\"2023-01-25T14:36:23+00:00\">\n<div class=\"post-thumbnail-wrap \">\n\t<div class=\"post-thumbnail \">\n\n\t\t<a href=\"https:\/\/nerba.pt\/site\/aquisicao-de-servicos-de-formacao-acao-e-consultoria-formativa-para-pme-2o-ciclo-no-ambito-do-projeto-poci-03-3560-fse-000504-alteracao\/\" class=\"post-thumbnail-rollover layzr-bg\" aria-label=\"Post image\"><img decoding=\"async\" class=\"preload-me iso-lazy-load\" src=\"data:image\/svg+xml,%3Csvg%20xmlns%3D&#39;http%3A%2F%2Fwww.w3.org%2F2000%2Fsvg&#39;%20viewBox%3D&#39;0%200%20768%20432&#39;%2F%3E\" data-src=\"https:\/\/nerba.pt\/site\/wp-content\/uploads\/2022\/05\/nerba_icon-scaled-768x432.jpg\" data-srcset=\"https:\/\/nerba.pt\/site\/wp-content\/uploads\/2022\/05\/nerba_icon-scaled-768x432.jpg 768w, https:\/\/nerba.pt\/site\/wp-content\/uploads\/2022\/05\/nerba_icon-scaled-1152x648.jpg 1152w\" alt=\"\" title=\"nerba_icon\" width=\"768\" height=\"432\"  \/><\/a>\n\t<\/div>\n<\/div>\n\n<div class=\"post-entry-content\">\n\t<div class=\"post-entry-wrapper\">\n\t\t<div class=\"post-entry-body\">\n\t\t\t<h3 class=\"ele-entry-title\"><a href=\"https:\/\/nerba.pt\/site\/aquisicao-de-servicos-de-formacao-acao-e-consultoria-formativa-para-pme-2o-ciclo-no-ambito-do-projeto-poci-03-3560-fse-000504-alteracao\/\" title=\"Aquisi\u00e7\u00e3o de Servi\u00e7os de Forma\u00e7\u00e3o-A\u00e7\u00e3o e Consultoria Formativa para PME &#8211; 2\u00ba Ciclo, no \u00e2mbito do Projeto POCI-03-3560-FSE-000504 \u2013 Altera\u00e7\u00e3o\" rel=\"bookmark\">Aquisi\u00e7\u00e3o de Servi\u00e7os de Forma\u00e7\u00e3o-A\u00e7\u00e3o e Consultoria Formativa para PME &#8211; 2\u00ba Ciclo, no \u00e2mbito do Projeto POCI-03-3560-FSE-000504 \u2013 Altera\u00e7\u00e3o<\/a><\/h3><div class=\"entry-meta\"><a href=\"https:\/\/nerba.pt\/site\/2023\/01\/25\/\" title=\"14:36\" class=\"meta-item data-link\" rel=\"bookmark\"><time class=\"entry-date updated\" datetime=\"2023-01-25T14:36:23+00:00\">25 de Janeiro, 2023<\/time><\/a><\/div>\t\t<\/div>\n\t<\/div>\n<\/div><\/article><\/div><div class=\"visible wf-cell iso-item\" data-post-id=\"14147\" data-date=\"2022-11-22T14:31:00+00:00\" data-name=\"NERBA1_2022 - Aquisi\u00e7\u00e3o de Servi\u00e7os de Forma\u00e7\u00e3o-A\u00e7\u00e3o e Consultoria Formativa para PME - 2\u00ba Ciclo\"><article class=\"post visible forward-post post-14147 type-post status-publish format-standard has-post-thumbnail hentry category-concursos-publicos\" data-name=\"NERBA1_2022 &#8211; Aquisi\u00e7\u00e3o de Servi\u00e7os de Forma\u00e7\u00e3o-A\u00e7\u00e3o e Consultoria Formativa para PME &#8211; 2\u00ba Ciclo\" data-date=\"2022-11-22T14:31:00+00:00\">\n<div class=\"post-thumbnail-wrap \">\n\t<div class=\"post-thumbnail \">\n\n\t\t<a href=\"https:\/\/nerba.pt\/site\/nerba1_2022-aquisicao-de-servicos-de-formacao-acao-e-consultoria-formativa-para-pme-2o-ciclo\/\" class=\"post-thumbnail-rollover layzr-bg\" aria-label=\"Post image\"><img decoding=\"async\" class=\"preload-me iso-lazy-load\" src=\"data:image\/svg+xml,%3Csvg%20xmlns%3D&#39;http%3A%2F%2Fwww.w3.org%2F2000%2Fsvg&#39;%20viewBox%3D&#39;0%200%20768%20432&#39;%2F%3E\" data-src=\"https:\/\/nerba.pt\/site\/wp-content\/uploads\/2022\/05\/nerba_icon-scaled-768x432.jpg\" data-srcset=\"https:\/\/nerba.pt\/site\/wp-content\/uploads\/2022\/05\/nerba_icon-scaled-768x432.jpg 768w, https:\/\/nerba.pt\/site\/wp-content\/uploads\/2022\/05\/nerba_icon-scaled-1152x648.jpg 1152w\" alt=\"\" title=\"nerba_icon\" width=\"768\" height=\"432\"  \/><\/a>\n\t<\/div>\n<\/div>\n\n<div class=\"post-entry-content\">\n\t<div class=\"post-entry-wrapper\">\n\t\t<div class=\"post-entry-body\">\n\t\t\t<h3 class=\"ele-entry-title\"><a href=\"https:\/\/nerba.pt\/site\/nerba1_2022-aquisicao-de-servicos-de-formacao-acao-e-consultoria-formativa-para-pme-2o-ciclo\/\" title=\"NERBA1_2022 &#8211; Aquisi\u00e7\u00e3o de Servi\u00e7os de Forma\u00e7\u00e3o-A\u00e7\u00e3o e Consultoria Formativa para PME &#8211; 2\u00ba Ciclo\" rel=\"bookmark\">NERBA1_2022 &#8211; Aquisi\u00e7\u00e3o de Servi\u00e7os de Forma\u00e7\u00e3o-A\u00e7\u00e3o e Consultoria Formativa para PME &#8211; 2\u00ba Ciclo<\/a><\/h3><div class=\"entry-meta\"><a href=\"https:\/\/nerba.pt\/site\/2022\/11\/22\/\" title=\"14:31\" class=\"meta-item data-link\" rel=\"bookmark\"><time class=\"entry-date updated\" datetime=\"2022-11-22T14:31:00+00:00\">22 de Novembro, 2022<\/time><\/a><\/div>\t\t<\/div>\n\t<\/div>\n<\/div><\/article><\/div><div class=\"visible wf-cell iso-item\" data-post-id=\"13447\" data-date=\"2022-10-19T14:38:41+00:00\" data-name=\"NERBA 3_2019 - Presta\u00e7\u00e3o de Servi\u00e7os de forma\u00e7\u00e3o-ac\u00e7\u00e3o\"><article class=\"post visible forward-post post-13447 type-post status-publish format-standard has-post-thumbnail hentry category-concursos-publicos\" data-name=\"NERBA 3_2019 &#8211; Presta\u00e7\u00e3o de Servi\u00e7os de forma\u00e7\u00e3o-ac\u00e7\u00e3o\" data-date=\"2022-10-19T14:38:41+00:00\">\n<div class=\"post-thumbnail-wrap \">\n\t<div class=\"post-thumbnail \">\n\n\t\t<a href=\"https:\/\/nerba.pt\/site\/nerba-3_2019-prestacao-de-servicos-de-formacao-accao\/\" class=\"post-thumbnail-rollover layzr-bg\" aria-label=\"Post image\"><img decoding=\"async\" class=\"preload-me iso-lazy-load\" src=\"data:image\/svg+xml,%3Csvg%20xmlns%3D&#39;http%3A%2F%2Fwww.w3.org%2F2000%2Fsvg&#39;%20viewBox%3D&#39;0%200%20768%20432&#39;%2F%3E\" data-src=\"https:\/\/nerba.pt\/site\/wp-content\/uploads\/2022\/05\/nerba_icon-scaled-768x432.jpg\" data-srcset=\"https:\/\/nerba.pt\/site\/wp-content\/uploads\/2022\/05\/nerba_icon-scaled-768x432.jpg 768w, https:\/\/nerba.pt\/site\/wp-content\/uploads\/2022\/05\/nerba_icon-scaled-1152x648.jpg 1152w\" alt=\"\" title=\"nerba_icon\" width=\"768\" height=\"432\"  \/><\/a>\n\t<\/div>\n<\/div>\n\n<div class=\"post-entry-content\">\n\t<div class=\"post-entry-wrapper\">\n\t\t<div class=\"post-entry-body\">\n\t\t\t<h3 class=\"ele-entry-title\"><a href=\"https:\/\/nerba.pt\/site\/nerba-3_2019-prestacao-de-servicos-de-formacao-accao\/\" title=\"NERBA 3_2019 &#8211; Presta\u00e7\u00e3o de Servi\u00e7os de forma\u00e7\u00e3o-ac\u00e7\u00e3o\" rel=\"bookmark\">NERBA 3_2019 &#8211; Presta\u00e7\u00e3o de Servi\u00e7os de forma\u00e7\u00e3o-ac\u00e7\u00e3o<\/a><\/h3><div class=\"entry-meta\"><a href=\"https:\/\/nerba.pt\/site\/2022\/10\/19\/\" title=\"14:38\" class=\"meta-item data-link\" rel=\"bookmark\"><time class=\"entry-date updated\" datetime=\"2022-10-19T14:38:41+00:00\">19 de Outubro, 2022<\/time><\/a><\/div>\t\t<\/div>\n\t<\/div>\n<\/div><\/article><\/div><div class=\"visible wf-cell iso-item\" data-post-id=\"14161\" data-date=\"2019-06-12T14:40:00+00:00\" data-name=\"NERBA - Associa\u00e7\u00e3o Empresarial - Convite \u00e0 apresenta\u00e7\u00e3o de propostas NERBA-AE_2_2019, Contrata\u00e7\u00e3o de Servi\u00e7os de viagens e alojamento, Cidade de Londres\"><article class=\"post visible forward-post post-14161 type-post status-publish format-standard has-post-thumbnail hentry category-concursos-publicos\" data-name=\"NERBA &#8211; Associa\u00e7\u00e3o Empresarial &#8211; Convite \u00e0 apresenta\u00e7\u00e3o de propostas NERBA-AE_2_2019, Contrata\u00e7\u00e3o de Servi\u00e7os de viagens e alojamento, Cidade de Londres\" data-date=\"2019-06-12T14:40:00+00:00\">\n<div class=\"post-thumbnail-wrap \">\n\t<div class=\"post-thumbnail \">\n\n\t\t<a href=\"https:\/\/nerba.pt\/site\/nerba-associacao-empresarial-convite-a-apresentacao-de-propostas-nerba-ae_2_2019-contratacao-de-servicos-de-viagens-e-alojamento-cidade-de-londres\/\" class=\"post-thumbnail-rollover layzr-bg\" aria-label=\"Post image\"><img decoding=\"async\" class=\"preload-me iso-lazy-load\" src=\"data:image\/svg+xml,%3Csvg%20xmlns%3D&#39;http%3A%2F%2Fwww.w3.org%2F2000%2Fsvg&#39;%20viewBox%3D&#39;0%200%20768%20432&#39;%2F%3E\" data-src=\"https:\/\/nerba.pt\/site\/wp-content\/uploads\/2022\/05\/nerba_icon-scaled-768x432.jpg\" data-srcset=\"https:\/\/nerba.pt\/site\/wp-content\/uploads\/2022\/05\/nerba_icon-scaled-768x432.jpg 768w, https:\/\/nerba.pt\/site\/wp-content\/uploads\/2022\/05\/nerba_icon-scaled-1152x648.jpg 1152w\" alt=\"\" title=\"nerba_icon\" width=\"768\" height=\"432\"  \/><\/a>\n\t<\/div>\n<\/div>\n\n<div class=\"post-entry-content\">\n\t<div class=\"post-entry-wrapper\">\n\t\t<div class=\"post-entry-body\">\n\t\t\t<h3 class=\"ele-entry-title\"><a href=\"https:\/\/nerba.pt\/site\/nerba-associacao-empresarial-convite-a-apresentacao-de-propostas-nerba-ae_2_2019-contratacao-de-servicos-de-viagens-e-alojamento-cidade-de-londres\/\" title=\"NERBA &#8211; Associa\u00e7\u00e3o Empresarial &#8211; Convite \u00e0 apresenta\u00e7\u00e3o de propostas NERBA-AE_2_2019, Contrata\u00e7\u00e3o de Servi\u00e7os de viagens e alojamento, Cidade de Londres\" rel=\"bookmark\">NERBA &#8211; Associa\u00e7\u00e3o Empresarial &#8211; Convite \u00e0 apresenta\u00e7\u00e3o de propostas NERBA-AE_2_2019, Contrata\u00e7\u00e3o de Servi\u00e7os de viagens e alojamento, Cidade de Londres<\/a><\/h3><div class=\"entry-meta\"><a href=\"https:\/\/nerba.pt\/site\/2019\/06\/12\/\" title=\"14:40\" class=\"meta-item data-link\" rel=\"bookmark\"><time class=\"entry-date updated\" datetime=\"2019-06-12T14:40:00+00:00\">12 de Junho, 2019<\/time><\/a><\/div>\t\t<\/div>\n\t<\/div>\n<\/div><\/article><\/div><\/div><!-- iso-container|iso-grid --><\/div>\t\t<\/div>\n\t\t\t\t<\/div>\n\t\t\t\t\t<\/div>\n\t\t<\/div>\n\t\t\t\t\t\t\t<\/div>\n\t\t<\/section>\n\t\t\t\t<section class=\"elementor-section elementor-top-section elementor-element elementor-element-9e3e6ce elementor-section-boxed elementor-section-height-default elementor-section-height-default\" data-id=\"9e3e6ce\" data-element_type=\"section\">\n\t\t\t\t\t\t<div class=\"elementor-container elementor-column-gap-default\">\n\t\t\t\t\t<div class=\"elementor-column elementor-col-100 elementor-top-column elementor-element elementor-element-fda9921\" data-id=\"fda9921\" data-element_type=\"column\">\n\t\t\t<div class=\"elementor-widget-wrap elementor-element-populated\">\n\t\t\t\t\t\t\t\t<div class=\"elementor-element elementor-element-95df319 elementor-widget elementor-widget-spacer\" data-id=\"95df319\" data-element_type=\"widget\" data-widget_type=\"spacer.default\">\n\t\t\t\t<div class=\"elementor-widget-container\">\n\t\t\t\t\t<div class=\"elementor-spacer\">\n\t\t\t<div class=\"elementor-spacer-inner\"><\/div>\n\t\t<\/div>\n\t\t\t\t<\/div>\n\t\t\t\t<\/div>\n\t\t\t\t\t<\/div>\n\t\t<\/div>\n\t\t\t\t\t\t\t<\/div>\n\t\t<\/section>\n\t\t\t\t\t\t\t<\/div>\n\t\t","protected":false},"excerpt":{"rendered":"<p>Contrata\u00e7\u00e3o Sort by dateSort by nameDescendingAscending Consulta Pr\u00e9via n.\u00ba 02\/2025 \u2013 Forma\u00e7\u00e3o Modular 14 de Mar\u00e7o, 2025 Consulta Pr\u00e9via CP n.\u00ba 01\/2024 &#8211; Consulta Pr\u00e9via ICCO 8 de Janeiro, 2025 Aquisi\u00e7\u00e3o de Servi\u00e7os de Forma\u00e7\u00e3o-A\u00e7\u00e3o e Consultoria Formativa para PME &#8211; 2\u00ba Ciclo, no \u00e2mbito do Projeto POCI-03-3560-FSE-000504 \u2013 Altera\u00e7\u00e3o 25 de Janeiro, 2023 NERBA1_2022&hellip;<\/p>\n","protected":false},"author":1,"featured_media":0,"parent":0,"menu_order":4,"comment_status":"closed","ping_status":"closed","template":"","meta":{"footnotes":""},"class_list":["post-13435","page","type-page","status-publish","hentry"],"_links":{"self":[{"href":"https:\/\/nerba.pt\/site\/wp-json\/wp\/v2\/pages\/13435","targetHints":{"allow":["GET"]}}],"collection":[{"href":"https:\/\/nerba.pt\/site\/wp-json\/wp\/v2\/pages"}],"about":[{"href":"https:\/\/nerba.pt\/site\/wp-json\/wp\/v2\/types\/page"}],"author":[{"embeddable":true,"href":"https:\/\/nerba.pt\/site\/wp-json\/wp\/v2\/users\/1"}],"replies":[{"embeddable":true,"href":"https:\/\/nerba.pt\/site\/wp-json\/wp\/v2\/comments?post=13435"}],"version-history":[{"count":9,"href":"https:\/\/nerba.pt\/site\/wp-json\/wp\/v2\/pages\/13435\/revisions"}],"predecessor-version":[{"id":21388,"href":"https:\/\/nerba.pt\/site\/wp-json\/wp\/v2\/pages\/13435\/revisions\/21388"}],"wp:attachment":[{"href":"https:\/\/nerba.pt\/site\/wp-json\/wp\/v2\/media?parent=13435"}],"curies":[{"name":"wp","href":"https:\/\/api.w.org\/{rel}","templated":true}]}}