{"id":10007,"date":"2022-07-13T15:08:46","date_gmt":"2022-07-13T15:08:46","guid":{"rendered":"https:\/\/nerba.pt\/site\/?page_id=10007"},"modified":"2023-12-27T14:47:39","modified_gmt":"2023-12-27T14:47:39","slug":"export-pt","status":"publish","type":"page","link":"https:\/\/nerba.pt\/site\/export-pt\/","title":{"rendered":"Export PT"},"content":{"rendered":"\t\t<div data-elementor-type=\"wp-page\" data-elementor-id=\"10007\" class=\"elementor elementor-10007\" data-elementor-post-type=\"page\">\n\t\t\t\t\t\t\t\t\t<section class=\"elementor-section elementor-top-section elementor-element elementor-element-f0df0e4 elementor-section-boxed elementor-section-height-default elementor-section-height-default\" data-id=\"f0df0e4\" data-element_type=\"section\">\n\t\t\t\t\t\t<div class=\"elementor-container elementor-column-gap-default\">\n\t\t\t\t\t<div class=\"elementor-column elementor-col-100 elementor-top-column elementor-element elementor-element-84d2198\" data-id=\"84d2198\" data-element_type=\"column\">\n\t\t\t<div class=\"elementor-widget-wrap elementor-element-populated\">\n\t\t\t\t\t\t\t\t<div class=\"elementor-element elementor-element-c67e053 elementor-widget elementor-widget-image\" data-id=\"c67e053\" data-element_type=\"widget\" data-widget_type=\"image.default\">\n\t\t\t\t<div class=\"elementor-widget-container\">\n\t\t\t\t\t\t\t\t\t\t\t\t\t\t\t<img decoding=\"async\" width=\"785\" height=\"273\" data-src=\"https:\/\/nerba.pt\/site\/wp-content\/uploads\/2023\/03\/logo_export-01.webp\" class=\"attachment-large size-large wp-image-14065 lazyload\" alt=\"\" data-srcset=\"https:\/\/nerba.pt\/site\/wp-content\/uploads\/2023\/03\/logo_export-01.webp 785w, https:\/\/nerba.pt\/site\/wp-content\/uploads\/2023\/03\/logo_export-01-768x267.webp 768w, https:\/\/nerba.pt\/site\/wp-content\/uploads\/2023\/03\/logo_export-01-18x6.webp 18w\" data-sizes=\"(max-width: 785px) 100vw, 785px\" src=\"data:image\/svg+xml;base64,PHN2ZyB3aWR0aD0iMSIgaGVpZ2h0PSIxIiB4bWxucz0iaHR0cDovL3d3dy53My5vcmcvMjAwMC9zdmciPjwvc3ZnPg==\" style=\"--smush-placeholder-width: 785px; --smush-placeholder-aspect-ratio: 785\/273;\" \/>\t\t\t\t\t\t\t\t\t\t\t\t\t\t\t<\/div>\n\t\t\t\t<\/div>\n\t\t\t\t\t<\/div>\n\t\t<\/div>\n\t\t\t\t\t\t\t<\/div>\n\t\t<\/section>\n\t\t\t\t<section class=\"elementor-section elementor-top-section elementor-element elementor-element-af14999 elementor-section-boxed elementor-section-height-default elementor-section-height-default\" data-id=\"af14999\" data-element_type=\"section\">\n\t\t\t\t\t\t<div class=\"elementor-container elementor-column-gap-default\">\n\t\t\t\t\t<div class=\"elementor-column elementor-col-33 elementor-top-column elementor-element elementor-element-84cdcc8\" data-id=\"84cdcc8\" data-element_type=\"column\">\n\t\t\t<div class=\"elementor-widget-wrap\">\n\t\t\t\t\t\t\t\t\t<\/div>\n\t\t<\/div>\n\t\t\t\t<div class=\"elementor-column elementor-col-33 elementor-top-column elementor-element elementor-element-b8ef3b2\" data-id=\"b8ef3b2\" data-element_type=\"column\">\n\t\t\t<div class=\"elementor-widget-wrap elementor-element-populated\">\n\t\t\t\t\t\t\t\t<div class=\"elementor-element elementor-element-0641919 elementor-widget elementor-widget-image\" data-id=\"0641919\" data-element_type=\"widget\" data-widget_type=\"image.default\">\n\t\t\t\t<div class=\"elementor-widget-container\">\n\t\t\t\t\t\t\t\t\t\t\t\t\t\t\t<img decoding=\"async\" width=\"800\" height=\"123\" data-src=\"https:\/\/nerba.pt\/site\/wp-content\/uploads\/2022\/07\/compete1.png\" class=\"attachment-medium size-medium wp-image-9938 lazyload\" alt=\"\" src=\"data:image\/svg+xml;base64,PHN2ZyB3aWR0aD0iMSIgaGVpZ2h0PSIxIiB4bWxucz0iaHR0cDovL3d3dy53My5vcmcvMjAwMC9zdmciPjwvc3ZnPg==\" style=\"--smush-placeholder-width: 800px; --smush-placeholder-aspect-ratio: 800\/123;\" \/>\t\t\t\t\t\t\t\t\t\t\t\t\t\t\t<\/div>\n\t\t\t\t<\/div>\n\t\t\t\t\t<\/div>\n\t\t<\/div>\n\t\t\t\t<div class=\"elementor-column elementor-col-33 elementor-top-column elementor-element elementor-element-a285249\" data-id=\"a285249\" data-element_type=\"column\">\n\t\t\t<div class=\"elementor-widget-wrap\">\n\t\t\t\t\t\t\t\t\t<\/div>\n\t\t<\/div>\n\t\t\t\t\t\t\t<\/div>\n\t\t<\/section>\n\t\t\t\t<section class=\"elementor-section elementor-top-section elementor-element elementor-element-70805cc elementor-section-boxed elementor-section-height-default elementor-section-height-default\" data-id=\"70805cc\" data-element_type=\"section\">\n\t\t\t\t\t\t<div class=\"elementor-container elementor-column-gap-default\">\n\t\t\t\t\t<div class=\"elementor-column elementor-col-33 elementor-top-column elementor-element elementor-element-66f0e4d\" data-id=\"66f0e4d\" data-element_type=\"column\">\n\t\t\t<div class=\"elementor-widget-wrap\">\n\t\t\t\t\t\t\t\t\t<\/div>\n\t\t<\/div>\n\t\t\t\t<div class=\"elementor-column elementor-col-33 elementor-top-column elementor-element elementor-element-6b45cef\" data-id=\"6b45cef\" data-element_type=\"column\">\n\t\t\t<div class=\"elementor-widget-wrap\">\n\t\t\t\t\t\t\t\t\t<\/div>\n\t\t<\/div>\n\t\t\t\t<div class=\"elementor-column elementor-col-33 elementor-top-column elementor-element elementor-element-a37e4b5\" data-id=\"a37e4b5\" data-element_type=\"column\">\n\t\t\t<div class=\"elementor-widget-wrap\">\n\t\t\t\t\t\t\t\t\t<\/div>\n\t\t<\/div>\n\t\t\t\t\t\t\t<\/div>\n\t\t<\/section>\n\t\t\t\t<section class=\"elementor-section elementor-top-section elementor-element elementor-element-2ed0e3a elementor-section-boxed elementor-section-height-default elementor-section-height-default\" data-id=\"2ed0e3a\" data-element_type=\"section\">\n\t\t\t\t\t\t<div class=\"elementor-container elementor-column-gap-default\">\n\t\t\t\t\t<div class=\"elementor-column elementor-col-100 elementor-top-column elementor-element elementor-element-69e1e83\" data-id=\"69e1e83\" data-element_type=\"column\">\n\t\t\t<div class=\"elementor-widget-wrap elementor-element-populated\">\n\t\t\t\t\t\t\t\t<div class=\"elementor-element elementor-element-a948e9a elementor-widget elementor-widget-text-editor\" data-id=\"a948e9a\" data-element_type=\"widget\" data-widget_type=\"text-editor.default\">\n\t\t\t\t<div class=\"elementor-widget-container\">\n\t\t\t\t\t\t\t<p><strong>Identifica\u00e7\u00e3o e Enquadramento:<\/strong><\/p><p><strong>C\u00f3digo do projeto:<\/strong>\u00a0POCI-02-0752-FEDER-038089<br \/><strong>Entidade Benefici\u00e1ria:<\/strong>\u00a0502280344, NERBA &#8211; Associa\u00e7\u00e3o Empresarial do Distrito de Bragan\u00e7a<br \/><strong>Aviso:<\/strong>\u00a028\/SI\/2017<br \/><strong>Designa\u00e7\u00e3o:<\/strong>\u00a0Projetos Conjuntos &#8211; Internacionaliza\u00e7\u00e3o<br \/><strong>Programa Operacional Competitividade e Internacionaliza\u00e7\u00e3o<\/strong><br \/><strong>Objetivo Tem\u00e1tico:<\/strong>\u00a0OT 3 &#8211; Refor\u00e7ar a competitividade das pequenas e m\u00e9dias empresas<br \/><strong>Prioridade de Investimento:<\/strong>\u00a0PI 3.2 &#8211; O desenvolvimento e aplica\u00e7\u00e3o de novos modelos empresariais para as PME, especialmente no que respeita \u00e0 internacionaliza\u00e7\u00e3o<br \/><strong>Tipologia de Interven\u00e7\u00e3o: TI 52<\/strong>\u00a0&#8211; Internacionaliza\u00e7\u00e3o das PME<br \/><strong>Fundo:\u00a0<\/strong>FEDER<\/p><p><strong>Data de aprova\u00e7\u00e3o:<\/strong>\u00a030-08-2018<br \/><strong>Data de in\u00edcio:<\/strong>\u00a001-10-2018<br \/><strong>Data de conclus\u00e3o:<\/strong> 31-10-2022<\/p><p><strong>Custo total eleg\u00edvel:<\/strong>\u20ac 568.235,29<br \/><strong>Apoio financeiro da Uni\u00e3o Europeia:<\/strong>\u00a0\u20ac 313.950,00<\/p><p><strong>Objetivos, atividades e resultados esperados\/atingidos<\/strong><br \/>O projeto de internacionaliza\u00e7\u00e3o visa apoiar e refor\u00e7ar a capacita\u00e7\u00e3o do tecido empresarial nacional para a internacionaliza\u00e7\u00e3o e prop\u00f5e-se a potenciar os processos de internacionaliza\u00e7\u00e3o do tecido empresarial portugu\u00eas, em particular da regi\u00e3o Norte e destina-se \u00e0s empresas do setor agroalimentar.<br \/>Este projeto conta com a participa\u00e7\u00e3o de 12 empresas.<br \/>Os mercados alvo no \u00e2mbito deste projeto s\u00e3o a Su\u00ed\u00e7a, B\u00e9lgica, Fran\u00e7a e Reino Unido, sendo que a escolha dos mesmos se deve essencialmente \u00e0s suas oportunidades e potencialidades, permitindo \u00e0s empresas portuguesas crescerem, refor\u00e7ando assim a sua posi\u00e7\u00e3o nos mercados externos.<\/p><p><strong>Os principais objetivos deste projeto s\u00e3o:<\/strong><\/p><ul><li>Capacita\u00e7\u00e3o das PME ao n\u00edvel da promo\u00e7\u00e3o para os mercados externos;<\/li><li>Promo\u00e7\u00e3o dos produtos nacionais nos mercados externos e refor\u00e7o da presen\u00e7a dos produtos nacionais em certames internacionais, atrav\u00e9s da participa\u00e7\u00e3o em miss\u00f5es empresariais e feiras internacionais;<\/li><li>Avalia\u00e7\u00e3o e dissemina\u00e7\u00e3o dos resultados e impacto do projeto<\/li><\/ul><table><tbody><tr><td>N.\u00ba<\/td><td>\u00a0\u00a0\u00a0\u00a0\u00a0\u00a0\u00a0<\/td><td>Tipo<\/td><td>\u00a0\u00a0\u00a0\u00a0\u00a0\u00a0\u00a0<\/td><td>Designa\u00e7\u00e3o<\/td><td>\u00a0\u00a0\u00a0\u00a0\u00a0\u00a0\u00a0<\/td><td>Empresas<\/td><td>\u00a0\u00a0\u00a0\u00a0\u00a0\u00a0<\/td><td>Indicador<\/td><\/tr><tr><td>1<\/td><td>\u00a0<\/td><td>Estudos e Projetos<\/td><td>\u00a0<\/td><td>Cria\u00e7\u00e3o\/Aquisi\u00e7\u00e3o de informa\u00e7\u00e3o setorial estrat\u00e9gica no \u00e2mbito dos mercados-alvo<\/td><td>\u00a0<\/td><td>12<\/td><td>\u00a0<\/td><td>&#8212;&#8212;&#8212;&#8212;-<\/td><\/tr><tr><td>2<\/td><td>\u00a0<\/td><td>Prospe\u00e7\u00e3o<\/td><td>\u00a0<\/td><td>Miss\u00e3o empresarial com Mostra produtos &#8211; Su\u00ed\u00e7a (Berna)<\/td><td>\u00a0<\/td><td>6<\/td><td>\u00a0<\/td><td>6 empresas<\/td><\/tr><tr><td>3<\/td><td>\u00a0<\/td><td>Prospe\u00e7\u00e3o<\/td><td>\u00a0<\/td><td>Miss\u00e3o empresarial com Mostra produtos &#8211; Su\u00ed\u00e7a (Berna)<\/td><td>\u00a0<\/td><td>6<\/td><td>\u00a0<\/td><td>6 empresas<\/td><\/tr><tr><td>4<\/td><td>\u00a0<\/td><td>Feiras<\/td><td>\u00a0<\/td><td>Participa\u00e7\u00e3o em Feira &#8211; Speciality &amp; Fine Food Fair (Reino Unido)<\/td><td>\u00a0<\/td><td>6<\/td><td>\u00a0<\/td><td>6 empresas<\/td><\/tr><tr><td>5<\/td><td>\u00a0<\/td><td>Feiras<\/td><td>\u00a0<\/td><td>Participa\u00e7\u00e3o em Feira &#8211; Gourmet Food &amp; Wine Selection (Fran\u00e7a)<\/td><td>\u00a0<\/td><td>6<\/td><td>\u00a0<\/td><td>6 empresas<\/td><\/tr><tr><td>6<\/td><td>\u00a0<\/td><td>Prospe\u00e7\u00e3o<\/td><td>\u00a0<\/td><td>Miss\u00e3o Inversa<\/td><td>\u00a0<\/td><td>12<\/td><td>\u00a0<\/td><td>N.\u00ba importadores envolvidos: 10<\/td><\/tr><tr><td>7<\/td><td>\u00a0<\/td><td>Prospe\u00e7\u00e3o<\/td><td>\u00a0<\/td><td>Rece\u00e7\u00e3o de Opinion Makers<\/td><td>\u00a0<\/td><td>\u00a0<\/td><td>\u00a0<\/td><td>N.\u00ba opinion makers envolvidos: 6<\/td><\/tr><tr><td>8<\/td><td>\u00a0<\/td><td>Promo\u00e7\u00e3o<\/td><td>\u00a0<\/td><td>A\u00e7\u00f5es de Comunica\u00e7\u00e3o, Marketing e Posicionamento nos mercados externos<\/td><td>\u00a0<\/td><td>12<\/td><td>\u00a0<\/td><td>&#8212;&#8212;&#8212;&#8212;-<\/td><\/tr><tr><td>9<\/td><td>\u00a0<\/td><td>Promo\u00e7\u00e3o<\/td><td>\u00a0<\/td><td>Dissemina\u00e7\u00e3o de resultados e avalia\u00e7\u00e3o de impacto do projeto<\/td><td>\u00a0<\/td><td>12<\/td><td>\u00a0<\/td><td>&#8212;&#8212;&#8212;&#8212;-<\/td><\/tr><tr><td>10<\/td><td>\u00a0<\/td><td>Promo\u00e7\u00e3o<\/td><td>\u00a0<\/td><td>Gest\u00e3o, Coordena\u00e7\u00e3o, Acompanhamento e Avalia\u00e7\u00e3o do Projeto<\/td><td>\u00a0<\/td><td>12<\/td><td>\u00a0<\/td><td>&#8212;&#8212;&#8212;&#8212;-<\/td><\/tr><\/tbody><\/table><p>Pode acompanhar as atividades do projeto na p\u00e1gina: <a href=\"https:\/\/www.facebook.com\/export.trasosmontes\/\" target=\"_blank\" rel=\"noopener\">https:\/\/www.facebook.com\/export.trasosmontes\/<\/a><\/p>\t\t\t\t\t\t<\/div>\n\t\t\t\t<\/div>\n\t\t\t\t<div class=\"elementor-element elementor-element-b124e23 elementor-widget elementor-widget-spacer\" data-id=\"b124e23\" data-element_type=\"widget\" data-widget_type=\"spacer.default\">\n\t\t\t\t<div class=\"elementor-widget-container\">\n\t\t\t\t\t<div class=\"elementor-spacer\">\n\t\t\t<div class=\"elementor-spacer-inner\"><\/div>\n\t\t<\/div>\n\t\t\t\t<\/div>\n\t\t\t\t<\/div>\n\t\t\t\t<div class=\"elementor-element elementor-element-7ba9e65 elementor-widget elementor-widget-spacer\" data-id=\"7ba9e65\" data-element_type=\"widget\" data-widget_type=\"spacer.default\">\n\t\t\t\t<div class=\"elementor-widget-container\">\n\t\t\t\t\t<div class=\"elementor-spacer\">\n\t\t\t<div class=\"elementor-spacer-inner\"><\/div>\n\t\t<\/div>\n\t\t\t\t<\/div>\n\t\t\t\t<\/div>\n\t\t\t\t\t<\/div>\n\t\t<\/div>\n\t\t\t\t\t\t\t<\/div>\n\t\t<\/section>\n\t\t\t\t<section class=\"elementor-section elementor-top-section elementor-element elementor-element-9536b96 elementor-section-boxed elementor-section-height-default elementor-section-height-default\" data-id=\"9536b96\" data-element_type=\"section\">\n\t\t\t\t\t\t<div class=\"elementor-container elementor-column-gap-default\">\n\t\t\t\t\t<div class=\"elementor-column elementor-col-50 elementor-top-column elementor-element elementor-element-764e6c9\" data-id=\"764e6c9\" data-element_type=\"column\">\n\t\t\t<div class=\"elementor-widget-wrap elementor-element-populated\">\n\t\t\t\t\t\t\t\t<div class=\"elementor-element elementor-element-675aef6 elementor-widget elementor-widget-image\" data-id=\"675aef6\" data-element_type=\"widget\" data-widget_type=\"image.default\">\n\t\t\t\t<div class=\"elementor-widget-container\">\n\t\t\t\t\t\t\t\t\t\t\t\t\t\t\t<img decoding=\"async\" width=\"1024\" height=\"768\" data-src=\"https:\/\/nerba.pt\/site\/wp-content\/uploads\/2019\/10\/Foto1.jpg\" class=\"attachment-large size-large wp-image-8604 lazyload\" alt=\"\" data-srcset=\"https:\/\/nerba.pt\/site\/wp-content\/uploads\/2019\/10\/Foto1.jpg 1024w, https:\/\/nerba.pt\/site\/wp-content\/uploads\/2019\/10\/Foto1-533x400.jpg 533w, https:\/\/nerba.pt\/site\/wp-content\/uploads\/2019\/10\/Foto1-768x576.jpg 768w, https:\/\/nerba.pt\/site\/wp-content\/uploads\/2019\/10\/Foto1-1000x750.jpg 1000w\" data-sizes=\"(max-width: 1024px) 100vw, 1024px\" src=\"data:image\/svg+xml;base64,PHN2ZyB3aWR0aD0iMSIgaGVpZ2h0PSIxIiB4bWxucz0iaHR0cDovL3d3dy53My5vcmcvMjAwMC9zdmciPjwvc3ZnPg==\" style=\"--smush-placeholder-width: 1024px; --smush-placeholder-aspect-ratio: 1024\/768;\" \/>\t\t\t\t\t\t\t\t\t\t\t\t\t\t\t<\/div>\n\t\t\t\t<\/div>\n\t\t\t\t<div class=\"elementor-element elementor-element-f483c8b elementor-widget elementor-widget-spacer\" data-id=\"f483c8b\" data-element_type=\"widget\" data-widget_type=\"spacer.default\">\n\t\t\t\t<div class=\"elementor-widget-container\">\n\t\t\t\t\t<div class=\"elementor-spacer\">\n\t\t\t<div class=\"elementor-spacer-inner\"><\/div>\n\t\t<\/div>\n\t\t\t\t<\/div>\n\t\t\t\t<\/div>\n\t\t\t\t<div class=\"elementor-element elementor-element-1bd0728 elementor-widget elementor-widget-text-editor\" data-id=\"1bd0728\" data-element_type=\"widget\" data-widget_type=\"text-editor.default\">\n\t\t\t\t<div class=\"elementor-widget-container\">\n\t\t\t\t\t\t\t<p>Participa\u00e7\u00e3o na Feira Speciality Fine Food Fair, Londres<\/p>\t\t\t\t\t\t<\/div>\n\t\t\t\t<\/div>\n\t\t\t\t\t<\/div>\n\t\t<\/div>\n\t\t\t\t<div class=\"elementor-column elementor-col-50 elementor-top-column elementor-element elementor-element-01402fc\" data-id=\"01402fc\" data-element_type=\"column\">\n\t\t\t<div class=\"elementor-widget-wrap elementor-element-populated\">\n\t\t\t\t\t\t\t\t<div class=\"elementor-element elementor-element-7ff43f1 elementor-widget elementor-widget-image\" data-id=\"7ff43f1\" data-element_type=\"widget\" data-widget_type=\"image.default\">\n\t\t\t\t<div class=\"elementor-widget-container\">\n\t\t\t\t\t\t\t\t\t\t\t\t\t\t\t<img decoding=\"async\" width=\"960\" height=\"720\" data-src=\"https:\/\/nerba.pt\/site\/wp-content\/uploads\/2022\/07\/Foto1-Suia.jpg\" class=\"attachment-large size-large wp-image-10019 lazyload\" alt=\"\" src=\"data:image\/svg+xml;base64,PHN2ZyB3aWR0aD0iMSIgaGVpZ2h0PSIxIiB4bWxucz0iaHR0cDovL3d3dy53My5vcmcvMjAwMC9zdmciPjwvc3ZnPg==\" style=\"--smush-placeholder-width: 960px; --smush-placeholder-aspect-ratio: 960\/720;\" \/>\t\t\t\t\t\t\t\t\t\t\t\t\t\t\t<\/div>\n\t\t\t\t<\/div>\n\t\t\t\t<div class=\"elementor-element elementor-element-6f6ed8f elementor-widget elementor-widget-spacer\" data-id=\"6f6ed8f\" data-element_type=\"widget\" data-widget_type=\"spacer.default\">\n\t\t\t\t<div class=\"elementor-widget-container\">\n\t\t\t\t\t<div class=\"elementor-spacer\">\n\t\t\t<div class=\"elementor-spacer-inner\"><\/div>\n\t\t<\/div>\n\t\t\t\t<\/div>\n\t\t\t\t<\/div>\n\t\t\t\t<div class=\"elementor-element elementor-element-b51ac26 elementor-widget elementor-widget-text-editor\" data-id=\"b51ac26\" data-element_type=\"widget\" data-widget_type=\"text-editor.default\">\n\t\t\t\t<div class=\"elementor-widget-container\">\n\t\t\t\t\t\t\t<p>Miss\u00e3o Empresarial \u00e0 Su\u00ed\u00e7a<\/p>\t\t\t\t\t\t<\/div>\n\t\t\t\t<\/div>\n\t\t\t\t\t<\/div>\n\t\t<\/div>\n\t\t\t\t\t\t\t<\/div>\n\t\t<\/section>\n\t\t\t\t<section class=\"elementor-section elementor-top-section elementor-element elementor-element-5030622 elementor-section-boxed elementor-section-height-default elementor-section-height-default\" data-id=\"5030622\" data-element_type=\"section\">\n\t\t\t\t\t\t<div class=\"elementor-container elementor-column-gap-default\">\n\t\t\t\t\t<div class=\"elementor-column elementor-col-100 elementor-top-column elementor-element elementor-element-c41dcff\" data-id=\"c41dcff\" data-element_type=\"column\">\n\t\t\t<div class=\"elementor-widget-wrap elementor-element-populated\">\n\t\t\t\t\t\t\t\t<div class=\"elementor-element elementor-element-f69eb61 elementor-widget elementor-widget-text-editor\" data-id=\"f69eb61\" data-element_type=\"widget\" data-widget_type=\"text-editor.default\">\n\t\t\t\t<div class=\"elementor-widget-container\">\n\t\t\t\t\t\t\t<p>Pode acompanhar as actividades do projecto na p\u00e1gina:\u00a0<a href=\"https:\/\/www.facebook.com\/export.trasosmontes\/\" target=\"_blank\" rel=\"noopener noreferrer\" data-auth=\"NotApplicable\">https:\/\/www.facebook.com\/export.trasosmontes\/<\/a>\u00a0e ainda no site\u00a0<a class=\"x_moz-txt-link-freetext\" href=\"https:\/\/exportpt.nerba.pt\/\" target=\"_blank\" rel=\"noopener noreferrer\" data-auth=\"NotApplicable\">https:\/\/exportpt.nerba.pt<\/a>.<\/p>\t\t\t\t\t\t<\/div>\n\t\t\t\t<\/div>\n\t\t\t\t\t<\/div>\n\t\t<\/div>\n\t\t\t\t\t\t\t<\/div>\n\t\t<\/section>\n\t\t\t\t<section class=\"elementor-section elementor-top-section elementor-element elementor-element-26b3983 elementor-section-boxed elementor-section-height-default elementor-section-height-default\" data-id=\"26b3983\" data-element_type=\"section\">\n\t\t\t\t\t\t<div class=\"elementor-container elementor-column-gap-default\">\n\t\t\t\t\t<div class=\"elementor-column elementor-col-100 elementor-top-column elementor-element elementor-element-0703f9b\" data-id=\"0703f9b\" data-element_type=\"column\">\n\t\t\t<div class=\"elementor-widget-wrap\">\n\t\t\t\t\t\t\t\t\t<\/div>\n\t\t<\/div>\n\t\t\t\t\t\t\t<\/div>\n\t\t<\/section>\n\t\t\t\t\t\t\t<\/div>\n\t\t","protected":false},"excerpt":{"rendered":"<p>Identifica\u00e7\u00e3o e Enquadramento: C\u00f3digo do projeto:\u00a0POCI-02-0752-FEDER-038089Entidade Benefici\u00e1ria:\u00a0502280344, NERBA &#8211; Associa\u00e7\u00e3o Empresarial do Distrito de Bragan\u00e7aAviso:\u00a028\/SI\/2017Designa\u00e7\u00e3o:\u00a0Projetos Conjuntos &#8211; Internacionaliza\u00e7\u00e3oPrograma Operacional Competitividade e Internacionaliza\u00e7\u00e3oObjetivo Tem\u00e1tico:\u00a0OT 3 &#8211; Refor\u00e7ar a competitividade das pequenas e m\u00e9dias empresasPrioridade de Investimento:\u00a0PI 3.2 &#8211; O desenvolvimento e aplica\u00e7\u00e3o de novos modelos empresariais para as PME, especialmente no que respeita \u00e0 internacionaliza\u00e7\u00e3oTipologia de&hellip;<\/p>\n","protected":false},"author":1,"featured_media":0,"parent":0,"menu_order":20,"comment_status":"closed","ping_status":"closed","template":"","meta":{"footnotes":""},"class_list":["post-10007","page","type-page","status-publish","hentry"],"_links":{"self":[{"href":"https:\/\/nerba.pt\/site\/wp-json\/wp\/v2\/pages\/10007","targetHints":{"allow":["GET"]}}],"collection":[{"href":"https:\/\/nerba.pt\/site\/wp-json\/wp\/v2\/pages"}],"about":[{"href":"https:\/\/nerba.pt\/site\/wp-json\/wp\/v2\/types\/page"}],"author":[{"embeddable":true,"href":"https:\/\/nerba.pt\/site\/wp-json\/wp\/v2\/users\/1"}],"replies":[{"embeddable":true,"href":"https:\/\/nerba.pt\/site\/wp-json\/wp\/v2\/comments?post=10007"}],"version-history":[{"count":6,"href":"https:\/\/nerba.pt\/site\/wp-json\/wp\/v2\/pages\/10007\/revisions"}],"predecessor-version":[{"id":16601,"href":"https:\/\/nerba.pt\/site\/wp-json\/wp\/v2\/pages\/10007\/revisions\/16601"}],"wp:attachment":[{"href":"https:\/\/nerba.pt\/site\/wp-json\/wp\/v2\/media?parent=10007"}],"curies":[{"name":"wp","href":"https:\/\/api.w.org\/{rel}","templated":true}]}}